{"id":690695,"date":"2025-08-27T13:53:17","date_gmt":"2025-08-27T10:53:17","guid":{"rendered":"https:\/\/roveyayinevi.com.tr\/index.php\/urun\/emdr-terapisi-teknikleri-ile-aci-anilari-silmek\/"},"modified":"2026-04-16T02:00:18","modified_gmt":"2026-04-15T23:00:18","slug":"emdr-terapisi-teknikleri-ile-aci-anilari-silmek","status":"publish","type":"product","link":"https:\/\/roveyayinevi.com.tr\/index.php\/urun\/emdr-terapisi-teknikleri-ile-aci-anilari-silmek\/","title":{"rendered":"Emdr Terapisi Teknikleri ile Ac\u0131 An\u0131lar\u0131 Silmek"},"content":{"rendered":"<p>Zaman b\u00fct\u00fcn yaralar\u0131 sarar m\u0131? Beyne hapsolmu\u015f ac\u0131 veren an\u0131lar\u0131n\u0131z\u0131n, harekete ge\u00e7irdi\u011fi olumsuz duygularla ba\u011flar\u0131 kesilmedik\u00e7e; hay\u0131r! Zamanla hi\u00e7bir yara sar\u0131lmad\u0131\u011f\u0131 gibi, &#8220;i\u015flenmemi\u015f an\u0131lar&#8221; bazen ruhsal dengesizliklere yol a\u00e7arak hayat\u0131m\u0131z\u0131n dizginlerini de ele ge\u00e7irebiliyor. Neden belirli ac\u0131lar\u0131 h\u0131zla atlat\u0131rken, di\u011ferlerini atlatamay\u0131z? Neden kimimiz ne\u015fe dolu, kimimiz durgun ve h\u00fcz\u00fcnl\u00fc g\u00f6r\u00fcn\u00fcr\u00fcz? Bu kitab\u0131n sayfalar\u0131 aras\u0131ndan \u00e7\u0131kacak ger\u00e7ek insanlar\u0131n ger\u00e7ek hik\u00e2yeleri ve ger\u00e7ek duygusal iyile\u015fme \u00f6yk\u00fclerinden biri sizin de bir an\u0131n\u0131z\u0131 canland\u0131rarak nedensiz ve \u00e7\u00f6z\u00fcms\u00fcz g\u00f6r\u00fcnen korku, endi\u015fe, madde ba\u011f\u0131ml\u0131l\u0131\u011f\u0131, duygusal ili\u015fki kuramama, ebeveynlerle ileti\u015fim gibi sorunlar\u0131n\u0131za \u0131\u015f\u0131k tutabilir. Emdr (G\u00f6z Hareketleriyle Duyars\u0131zla\u015ft\u0131rma ve Yeniden \u0130\u015fleme); ge\u00e7erlili\u011fi ve iyile\u015ftirme g\u00fcc\u00fc bilim insanlar\u0131nca kabul edilmi\u015f, T\u00fcrkiye\u2019deki 1999 depremi ma\u011fdurlar\u0131 d\u00e2hil, d\u00fcnyada milyonlarca insan\u0131n yarar g\u00f6rd\u00fc\u011f\u00fc bir terapi y\u00f6ntemi. Y\u00f6ntemin yarat\u0131c\u0131s\u0131 Dr. Francine Shapiro, bu kitapta, herkese g\u00f6re pratik uygulamalarla mutluluk ve co\u015fku gibi duygulara set \u00e7eken engelleri a\u015fmaya dair teknikler sunuyor. Bu teknikleri kullanarak, ya\u015fam\u0131n\u0131z\u0131n dizginlerini yeniden ele ge\u00e7irip ge\u00e7mi\u015fin ac\u0131 an\u0131lar\u0131ndan \u00f6zg\u00fcrle\u015febilirsiniz. Duygusal engeller ve k\u00f6t\u00fc ili\u015fki se\u00e7imleri sizi esir mi ald\u0131? Sorun i\u015flenmemi\u015f an\u0131lar, \u00e7\u00f6z\u00fcm ise Emdr olabilir. Emdr milyonlarca insana \u00f6zg\u00fcrl\u00fc\u011f\u00fcn\u00fc geri kazanmas\u0131nda yard\u0131mc\u0131 olmu\u015f g\u00fc\u00e7l\u00fc, bilimselli\u011fi do\u011frulanm\u0131\u015f bir s\u00fcre\u00e7tir. Francine Shapiro pratik y\u00f6ntemlerini ilk kez bu kitapla herkesin eri\u015fimine sunuyor. -Dr. Jeffry K. Zeig-, Milton Erickson Vakf\u0131 Direkt\u00f6r\u00fc \ufffcTan\u0131t\u0131m Metni<\/p>\n","protected":false},"excerpt":{"rendered":"<p>Zaman b\u00fct\u00fcn yaralar\u0131 sarar m\u0131? Beyne hapsolmu\u015f ac\u0131 veren an\u0131lar\u0131n\u0131z\u0131n, harekete ge\u00e7irdi\u011fi olumsuz duygularla ba\u011flar\u0131 kesilmedik\u00e7e; hay\u0131r! Zamanla hi\u00e7bir yara sar\u0131lmad\u0131\u011f\u0131 gibi, &#8220;i\u015flenmemi\u015f an\u0131lar&#8221; bazen ruhsal<span class=\"excerpt-hellip\"> [\u2026]<\/span><\/p>\n","protected":false},"featured_media":0,"template":"","meta":{"_monsterinsights_skip_tracking":false,"_monsterinsights_sitenote_active":false,"_monsterinsights_sitenote_note":"","_monsterinsights_sitenote_category":0},"product_brand":[],"product_cat":[12358,12357],"product_tag":[],"class_list":{"0":"post-690695","1":"product","2":"type-product","3":"status-publish","5":"product_cat-genel-psikoloji","6":"product_cat-psikoloji","7":"pa_cilt-ciltsiz","8":"pa_tur-kitap","9":"pa_yayinevi-kuraldisi-yayinevi","10":"pa_yazar-francine-shapiro","12":"first","13":"instock","14":"sale","15":"shipping-taxable","16":"purchasable","17":"product-type-simple"},"_links":{"self":[{"href":"https:\/\/roveyayinevi.com.tr\/index.php\/wp-json\/wp\/v2\/product\/690695","targetHints":{"allow":["GET"]}}],"collection":[{"href":"https:\/\/roveyayinevi.com.tr\/index.php\/wp-json\/wp\/v2\/product"}],"about":[{"href":"https:\/\/roveyayinevi.com.tr\/index.php\/wp-json\/wp\/v2\/types\/product"}],"wp:attachment":[{"href":"https:\/\/roveyayinevi.com.tr\/index.php\/wp-json\/wp\/v2\/media?parent=690695"}],"wp:term":[{"taxonomy":"product_brand","embeddable":true,"href":"https:\/\/roveyayinevi.com.tr\/index.php\/wp-json\/wp\/v2\/product_brand?post=690695"},{"taxonomy":"product_cat","embeddable":true,"href":"https:\/\/roveyayinevi.com.tr\/index.php\/wp-json\/wp\/v2\/product_cat?post=690695"},{"taxonomy":"product_tag","embeddable":true,"href":"https:\/\/roveyayinevi.com.tr\/index.php\/wp-json\/wp\/v2\/product_tag?post=690695"}],"curies":[{"name":"wp","href":"https:\/\/api.w.org\/{rel}","templated":true}]}}