{"id":690694,"date":"2025-08-27T13:53:17","date_gmt":"2025-08-27T10:53:17","guid":{"rendered":"https:\/\/roveyayinevi.com.tr\/index.php\/urun\/tekelci-finans-sermayesi\/"},"modified":"2026-04-16T02:00:18","modified_gmt":"2026-04-15T23:00:18","slug":"tekelci-finans-sermayesi","status":"publish","type":"product","link":"https:\/\/roveyayinevi.com.tr\/index.php\/urun\/tekelci-finans-sermayesi\/","title":{"rendered":"Tekelci Finans Sermayesi"},"content":{"rendered":"<p>Giderek artan oranlarda, sistemin merkezinde birikimin finansalla\u015fmas\u0131, neoliberal politikalarla da g\u00fc\u00e7lenerek k\u00fcresel bir   \u015fok terapi   rejimi yaratm\u0131\u015ft\u0131r. Keynes\u2019in   rant\u00e7\u0131n\u0131n \u00f6tenazisi   kavram\u0131n\u0131n aksine, neredeyse toplumdaki ve do\u011fadaki her \u015feyin \u00f6tenazisi tehdidiyle kar\u015f\u0131 kar\u015f\u0131yay\u0131z. Bunun sonu\u00e7lar\u0131, Naomi Klein\u2019\u0131n \u015eok Doktrini kitab\u0131nda belirtti\u011fi gibi, neoliberal d\u00f6nemle ili\u015fkili altta yatan finansalla\u015fm\u0131\u015f birikimi fazlas\u0131yla a\u015farak,   afet kapitalizmi   olarak adland\u0131r\u0131labilecek bir dizi \u00e7ok kapsaml\u0131 etkilere yol a\u00e7acakt\u0131r -artmakta olan toplumsal ve iktisadi e\u015fitsizlikler, derinle\u015fen istikrars\u0131zl\u0131k, ordu ve sava\u015f harcamalar\u0131n\u0131n art\u0131\u015f\u0131, gezegen boyutunda durdurulamaz \u00e7evresel y\u0131k\u0131m. <\/p>\n","protected":false},"excerpt":{"rendered":"<p>Giderek artan oranlarda, sistemin merkezinde birikimin finansalla\u015fmas\u0131, neoliberal politikalarla da g\u00fc\u00e7lenerek k\u00fcresel bir \u015fok terapi rejimi yaratm\u0131\u015ft\u0131r. Keynes\u2019in rant\u00e7\u0131n\u0131n \u00f6tenazisi kavram\u0131n\u0131n aksine, neredeyse toplumdaki ve do\u011fadaki<span class=\"excerpt-hellip\"> [\u2026]<\/span><\/p>\n","protected":false},"featured_media":0,"template":"","meta":{"_monsterinsights_skip_tracking":false,"_monsterinsights_sitenote_active":false,"_monsterinsights_sitenote_note":"","_monsterinsights_sitenote_category":0},"product_brand":[],"product_cat":[17249,13043],"product_tag":[],"class_list":{"0":"post-690694","1":"product","2":"type-product","3":"status-publish","5":"product_cat-borsa-finans","6":"product_cat-ekonomi","7":"pa_tur-kitap","8":"pa_yayinevi-kalkedon-yayincilik","9":"pa_yazar-john-bellamy-foster","11":"first","12":"instock","13":"sale","14":"shipping-taxable","15":"purchasable","16":"product-type-simple"},"_links":{"self":[{"href":"https:\/\/roveyayinevi.com.tr\/index.php\/wp-json\/wp\/v2\/product\/690694","targetHints":{"allow":["GET"]}}],"collection":[{"href":"https:\/\/roveyayinevi.com.tr\/index.php\/wp-json\/wp\/v2\/product"}],"about":[{"href":"https:\/\/roveyayinevi.com.tr\/index.php\/wp-json\/wp\/v2\/types\/product"}],"wp:attachment":[{"href":"https:\/\/roveyayinevi.com.tr\/index.php\/wp-json\/wp\/v2\/media?parent=690694"}],"wp:term":[{"taxonomy":"product_brand","embeddable":true,"href":"https:\/\/roveyayinevi.com.tr\/index.php\/wp-json\/wp\/v2\/product_brand?post=690694"},{"taxonomy":"product_cat","embeddable":true,"href":"https:\/\/roveyayinevi.com.tr\/index.php\/wp-json\/wp\/v2\/product_cat?post=690694"},{"taxonomy":"product_tag","embeddable":true,"href":"https:\/\/roveyayinevi.com.tr\/index.php\/wp-json\/wp\/v2\/product_tag?post=690694"}],"curies":[{"name":"wp","href":"https:\/\/api.w.org\/{rel}","templated":true}]}}