{"id":690691,"date":"2025-08-27T13:53:16","date_gmt":"2025-08-27T10:53:16","guid":{"rendered":"https:\/\/roveyayinevi.com.tr\/index.php\/urun\/olumlu-sinif-yonetimi\/"},"modified":"2026-04-16T02:00:18","modified_gmt":"2026-04-15T23:00:18","slug":"olumlu-sinif-yonetimi","status":"publish","type":"product","link":"https:\/\/roveyayinevi.com.tr\/index.php\/urun\/olumlu-sinif-yonetimi\/","title":{"rendered":"Olumlu S\u0131n\u0131f Y\u00f6netimi"},"content":{"rendered":"<p>Bu kitapta problemli davran\u0131\u015flar\u0131n s\u0131n\u0131fta olmas\u0131n\u0131 \u00f6nleme ve \u00f6\u011frencilerin \u00f6\u011frenme ya\u015fant\u0131lar\u0131na kat\u0131lmalar\u0131n\u0131 sa\u011flayacak \u015fekilde davran\u0131\u015f de\u011fi\u015ftirme i\u015flem s\u00fcre\u00e7leri betimlenmi\u015ftir. \u00f6\u011frenme ya\u015fant\u0131lar\u0131na kat\u0131lmay\u0131 gerektiren becerileri \u00f6\u011frencilere kazand\u0131rarak \u00f6\u011frenme ya\u015fant\u0131lar\u0131na kat\u0131lmay\u0131 engelleyen davran\u0131\u015flar\u0131 \u00f6nleme ama\u00e7lanmaktad\u0131r. \ufffcTan\u0131t\u0131m Metni<\/p>\n","protected":false},"excerpt":{"rendered":"<p>Bu kitapta problemli davran\u0131\u015flar\u0131n s\u0131n\u0131fta olmas\u0131n\u0131 \u00f6nleme ve \u00f6\u011frencilerin \u00f6\u011frenme ya\u015fant\u0131lar\u0131na kat\u0131lmalar\u0131n\u0131 sa\u011flayacak \u015fekilde davran\u0131\u015f de\u011fi\u015ftirme i\u015flem s\u00fcre\u00e7leri betimlenmi\u015ftir. \u00f6\u011frenme ya\u015fant\u0131lar\u0131na kat\u0131lmay\u0131 gerektiren becerileri \u00f6\u011frencilere kazand\u0131rarak<span class=\"excerpt-hellip\"> [\u2026]<\/span><\/p>\n","protected":false},"featured_media":0,"template":"","meta":{"_monsterinsights_skip_tracking":false,"_monsterinsights_sitenote_active":false,"_monsterinsights_sitenote_note":"","_monsterinsights_sitenote_category":0},"product_brand":[],"product_cat":[12573,12566],"product_tag":[],"class_list":{"0":"post-690691","1":"product","2":"type-product","3":"status-publish","5":"product_cat-akademik-kitaplar","6":"product_cat-egitim","7":"pa_cilt-ciltsiz","8":"pa_tur-kitap","9":"pa_yayinevi-kok-yayinevi","10":"pa_yazar-mehmet-ozyurek","12":"first","13":"instock","14":"sale","15":"shipping-taxable","16":"purchasable","17":"product-type-simple"},"_links":{"self":[{"href":"https:\/\/roveyayinevi.com.tr\/index.php\/wp-json\/wp\/v2\/product\/690691","targetHints":{"allow":["GET"]}}],"collection":[{"href":"https:\/\/roveyayinevi.com.tr\/index.php\/wp-json\/wp\/v2\/product"}],"about":[{"href":"https:\/\/roveyayinevi.com.tr\/index.php\/wp-json\/wp\/v2\/types\/product"}],"wp:attachment":[{"href":"https:\/\/roveyayinevi.com.tr\/index.php\/wp-json\/wp\/v2\/media?parent=690691"}],"wp:term":[{"taxonomy":"product_brand","embeddable":true,"href":"https:\/\/roveyayinevi.com.tr\/index.php\/wp-json\/wp\/v2\/product_brand?post=690691"},{"taxonomy":"product_cat","embeddable":true,"href":"https:\/\/roveyayinevi.com.tr\/index.php\/wp-json\/wp\/v2\/product_cat?post=690691"},{"taxonomy":"product_tag","embeddable":true,"href":"https:\/\/roveyayinevi.com.tr\/index.php\/wp-json\/wp\/v2\/product_tag?post=690691"}],"curies":[{"name":"wp","href":"https:\/\/api.w.org\/{rel}","templated":true}]}}