{"id":690685,"date":"2025-08-27T13:53:15","date_gmt":"2025-08-27T10:53:15","guid":{"rendered":"https:\/\/roveyayinevi.com.tr\/index.php\/urun\/denemedigim-yol-kalmadi\/"},"modified":"2026-04-16T02:00:17","modified_gmt":"2026-04-15T23:00:17","slug":"denemedigim-yol-kalmadi","status":"publish","type":"product","link":"https:\/\/roveyayinevi.com.tr\/index.php\/urun\/denemedigim-yol-kalmadi\/","title":{"rendered":"Denemedi\u011fim Yol Kalmad\u0131"},"content":{"rendered":"<p>\u00c7ocu\u011funuz yapma dedi\u011finiz \u015feyi g\u00f6z\u00fcn\u00fcz\u00fcn i\u00e7ine baka baka yap\u0131yor mu? Yeme\u011fini yemiyor ve yeme\u011fiyle oynuyor mu? Al\u0131\u015fveri\u015fe \u00e7\u0131kt\u0131\u011f\u0131n\u0131zda \u0130sterim i\u015fte diye tutturuyor mu? Hi\u00e7 durmadan sordu\u011fu sorularla sizi bunalt\u0131yor mu? Yalan s\u00f6yl\u00fcyor mu? Ya da ba\u015fkalar\u0131n\u0131n yan\u0131nda uslu dururken sizin yan\u0131n\u0131zda az\u0131t\u0131yor mu? \u00c7ocu\u011funuzun bu t\u00fcr can s\u0131k\u0131c\u0131 davran\u0131\u015flar\u0131 asl\u0131nda hi\u00e7 tahmin etmedi\u011finiz nedenlerden kaynaklan\u0131yor olabilir. Bu kitap var g\u00fcc\u00fcn\u00fczle itti\u011finiz halde a\u00e7amad\u0131\u011f\u0131n\u0131z kap\u0131lar\u0131 belki de sadece \u00e7ekerek, kolayca a\u00e7abilece\u011finizi g\u00f6steriyor. \ufffcTan\u0131t\u0131m Metni<\/p>\n","protected":false},"excerpt":{"rendered":"<p>\u00c7ocu\u011funuz yapma dedi\u011finiz \u015feyi g\u00f6z\u00fcn\u00fcz\u00fcn i\u00e7ine baka baka yap\u0131yor mu? Yeme\u011fini yemiyor ve yeme\u011fiyle oynuyor mu? Al\u0131\u015fveri\u015fe \u00e7\u0131kt\u0131\u011f\u0131n\u0131zda \u0130sterim i\u015fte diye tutturuyor mu? Hi\u00e7 durmadan sordu\u011fu<span class=\"excerpt-hellip\"> [\u2026]<\/span><\/p>\n","protected":false},"featured_media":0,"template":"","meta":{"_monsterinsights_skip_tracking":false,"_monsterinsights_sitenote_active":false,"_monsterinsights_sitenote_note":"","_monsterinsights_sitenote_category":0},"product_brand":[],"product_cat":[12831,12324],"product_tag":[],"class_list":{"0":"post-690685","1":"product","2":"type-product","3":"status-publish","5":"product_cat-aile-ve-cocuk","6":"product_cat-sosyoloji","7":"pa_cilt-ciltsiz","8":"pa_tur-kitap","9":"pa_yayinevi-kuraldisi-yayinevi","10":"pa_yazar-isabelle-filliozat","12":"first","13":"instock","14":"sale","15":"shipping-taxable","16":"purchasable","17":"product-type-simple"},"_links":{"self":[{"href":"https:\/\/roveyayinevi.com.tr\/index.php\/wp-json\/wp\/v2\/product\/690685","targetHints":{"allow":["GET"]}}],"collection":[{"href":"https:\/\/roveyayinevi.com.tr\/index.php\/wp-json\/wp\/v2\/product"}],"about":[{"href":"https:\/\/roveyayinevi.com.tr\/index.php\/wp-json\/wp\/v2\/types\/product"}],"wp:attachment":[{"href":"https:\/\/roveyayinevi.com.tr\/index.php\/wp-json\/wp\/v2\/media?parent=690685"}],"wp:term":[{"taxonomy":"product_brand","embeddable":true,"href":"https:\/\/roveyayinevi.com.tr\/index.php\/wp-json\/wp\/v2\/product_brand?post=690685"},{"taxonomy":"product_cat","embeddable":true,"href":"https:\/\/roveyayinevi.com.tr\/index.php\/wp-json\/wp\/v2\/product_cat?post=690685"},{"taxonomy":"product_tag","embeddable":true,"href":"https:\/\/roveyayinevi.com.tr\/index.php\/wp-json\/wp\/v2\/product_tag?post=690685"}],"curies":[{"name":"wp","href":"https:\/\/api.w.org\/{rel}","templated":true}]}}