{"id":690681,"date":"2025-08-27T13:53:14","date_gmt":"2025-08-27T10:53:14","guid":{"rendered":"https:\/\/roveyayinevi.com.tr\/index.php\/urun\/derebeyi-ve-dersim\/"},"modified":"2026-04-16T02:00:17","modified_gmt":"2026-04-15T23:00:17","slug":"derebeyi-ve-dersim","status":"publish","type":"product","link":"https:\/\/roveyayinevi.com.tr\/index.php\/urun\/derebeyi-ve-dersim\/","title":{"rendered":"Derebeyi ve Dersim"},"content":{"rendered":"<p>Na\u015fit Hakk\u0131 Ulu\u011f\u2019un Derebeyi ve Dersim\u2019i yazd\u0131\u011f\u0131\/yay\u0131mlad\u0131\u011f\u0131 s\u0131rada, Dersim \u0130syan\u0131\u2019n\u0131n eli kula\u011f\u0131ndad\u0131r. Ayr\u0131ca, geride \u015eeyh Sait ve A\u011fr\u0131 \u0130syanlar\u0131n\u0131n dersleri vard\u0131r. Ulu\u011f, Cumhuriyet\u2019in, Yunus Nadi, Falih R\u0131fk\u0131 ekol\u00fcnden olan gazeteci ideolog ve s\u00f6zc\u00fclerindendir. Dersim ve Derbeyi\u2019nde, feodalizme kar\u015f\u0131 tutum ve k\u00f6yl\u00fcy\u00fc \u00f6zg\u00fcrle\u015ftirme konusunda gen\u00e7 Cumhuriyet\u2019in hem hen\u00fcz duman\u0131 t\u00fcten ate\u015fli bak\u0131\u015f a\u00e7\u0131s\u0131 vard\u0131r, hem de olay\u0131 bir asayi\u015f boyutuna indirgemenin temelleri vard\u0131r. Cumhuriyet\u2019in G\u00f6z\u00fcyle K\u00fcrt Meselesi dizimizin d\u00f6rd\u00fcnc\u00fc kitab\u0131 olan Derebeyi ve Dersim, ancak sosyolojik ara\u015ft\u0131rmalarda ve romanlarda rastlanabilecek somutluk, canl\u0131l\u0131k ve ayr\u0131nt\u0131da a\u011fal\u0131k-a\u015firet reisli\u011fi-\u015feyhlik-seyitlik tasvirleri ile dolu bir \u00e7al\u0131\u015fma. Ayr\u0131ca, Cumhuriyet\u2019in hem k\u00f6yl\u00fc ve feodal kal\u0131nt\u0131lar sorununa, hem de K\u00fcrt sorununa 1930\u2019lardaki bak\u0131\u015f\u0131n\u0131 net bir \u015fekilde, b\u00fct\u00fcn olumluluklar\u0131 ve olumsuzluklar\u0131yla birlikte yans\u0131tan bir kitap. Bu y\u00f6nleriyle, g\u00fcn\u00fcm\u00fcz\u00fcn K\u00fcrt siyasetleri bak\u0131m\u0131ndan \u00e7ok de\u011ferli derslerle dolu. Derebeyi ve Dersim, Cumhuriyet\u2019in k\u00f6yl\u00fc, feodal kal\u0131nt\u0131lar ve K\u00fcrt sorunu konusundaki siyasetini ve prati\u011fini incelemek isteyen ara\u015ft\u0131rmac\u0131lar i\u00e7in, \u00e7ok de\u011ferli bir kaynak. <\/p>\n","protected":false},"excerpt":{"rendered":"<p>Na\u015fit Hakk\u0131 Ulu\u011f\u2019un Derebeyi ve Dersim\u2019i yazd\u0131\u011f\u0131\/yay\u0131mlad\u0131\u011f\u0131 s\u0131rada, Dersim \u0130syan\u0131\u2019n\u0131n eli kula\u011f\u0131ndad\u0131r. Ayr\u0131ca, geride \u015eeyh Sait ve A\u011fr\u0131 \u0130syanlar\u0131n\u0131n dersleri vard\u0131r. Ulu\u011f, Cumhuriyet\u2019in, Yunus Nadi, Falih<span class=\"excerpt-hellip\"> [\u2026]<\/span><\/p>\n","protected":false},"featured_media":0,"template":"","meta":{"_monsterinsights_skip_tracking":false,"_monsterinsights_sitenote_active":false,"_monsterinsights_sitenote_note":"","_monsterinsights_sitenote_category":0},"product_brand":[],"product_cat":[12370,12304],"product_tag":[],"class_list":{"0":"post-690681","1":"product","2":"type-product","3":"status-publish","5":"product_cat-arastirma-inceleme","6":"product_cat-tarih","7":"pa_tur-kitap","8":"pa_yayinevi-kaynak-yayinlari","9":"pa_yazar-nasit-hakki-ulug","11":"first","12":"instock","13":"sale","14":"shipping-taxable","15":"purchasable","16":"product-type-simple"},"_links":{"self":[{"href":"https:\/\/roveyayinevi.com.tr\/index.php\/wp-json\/wp\/v2\/product\/690681","targetHints":{"allow":["GET"]}}],"collection":[{"href":"https:\/\/roveyayinevi.com.tr\/index.php\/wp-json\/wp\/v2\/product"}],"about":[{"href":"https:\/\/roveyayinevi.com.tr\/index.php\/wp-json\/wp\/v2\/types\/product"}],"wp:attachment":[{"href":"https:\/\/roveyayinevi.com.tr\/index.php\/wp-json\/wp\/v2\/media?parent=690681"}],"wp:term":[{"taxonomy":"product_brand","embeddable":true,"href":"https:\/\/roveyayinevi.com.tr\/index.php\/wp-json\/wp\/v2\/product_brand?post=690681"},{"taxonomy":"product_cat","embeddable":true,"href":"https:\/\/roveyayinevi.com.tr\/index.php\/wp-json\/wp\/v2\/product_cat?post=690681"},{"taxonomy":"product_tag","embeddable":true,"href":"https:\/\/roveyayinevi.com.tr\/index.php\/wp-json\/wp\/v2\/product_tag?post=690681"}],"curies":[{"name":"wp","href":"https:\/\/api.w.org\/{rel}","templated":true}]}}