{"id":690678,"date":"2025-08-27T13:53:14","date_gmt":"2025-08-27T10:53:14","guid":{"rendered":"https:\/\/roveyayinevi.com.tr\/index.php\/urun\/uluslararasi-iliskiler-teorileri\/"},"modified":"2026-04-16T02:00:17","modified_gmt":"2026-04-15T23:00:17","slug":"uluslararasi-iliskiler-teorileri","status":"publish","type":"product","link":"https:\/\/roveyayinevi.com.tr\/index.php\/urun\/uluslararasi-iliskiler-teorileri\/","title":{"rendered":"Uluslararas\u0131 \u0130li\u015fkiler Teorileri"},"content":{"rendered":"<p>Bu ba\u015far\u0131l\u0131 ve pop\u00fcler ders kitab\u0131, uluslararas\u0131 ili\u015fkiler \u00e7al\u0131\u015fma alan\u0131ndaki belli ba\u015fl\u0131 teorik yakla\u015f\u0131mlara sistematik ve kapsaml\u0131 bir giri\u015f niteli\u011findedir. D\u00fcnyan\u0131n farkl\u0131 \u00fclkelerinden \u00f6nc\u00fc akademisyenler taraf\u0131ndan yaz\u0131lan b\u00f6l\u00fcmler, realizmden liberalizm, feminizm ve post-yap\u0131salc\u0131l\u0131\u011fa disiplindeki kilit teorilerin ayr\u0131nt\u0131l\u0131 ve ele\u015ftirel tart\u0131\u015fmalar\u0131n\u0131 sunmaktad\u0131r. Bu konu ba\u015fl\u0131klar\u0131, d\u00fcnya siyaseti \u00e7al\u0131\u015fmalar\u0131nda teorinin \u00f6nemini ele alan bir giri\u015f b\u00f6l\u00fcm\u00fc ile belirli bir ba\u011flama oturtulmaktad\u0131r. \ufffcTan\u0131t\u0131m Metni<\/p>\n","protected":false},"excerpt":{"rendered":"<p>Bu ba\u015far\u0131l\u0131 ve pop\u00fcler ders kitab\u0131, uluslararas\u0131 ili\u015fkiler \u00e7al\u0131\u015fma alan\u0131ndaki belli ba\u015fl\u0131 teorik yakla\u015f\u0131mlara sistematik ve kapsaml\u0131 bir giri\u015f niteli\u011findedir. D\u00fcnyan\u0131n farkl\u0131 \u00fclkelerinden \u00f6nc\u00fc akademisyenler taraf\u0131ndan<span class=\"excerpt-hellip\"> [\u2026]<\/span><\/p>\n","protected":false},"featured_media":0,"template":"","meta":{"_monsterinsights_skip_tracking":false,"_monsterinsights_sitenote_active":false,"_monsterinsights_sitenote_note":"","_monsterinsights_sitenote_category":0},"product_brand":[],"product_cat":[12338,12337],"product_tag":[],"class_list":{"0":"post-690678","1":"product","2":"type-product","3":"status-publish","5":"product_cat-dunya-siyaseti-ve-politikasi","6":"product_cat-politika-siyaset","7":"pa_tur-kitap","8":"pa_yayinevi-kure-yayinlari","9":"pa_yazar-kolektif","11":"first","12":"instock","13":"sale","14":"shipping-taxable","15":"purchasable","16":"product-type-simple"},"_links":{"self":[{"href":"https:\/\/roveyayinevi.com.tr\/index.php\/wp-json\/wp\/v2\/product\/690678","targetHints":{"allow":["GET"]}}],"collection":[{"href":"https:\/\/roveyayinevi.com.tr\/index.php\/wp-json\/wp\/v2\/product"}],"about":[{"href":"https:\/\/roveyayinevi.com.tr\/index.php\/wp-json\/wp\/v2\/types\/product"}],"wp:attachment":[{"href":"https:\/\/roveyayinevi.com.tr\/index.php\/wp-json\/wp\/v2\/media?parent=690678"}],"wp:term":[{"taxonomy":"product_brand","embeddable":true,"href":"https:\/\/roveyayinevi.com.tr\/index.php\/wp-json\/wp\/v2\/product_brand?post=690678"},{"taxonomy":"product_cat","embeddable":true,"href":"https:\/\/roveyayinevi.com.tr\/index.php\/wp-json\/wp\/v2\/product_cat?post=690678"},{"taxonomy":"product_tag","embeddable":true,"href":"https:\/\/roveyayinevi.com.tr\/index.php\/wp-json\/wp\/v2\/product_tag?post=690678"}],"curies":[{"name":"wp","href":"https:\/\/api.w.org\/{rel}","templated":true}]}}