{"id":690676,"date":"2025-08-27T13:53:13","date_gmt":"2025-08-27T10:53:13","guid":{"rendered":"https:\/\/roveyayinevi.com.tr\/index.php\/urun\/avrupa-edebiyati-tarihi-ve-kulturunde-hurrem-sultan\/"},"modified":"2026-04-16T02:00:17","modified_gmt":"2026-04-15T23:00:17","slug":"avrupa-edebiyati-tarihi-ve-kulturunde-hurrem-sultan","status":"publish","type":"product","link":"https:\/\/roveyayinevi.com.tr\/index.php\/urun\/avrupa-edebiyati-tarihi-ve-kulturunde-hurrem-sultan\/","title":{"rendered":"Avrupa Edebiyat\u0131, Tarihi ve K\u00fclt\u00fcr\u00fcnde H\u00fcrrem Sultan"},"content":{"rendered":"<p>Elinizdeki derleme, T\u00fcrkiye\u2019de de \u00e7e\u015fitli tart\u0131\u015fmalar\u0131n konusu olan H\u00fcrrem Sultan\u2019\u0131n (yakla\u015f\u0131k 1505-1558) Avrupa imgelemindeki temsillerini ele alan ilk akademik kitapt\u0131r. H\u00fcrrem Sultan, on alt\u0131nc\u0131 y\u00fczy\u0131lda daha \u00f6nce g\u00f6r\u00fclmemi\u015f bir \u015fekilde k\u00f6lelikten cariyeli\u011fe, sonra da Kanuni Sultan S\u00fcleyman\u2019\u0131n e\u015fli\u011fine ve dan\u0131\u015fmanl\u0131\u011f\u0131na y\u00fckseldi; Osmanl\u0131 \u0130mparatorlu\u011fu\u2019ndaki yeri pek \u00e7ok Avrupa \u00fclkesinde efsane oldu. Bu kitaptaki makaleler H\u00fcrrem Sultan miras\u0131n\u0131n, \u0130ngiltere, \u0130talya, Fransa, \u0130spanya, Almanya, T\u00fcrkiye, Polonya ve Ukrayna\u2019dan al\u0131nan vakayinamelerden gezi yaz\u0131lar\u0131na, tarihi romanlardan tiyatro oyunlar\u0131na kadar \u00e7e\u015fitli kaynaklara bak\u0131larak yap\u0131lan disiplinleraras\u0131 bir incelemesidir. Kitapta, H\u00fcrrem Sultan\u2019\u0131n \u201ctarihsel bir fig\u00fcr olmaktan ziyade \u00e7e\u015fitli k\u00fclt\u00fcrel fantezilerin ve in\u015falar\u0131n bir kar\u0131\u015f\u0131m\u0131 ve alan\u0131\u201d olu\u015fu, uluslara\u015f\u0131r\u0131 bir fig\u00fcr olarak \u00d6teki\u2019ne kar\u015f\u0131 de\u011fi\u015fken Avrupa tavr\u0131n\u0131 yans\u0131t\u0131\u015f\u0131, Bat\u0131 ve Do\u011fu Avrupa\u2019daki temsilleri gibi konular ele al\u0131n\u0131yor. Kitap, erken modern d\u00f6nemde uluslara\u015f\u0131r\u0131l\u0131k, k\u00fclt\u00fcrleraras\u0131 de\u011fi\u015fim, kimlik ve Benlik\/\u00d6teki kavramlar\u0131na dair \u00e7al\u0131\u015fmalara \u00f6nemli bir katk\u0131 sunuyor.Kitapta makalelere ek olarak, Avrupa edebiyat\u0131ndan, H\u00fcrrem Sultan\u2019\u0131n i\u015flendi\u011fi alt\u0131 eserden par\u00e7alar\u0131n T\u00fcrk\u00e7eye \u00e7evirileri de yer al\u0131yor. <\/p>\n","protected":false},"excerpt":{"rendered":"<p>Elinizdeki derleme, T\u00fcrkiye\u2019de de \u00e7e\u015fitli tart\u0131\u015fmalar\u0131n konusu olan H\u00fcrrem Sultan\u2019\u0131n (yakla\u015f\u0131k 1505-1558) Avrupa imgelemindeki temsillerini ele alan ilk akademik kitapt\u0131r. H\u00fcrrem Sultan, on alt\u0131nc\u0131 y\u00fczy\u0131lda daha<span class=\"excerpt-hellip\"> [\u2026]<\/span><\/p>\n","protected":false},"featured_media":0,"template":"","meta":{"_monsterinsights_skip_tracking":false,"_monsterinsights_sitenote_active":false,"_monsterinsights_sitenote_note":"","_monsterinsights_sitenote_category":0},"product_brand":[],"product_cat":[13072,12291],"product_tag":[],"class_list":{"0":"post-690676","1":"product","2":"type-product","3":"status-publish","5":"product_cat-arastirma-inceleme-referans","6":"product_cat-edebiyat","7":"pa_cilt-ciltsiz","8":"pa_tur-kitap","9":"pa_yayinevi-koc-universitesi-yayinlari","10":"pa_yazar-galina-i-yermolenko","12":"first","13":"instock","14":"sale","15":"shipping-taxable","16":"purchasable","17":"product-type-simple"},"_links":{"self":[{"href":"https:\/\/roveyayinevi.com.tr\/index.php\/wp-json\/wp\/v2\/product\/690676","targetHints":{"allow":["GET"]}}],"collection":[{"href":"https:\/\/roveyayinevi.com.tr\/index.php\/wp-json\/wp\/v2\/product"}],"about":[{"href":"https:\/\/roveyayinevi.com.tr\/index.php\/wp-json\/wp\/v2\/types\/product"}],"wp:attachment":[{"href":"https:\/\/roveyayinevi.com.tr\/index.php\/wp-json\/wp\/v2\/media?parent=690676"}],"wp:term":[{"taxonomy":"product_brand","embeddable":true,"href":"https:\/\/roveyayinevi.com.tr\/index.php\/wp-json\/wp\/v2\/product_brand?post=690676"},{"taxonomy":"product_cat","embeddable":true,"href":"https:\/\/roveyayinevi.com.tr\/index.php\/wp-json\/wp\/v2\/product_cat?post=690676"},{"taxonomy":"product_tag","embeddable":true,"href":"https:\/\/roveyayinevi.com.tr\/index.php\/wp-json\/wp\/v2\/product_tag?post=690676"}],"curies":[{"name":"wp","href":"https:\/\/api.w.org\/{rel}","templated":true}]}}