{"id":690675,"date":"2025-08-27T13:53:13","date_gmt":"2025-08-27T10:53:13","guid":{"rendered":"https:\/\/roveyayinevi.com.tr\/index.php\/urun\/ciller-ozel-orgutu\/"},"modified":"2026-04-16T02:00:17","modified_gmt":"2026-04-15T23:00:17","slug":"ciller-ozel-orgutu","status":"publish","type":"product","link":"https:\/\/roveyayinevi.com.tr\/index.php\/urun\/ciller-ozel-orgutu\/","title":{"rendered":"\u00c7iller \u00d6zel \u00d6rg\u00fct\u00fc"},"content":{"rendered":"<p>\u0130\u015f\u00e7i Partisi Genel Ba\u015fkan\u0131 Do\u011fu Perin\u00e7ek, \u00c7iller \u00d6zel \u00d6rg\u00fct\u00fc\u2019n\u00fcn su\u00e7lar\u0131n\u0131 kan\u0131tlayan dosyay\u0131, 3 Ekim 1996 g\u00fcn\u00fc TBMM Ba\u015fkanl\u0131\u011f\u0131\u2019na, 18 Ekim 1996 g\u00fcn\u00fc ise Cumhurba\u015fkan\u0131 S\u00fcleyman Demirel\u2019e sundu. Bu dosyada yer alan bilgilerin do\u011frulu\u011fu 3 Kas\u0131m\u2019da ger\u00e7ekle\u015fen Susurluk olay\u0131yla ortaya \u00e7\u0131kt\u0131. Kitab\u0131n ilk b\u00f6l\u00fcm\u00fc, bu dosyan\u0131n tamam\u0131n\u0131 kapsamaktad\u0131r. Sonraki \u00fc\u00e7 b\u00f6l\u00fcm ise, birinci b\u00f6l\u00fcmdeki bilgilerle birlikte, TBMM Susurluk Komisyonu\u2019\u2019nun Perin\u00e7ek\u2019ten talebi \u00fczerine 12 Aral\u0131k\u2019ta Komisyon\u2019a verilen dosyada yer alan belge ve bilgilerin tamam\u0131d\u0131r. \u00c7iller \u00d6zel \u00d6rg\u00fct\u00fc, ABD-CIA\u2019n\u0131n denetiminde&#8230; \u00d6rg\u00fct\u00fcn \u015fefleri&#8230; Kimlerden ve hangi gruplardan olu\u015fuyor Mafya-Galadyo-Tarikat ortakl\u0131\u011f\u0131n\u0131n ba\u011flar\u0131 nas\u0131l \u00f6r\u00fcld\u00fc? Ulusal \u00e7\u0131karlar\u0131m\u0131z\u0131 nas\u0131l sabote ettiler? T\u00fcrkiye ekonomisini e*roine ba\u011f\u0131ml\u0131 hale nas\u0131l gerirdiler? Hangi kom\u015fu \u00fclkelerde, ne gibi tertipler d\u00fczenlediler? N\u00fckleer madde ka\u00e7ak\u00e7\u0131l\u0131\u011f\u0131ndan, e*roin ticaretine su\u00e7lar\u0131&#8230; \u00d6rg\u00fct\u00fcn i\u015fledi\u011fi cinayetler ve nedenleri&#8230; Jandarma Genel Komutan\u0131 E\u015fref Bitlis\u2019i kim, neden \u00f6ld\u00fcrd\u00fc? Mehmet Eym\u00fcr-Hiram Abas\u2019tan, Binba\u015f\u0131 Cem Ersever\u2019den; Mehmet A\u011far-Adullah \u00c7atl\u0131-Sedat Bucak-H\u00fcseyin Kocada\u011f\u2019a uzanan zincir&#8230; Ve nihayet, karma\u015f\u0131k olgular\u0131n analizi&#8230; B\u00fct\u00fcn bu sorular\u0131n yan\u0131tlar\u0131 elinizdeki kitapta yer al\u0131yor. <\/p>\n","protected":false},"excerpt":{"rendered":"<p>\u0130\u015f\u00e7i Partisi Genel Ba\u015fkan\u0131 Do\u011fu Perin\u00e7ek, \u00c7iller \u00d6zel \u00d6rg\u00fct\u00fc\u2019n\u00fcn su\u00e7lar\u0131n\u0131 kan\u0131tlayan dosyay\u0131, 3 Ekim 1996 g\u00fcn\u00fc TBMM Ba\u015fkanl\u0131\u011f\u0131\u2019na, 18 Ekim 1996 g\u00fcn\u00fc ise Cumhurba\u015fkan\u0131 S\u00fcleyman Demirel\u2019e<span class=\"excerpt-hellip\"> [\u2026]<\/span><\/p>\n","protected":false},"featured_media":0,"template":"","meta":{"_monsterinsights_skip_tracking":false,"_monsterinsights_sitenote_active":false,"_monsterinsights_sitenote_note":"","_monsterinsights_sitenote_category":0},"product_brand":[],"product_cat":[12346,12337],"product_tag":[],"class_list":{"0":"post-690675","1":"product","2":"type-product","3":"status-publish","5":"product_cat-derin-siyaset-komplo-teorileri","6":"product_cat-politika-siyaset","7":"pa_cilt-ciltsiz","8":"pa_tur-kitap","9":"pa_yayinevi-kaynak-yayinlari","10":"pa_yazar-dogu-perincek","12":"first","13":"instock","14":"sale","15":"shipping-taxable","16":"purchasable","17":"product-type-simple"},"_links":{"self":[{"href":"https:\/\/roveyayinevi.com.tr\/index.php\/wp-json\/wp\/v2\/product\/690675","targetHints":{"allow":["GET"]}}],"collection":[{"href":"https:\/\/roveyayinevi.com.tr\/index.php\/wp-json\/wp\/v2\/product"}],"about":[{"href":"https:\/\/roveyayinevi.com.tr\/index.php\/wp-json\/wp\/v2\/types\/product"}],"wp:attachment":[{"href":"https:\/\/roveyayinevi.com.tr\/index.php\/wp-json\/wp\/v2\/media?parent=690675"}],"wp:term":[{"taxonomy":"product_brand","embeddable":true,"href":"https:\/\/roveyayinevi.com.tr\/index.php\/wp-json\/wp\/v2\/product_brand?post=690675"},{"taxonomy":"product_cat","embeddable":true,"href":"https:\/\/roveyayinevi.com.tr\/index.php\/wp-json\/wp\/v2\/product_cat?post=690675"},{"taxonomy":"product_tag","embeddable":true,"href":"https:\/\/roveyayinevi.com.tr\/index.php\/wp-json\/wp\/v2\/product_tag?post=690675"}],"curies":[{"name":"wp","href":"https:\/\/api.w.org\/{rel}","templated":true}]}}