{"id":690674,"date":"2025-08-27T13:53:13","date_gmt":"2025-08-27T10:53:13","guid":{"rendered":"https:\/\/roveyayinevi.com.tr\/index.php\/urun\/cagdas-edep-erkan-gorgu-kitabi\/"},"modified":"2026-04-16T02:00:17","modified_gmt":"2026-04-15T23:00:17","slug":"cagdas-edep-erkan-gorgu-kitabi","status":"publish","type":"product","link":"https:\/\/roveyayinevi.com.tr\/index.php\/urun\/cagdas-edep-erkan-gorgu-kitabi\/","title":{"rendered":"\u00c7a\u011fda\u015f Edep-Erkan G\u00f6rg\u00fc Kitab\u0131"},"content":{"rendered":"<p>Halk\u0131m\u0131z\u0131n deyi\u015fiyle girelim s\u00f6ze:   Bayram de\u011fil, seyran de\u011fil; bu edep-erk\u00e2n kitab\u0131 da nerden \u00e7\u0131kt\u0131?   diyeceksiniz. Demeyin! Bu g\u00fczelim kavram\u2019a ili\u015fkin vurgulamalar\u0131n vakti, geldi de ge\u00e7ti bile! L\u00fctfen \u00e7evrenize\/insan ili\u015fkilerine\/ davran\u0131\u015flar\u0131na bir bak\u0131n; gerekirli\u011fi, kar\u015f\u0131n\u0131zda parpar eder! Ku\u015fkusuz, bilirsiniz: Bu edep-erk\u00e2n kavram\u0131n\u0131n tan\u0131m\u0131, s\u00fcr\u00fcp getirdi\u011fi ba\u011flamlar; belli bir s\u0131n\u0131f\u0131n, temel ekonomik ve siyasal \u00e7\u0131karlar\u0131yla oldu\u011fu kadar; d\u00fcnya g\u00f6r\u00fc\u015fleriyle de yalandan ba\u011flant\u0131l\u0131d\u0131r. Ne ki biz, halk\u0131m\u0131z\u0131n tarihsel, toplumsal ve do\u011fal ili\u015fkilerinin yam s\u0131ra; maddi-manev\u00ee izlerini ta\u015f\u0131van; k\u00fclt\u00fcr miras\u0131n\u0131n ayr\u0131lmaz bir bile\u015fkeni olan; y\u0131llar boyu uygulanan s\u00f6z ve davran\u0131\u015flar\u0131n edep erk\u00e2n\u2019\u0131n\/yol-yordam\u2019\u0131n yozla\u015fmas\u0131n\u0131,   let\u00e2if   ile sarmalanm\u0131\u015f bir sohbet \u00e7er\u00e7evesinde sergileyece\u011fiz! <\/p>\n","protected":false},"excerpt":{"rendered":"<p>Halk\u0131m\u0131z\u0131n deyi\u015fiyle girelim s\u00f6ze: Bayram de\u011fil, seyran de\u011fil; bu edep-erk\u00e2n kitab\u0131 da nerden \u00e7\u0131kt\u0131? diyeceksiniz. Demeyin! Bu g\u00fczelim kavram\u2019a ili\u015fkin vurgulamalar\u0131n vakti, geldi de ge\u00e7ti bile!<span class=\"excerpt-hellip\"> [\u2026]<\/span><\/p>\n","protected":false},"featured_media":0,"template":"","meta":{"_monsterinsights_skip_tracking":false,"_monsterinsights_sitenote_active":false,"_monsterinsights_sitenote_note":"","_monsterinsights_sitenote_category":0},"product_brand":[],"product_cat":[12365,12364],"product_tag":[],"class_list":{"0":"post-690674","1":"product","2":"type-product","3":"status-publish","5":"product_cat-diger-genel-konular","6":"product_cat-genel-konular","7":"pa_tur-kitap","8":"pa_yayinevi-kaynak-yayinlari","9":"pa_yazar-yilmaz-gruda","11":"first","12":"instock","13":"sale","14":"shipping-taxable","15":"purchasable","16":"product-type-simple"},"_links":{"self":[{"href":"https:\/\/roveyayinevi.com.tr\/index.php\/wp-json\/wp\/v2\/product\/690674","targetHints":{"allow":["GET"]}}],"collection":[{"href":"https:\/\/roveyayinevi.com.tr\/index.php\/wp-json\/wp\/v2\/product"}],"about":[{"href":"https:\/\/roveyayinevi.com.tr\/index.php\/wp-json\/wp\/v2\/types\/product"}],"wp:attachment":[{"href":"https:\/\/roveyayinevi.com.tr\/index.php\/wp-json\/wp\/v2\/media?parent=690674"}],"wp:term":[{"taxonomy":"product_brand","embeddable":true,"href":"https:\/\/roveyayinevi.com.tr\/index.php\/wp-json\/wp\/v2\/product_brand?post=690674"},{"taxonomy":"product_cat","embeddable":true,"href":"https:\/\/roveyayinevi.com.tr\/index.php\/wp-json\/wp\/v2\/product_cat?post=690674"},{"taxonomy":"product_tag","embeddable":true,"href":"https:\/\/roveyayinevi.com.tr\/index.php\/wp-json\/wp\/v2\/product_tag?post=690674"}],"curies":[{"name":"wp","href":"https:\/\/api.w.org\/{rel}","templated":true}]}}