{"id":690672,"date":"2025-08-27T13:53:13","date_gmt":"2025-08-27T10:53:13","guid":{"rendered":"https:\/\/roveyayinevi.com.tr\/index.php\/urun\/cumhuriyet-devrimi-ve-ongorulmeyen-bugunu\/"},"modified":"2026-04-16T02:00:17","modified_gmt":"2026-04-15T23:00:17","slug":"cumhuriyet-devrimi-ve-ongorulmeyen-bugunu","status":"publish","type":"product","link":"https:\/\/roveyayinevi.com.tr\/index.php\/urun\/cumhuriyet-devrimi-ve-ongorulmeyen-bugunu\/","title":{"rendered":"Cumhuriyet Devrimi ve \u00d6ng\u00f6r\u00fclmeyen Bug\u00fcn\u00fc"},"content":{"rendered":"<p>Prof. Dr. Cahit Can\u2019\u0131n, Cumhuriyet Devrimi ve \u00d6ng\u00f6r\u00fclmeyen Bug\u00fcn\u00fc ad\u0131n\u0131 ta\u015f\u0131yan kitab\u0131, bir devrim ve kar\u015f\u0131devrim tarihidir. S\u00f6zkonusu olan devrim, kitab\u0131n ad\u0131ndan da anla\u015f\u0131laca\u011f\u0131 \u00fczere, k\u00f6kleri Me\u015frutiyet devrimlerine dayanan ve 1923\u2019te zafere ula\u015fan T\u00fcrk Mili Demokratik Devrimi\u2019dir. <\/p>\n","protected":false},"excerpt":{"rendered":"<p>Prof. Dr. Cahit Can\u2019\u0131n, Cumhuriyet Devrimi ve \u00d6ng\u00f6r\u00fclmeyen Bug\u00fcn\u00fc ad\u0131n\u0131 ta\u015f\u0131yan kitab\u0131, bir devrim ve kar\u015f\u0131devrim tarihidir. S\u00f6zkonusu olan devrim, kitab\u0131n ad\u0131ndan da anla\u015f\u0131laca\u011f\u0131 \u00fczere, k\u00f6kleri<span class=\"excerpt-hellip\"> [\u2026]<\/span><\/p>\n","protected":false},"featured_media":0,"template":"","meta":{"_monsterinsights_skip_tracking":false,"_monsterinsights_sitenote_active":false,"_monsterinsights_sitenote_note":"","_monsterinsights_sitenote_category":0},"product_brand":[],"product_cat":[12370,12304],"product_tag":[],"class_list":{"0":"post-690672","1":"product","2":"type-product","3":"status-publish","5":"product_cat-arastirma-inceleme","6":"product_cat-tarih","7":"pa_tur-kitap","8":"pa_yayinevi-kaynak-yayinlari","9":"pa_yazar-cahit-can","11":"first","12":"instock","13":"sale","14":"shipping-taxable","15":"purchasable","16":"product-type-simple"},"_links":{"self":[{"href":"https:\/\/roveyayinevi.com.tr\/index.php\/wp-json\/wp\/v2\/product\/690672","targetHints":{"allow":["GET"]}}],"collection":[{"href":"https:\/\/roveyayinevi.com.tr\/index.php\/wp-json\/wp\/v2\/product"}],"about":[{"href":"https:\/\/roveyayinevi.com.tr\/index.php\/wp-json\/wp\/v2\/types\/product"}],"wp:attachment":[{"href":"https:\/\/roveyayinevi.com.tr\/index.php\/wp-json\/wp\/v2\/media?parent=690672"}],"wp:term":[{"taxonomy":"product_brand","embeddable":true,"href":"https:\/\/roveyayinevi.com.tr\/index.php\/wp-json\/wp\/v2\/product_brand?post=690672"},{"taxonomy":"product_cat","embeddable":true,"href":"https:\/\/roveyayinevi.com.tr\/index.php\/wp-json\/wp\/v2\/product_cat?post=690672"},{"taxonomy":"product_tag","embeddable":true,"href":"https:\/\/roveyayinevi.com.tr\/index.php\/wp-json\/wp\/v2\/product_tag?post=690672"}],"curies":[{"name":"wp","href":"https:\/\/api.w.org\/{rel}","templated":true}]}}