{"id":690671,"date":"2025-08-27T13:53:12","date_gmt":"2025-08-27T10:53:12","guid":{"rendered":"https:\/\/roveyayinevi.com.tr\/index.php\/urun\/okul-oncesi-egitimde-drama\/"},"modified":"2026-04-16T02:00:17","modified_gmt":"2026-04-15T23:00:17","slug":"okul-oncesi-egitimde-drama","status":"publish","type":"product","link":"https:\/\/roveyayinevi.com.tr\/index.php\/urun\/okul-oncesi-egitimde-drama\/","title":{"rendered":"Okul \u00d6ncesi E\u011fitimde Drama"},"content":{"rendered":"<p>Okul \u00f6ncesi E\u011fitimde Drama kitab\u0131 on bir b\u00f6l\u00fcmden olu\u015fmaktad\u0131r. Birinci b\u00f6l\u00fcmde, oyunun \u00e7ocu\u011fun ya\u015fam\u0131ndaki yerinden oyun d\u00f6nemlerinden ve oyundan dramaya nas\u0131l ge\u00e7ilebilece\u011finden bahsedilmektedir. \u0130kinci b\u00f6l\u00fcmde ise yarat\u0131c\u0131 draman\u0131n e\u011fitim programlar\u0131ndaki yeri ve hedefleri 2002 Okul \u00f6ncesi E\u011fitim Program\u0131yla ba\u011fda\u015ft\u0131r\u0131larak siz e\u011fitimcilere sunulmu\u015ftur. \u00fc\u00e7n\u00fcnc\u00fc b\u00f6l\u00fcmde ise okul \u00f6ncesi d\u00f6nemde yarat\u0131c\u0131 draman\u0131n geli\u015fim alanlar\u0131 ile ili\u015fkisi \u00fczerinde durulmaktad\u0131r. D\u00f6rd\u00fcnc\u00fc b\u00f6l\u00fcmde yarat\u0131c\u0131 \u00e7ocu\u011fun \u00f6zellikleri ve draman\u0131n yarat\u0131c\u0131l\u0131\u011f\u0131n geli\u015fimine katk\u0131s\u0131, ele al\u0131narak e\u011fitimcilere ve anne babalara rehberlik etmesi ama\u00e7lanm\u0131\u015ft\u0131r. Be\u015finci b\u00f6l\u00fcmde sanat ve drama ili\u015fkisi detayl\u0131 olarak ele al\u0131nm\u0131\u015ft\u0131r. Alt\u0131nc\u0131 b\u00f6l\u00fcmde, dramada \u00e7ocu\u011fun duygular\u0131n\u0131 nas\u0131l ifade etti\u011fi ve duygular\u0131n neden \u00e7ocu\u011fun hayat\u0131nda \u00f6nemli oldu\u011fu \u00fczerinde durulmu\u015ftur. Yedinci b\u00f6l\u00fcmde, yarat\u0131c\u0131 drama etkinliklerinde \u00f6\u011fretmenin rol\u00fc ve nelere dikkat etmesi gerekti\u011fi tart\u0131\u015f\u0131lm\u0131\u015ft\u0131r. Sekizinci b\u00f6l\u00fcmde ise yarat\u0131c\u0131 dramada e\u011fitim ortam\u0131n\u0131n nas\u0131l haz\u0131rlanaca\u011f\u0131, e\u011fitim ortamlar\u0131n\u0131n \u00f6nemi ve dramada kullan\u0131lan materyaller \u00fczerinde durulmu\u015ftur. Dokuzuncu b\u00f6l\u00fcmde, yarat\u0131c\u0131 drama etkinlikleri tart\u0131\u015f\u0131lm\u0131\u015f ve hareket \u00e7al\u0131\u015fmalar\u0131, pandomim, rol oynama ve do\u011fa\u00e7lama, hikayelerden oyunlar olu\u015fturma ve rahatlama \u00e7al\u0131\u015fmalar\u0131 teorik a\u00e7\u0131klamalar\u0131n yan\u0131 s\u0131ra uygulamal\u0131 \u00f6rnekleriyle de okurlara sunulmu\u015ftur. Onuncu b\u00f6l\u00fcmde, drama \u00e7al\u0131\u015fmalar\u0131n\u0131n de\u011ferlendirilmesi \u00fczerinde durulmu\u015ftur. On birinci ve sonuncu b\u00f6l\u00fcmde \u00f6zel gereksinimi olan \u00e7ocuklarla drama \u00e7al\u0131\u015fmalar\u0131n\u0131n nas\u0131l yap\u0131laca\u011f\u0131 teorik ve uygulamal\u0131 \u00f6rneklerle tart\u0131\u015f\u0131lm\u0131\u015ft\u0131r. <\/p>\n","protected":false},"excerpt":{"rendered":"<p>Okul \u00f6ncesi E\u011fitimde Drama kitab\u0131 on bir b\u00f6l\u00fcmden olu\u015fmaktad\u0131r. Birinci b\u00f6l\u00fcmde, oyunun \u00e7ocu\u011fun ya\u015fam\u0131ndaki yerinden oyun d\u00f6nemlerinden ve oyundan dramaya nas\u0131l ge\u00e7ilebilece\u011finden bahsedilmektedir. \u0130kinci b\u00f6l\u00fcmde ise<span class=\"excerpt-hellip\"> [\u2026]<\/span><\/p>\n","protected":false},"featured_media":0,"template":"","meta":{"_monsterinsights_skip_tracking":false,"_monsterinsights_sitenote_active":false,"_monsterinsights_sitenote_note":"","_monsterinsights_sitenote_category":0},"product_brand":[],"product_cat":[12274,12518],"product_tag":[],"class_list":{"0":"post-690671","1":"product","2":"type-product","3":"status-publish","5":"product_cat-cocuk-ve-genclik-kitaplari","6":"product_cat-okul-oncesi-kitaplar","7":"pa_cilt-ciltsiz","8":"pa_tur-kitap","9":"pa_yayinevi-kok-yayinevi","10":"pa_yazar-esra-omeroglu","12":"first","13":"instock","14":"sale","15":"shipping-taxable","16":"purchasable","17":"product-type-simple"},"_links":{"self":[{"href":"https:\/\/roveyayinevi.com.tr\/index.php\/wp-json\/wp\/v2\/product\/690671","targetHints":{"allow":["GET"]}}],"collection":[{"href":"https:\/\/roveyayinevi.com.tr\/index.php\/wp-json\/wp\/v2\/product"}],"about":[{"href":"https:\/\/roveyayinevi.com.tr\/index.php\/wp-json\/wp\/v2\/types\/product"}],"wp:attachment":[{"href":"https:\/\/roveyayinevi.com.tr\/index.php\/wp-json\/wp\/v2\/media?parent=690671"}],"wp:term":[{"taxonomy":"product_brand","embeddable":true,"href":"https:\/\/roveyayinevi.com.tr\/index.php\/wp-json\/wp\/v2\/product_brand?post=690671"},{"taxonomy":"product_cat","embeddable":true,"href":"https:\/\/roveyayinevi.com.tr\/index.php\/wp-json\/wp\/v2\/product_cat?post=690671"},{"taxonomy":"product_tag","embeddable":true,"href":"https:\/\/roveyayinevi.com.tr\/index.php\/wp-json\/wp\/v2\/product_tag?post=690671"}],"curies":[{"name":"wp","href":"https:\/\/api.w.org\/{rel}","templated":true}]}}