{"id":690668,"date":"2025-08-27T13:53:12","date_gmt":"2025-08-27T10:53:12","guid":{"rendered":"https:\/\/roveyayinevi.com.tr\/index.php\/urun\/mutlukentin-yoneticisi\/"},"modified":"2026-04-16T02:00:17","modified_gmt":"2026-04-15T23:00:17","slug":"mutlukentin-yoneticisi","status":"publish","type":"product","link":"https:\/\/roveyayinevi.com.tr\/index.php\/urun\/mutlukentin-yoneticisi\/","title":{"rendered":"Mutlukent\u2019in Y\u00f6neticisi"},"content":{"rendered":"<p>Anadilini do\u011fru, g\u00fczel, etkili kullanma insan\u0131n ba\u015far\u0131s\u0131n\u0131 nas\u0131l etkiliyor? Mutlukent\u2019in Y\u00f6neticisi bu soruyu de\u011fi\u015fik y\u00f6nleriyle yans\u0131tan bir masal. Ama \u00f6yle s\u0131radan, al\u0131\u015f\u0131lm\u0131\u015f, d\u00fcmd\u00fcz bir masal de\u011fil. Masal i\u00e7inde masal y\u00f6ntemiyle yaz\u0131lm\u0131\u015f. Kitapta Emircan\u2019\u0131n bilge babas\u0131, bir kitap yazm\u0131\u015f onun i\u00e7in. Bu kitab\u0131 okuyor; s\u00f6ylenenleri eksiksizce yerine getiriyor Emircan. Dilini, duygu ve d\u00fc\u015f\u00fcnce d\u00fcnyas\u0131n\u0131 geli\u015ftiriyor. Dertli bir kente y\u00f6netici se\u00e7mek i\u00e7in d\u00fczenlenen b\u00fcy\u00fck bir yar\u0131\u015fmaya kat\u0131l\u0131yor. Nice sorular\u0131n do\u011fru yan\u0131t\u0131n\u0131 bularak y\u00f6netici oluyor kente. Kitab\u0131 okurken Emircan\u2019la birlikte siz de bu sorular\u0131 yan\u0131tlayacak, yar\u0131\u015fman\u0131n heyecan\u0131n\u0131 ya\u015fayacaks\u0131n\u0131z. Yaln\u0131z \u00e7ocuklar\u0131n de\u011fil, annelerin, babalar\u0131n, \u00f6\u011fretmenlerin de tat alarak okuyacaklar\u0131 bir kitap&#8230; <\/p>\n","protected":false},"excerpt":{"rendered":"<p>Anadilini do\u011fru, g\u00fczel, etkili kullanma insan\u0131n ba\u015far\u0131s\u0131n\u0131 nas\u0131l etkiliyor? Mutlukent\u2019in Y\u00f6neticisi bu soruyu de\u011fi\u015fik y\u00f6nleriyle yans\u0131tan bir masal. Ama \u00f6yle s\u0131radan, al\u0131\u015f\u0131lm\u0131\u015f, d\u00fcmd\u00fcz bir masal de\u011fil.<span class=\"excerpt-hellip\"> [\u2026]<\/span><\/p>\n","protected":false},"featured_media":0,"template":"","meta":{"_monsterinsights_skip_tracking":false,"_monsterinsights_sitenote_active":false,"_monsterinsights_sitenote_note":"","_monsterinsights_sitenote_category":0},"product_brand":[],"product_cat":[12275,12274],"product_tag":[],"class_list":{"0":"post-690668","1":"product","2":"type-product","3":"status-publish","5":"product_cat-6-12-yas-kitaplari","6":"product_cat-cocuk-ve-genclik-kitaplari","7":"pa_cilt-ciltsiz","8":"pa_tur-kitap","9":"pa_yayinevi-kok-yayinevi","10":"pa_yazar-emin-ozdemir","12":"first","13":"instock","14":"sale","15":"shipping-taxable","16":"purchasable","17":"product-type-simple"},"_links":{"self":[{"href":"https:\/\/roveyayinevi.com.tr\/index.php\/wp-json\/wp\/v2\/product\/690668","targetHints":{"allow":["GET"]}}],"collection":[{"href":"https:\/\/roveyayinevi.com.tr\/index.php\/wp-json\/wp\/v2\/product"}],"about":[{"href":"https:\/\/roveyayinevi.com.tr\/index.php\/wp-json\/wp\/v2\/types\/product"}],"wp:attachment":[{"href":"https:\/\/roveyayinevi.com.tr\/index.php\/wp-json\/wp\/v2\/media?parent=690668"}],"wp:term":[{"taxonomy":"product_brand","embeddable":true,"href":"https:\/\/roveyayinevi.com.tr\/index.php\/wp-json\/wp\/v2\/product_brand?post=690668"},{"taxonomy":"product_cat","embeddable":true,"href":"https:\/\/roveyayinevi.com.tr\/index.php\/wp-json\/wp\/v2\/product_cat?post=690668"},{"taxonomy":"product_tag","embeddable":true,"href":"https:\/\/roveyayinevi.com.tr\/index.php\/wp-json\/wp\/v2\/product_tag?post=690668"}],"curies":[{"name":"wp","href":"https:\/\/api.w.org\/{rel}","templated":true}]}}