{"id":690667,"date":"2025-08-27T13:53:12","date_gmt":"2025-08-27T10:53:12","guid":{"rendered":"https:\/\/roveyayinevi.com.tr\/index.php\/urun\/durun-oldurmeyin-birbirinizi-siz-kardessiniz\/"},"modified":"2026-04-16T02:00:17","modified_gmt":"2026-04-15T23:00:17","slug":"durun-oldurmeyin-birbirinizi-siz-kardessiniz","status":"publish","type":"product","link":"https:\/\/roveyayinevi.com.tr\/index.php\/urun\/durun-oldurmeyin-birbirinizi-siz-kardessiniz\/","title":{"rendered":"Durun \u00d6ld\u00fcrmeyin Birbirinizi Siz Karde\u015fsiniz"},"content":{"rendered":"<p>Gazeteci, yap\u0131s\u0131 gere\u011fi muhaliftir. Gazeteci ara\u015ft\u0131r\u0131r, sorgular, yazarken de e\u011filip b\u00fck\u00fclmez. Kimseye yaranaca\u011f\u0131m derdine d\u00fc\u015fmeden, sadece ger\u00e7ekleri s\u00f6yler, do\u011frular\u0131 yazar. <\/p>\n","protected":false},"excerpt":{"rendered":"<p>Gazeteci, yap\u0131s\u0131 gere\u011fi muhaliftir. Gazeteci ara\u015ft\u0131r\u0131r, sorgular, yazarken de e\u011filip b\u00fck\u00fclmez. Kimseye yaranaca\u011f\u0131m derdine d\u00fc\u015fmeden, sadece ger\u00e7ekleri s\u00f6yler, do\u011frular\u0131 yazar.<\/p>\n","protected":false},"featured_media":0,"template":"","meta":{"_monsterinsights_skip_tracking":false,"_monsterinsights_sitenote_active":false,"_monsterinsights_sitenote_note":"","_monsterinsights_sitenote_category":0},"product_brand":[],"product_cat":[15983,13488],"product_tag":[],"class_list":{"0":"post-690667","1":"product","2":"type-product","3":"status-publish","5":"product_cat-iletisim-ve-medya","6":"product_cat-toplum-ve-insan","7":"pa_tur-kitap","8":"pa_yayinevi-karinca-yayinlari","9":"pa_yazar-gurbuz-evren","11":"first","12":"instock","13":"sale","14":"shipping-taxable","15":"purchasable","16":"product-type-simple"},"_links":{"self":[{"href":"https:\/\/roveyayinevi.com.tr\/index.php\/wp-json\/wp\/v2\/product\/690667","targetHints":{"allow":["GET"]}}],"collection":[{"href":"https:\/\/roveyayinevi.com.tr\/index.php\/wp-json\/wp\/v2\/product"}],"about":[{"href":"https:\/\/roveyayinevi.com.tr\/index.php\/wp-json\/wp\/v2\/types\/product"}],"wp:attachment":[{"href":"https:\/\/roveyayinevi.com.tr\/index.php\/wp-json\/wp\/v2\/media?parent=690667"}],"wp:term":[{"taxonomy":"product_brand","embeddable":true,"href":"https:\/\/roveyayinevi.com.tr\/index.php\/wp-json\/wp\/v2\/product_brand?post=690667"},{"taxonomy":"product_cat","embeddable":true,"href":"https:\/\/roveyayinevi.com.tr\/index.php\/wp-json\/wp\/v2\/product_cat?post=690667"},{"taxonomy":"product_tag","embeddable":true,"href":"https:\/\/roveyayinevi.com.tr\/index.php\/wp-json\/wp\/v2\/product_tag?post=690667"}],"curies":[{"name":"wp","href":"https:\/\/api.w.org\/{rel}","templated":true}]}}