{"id":690665,"date":"2025-08-27T13:53:11","date_gmt":"2025-08-27T10:53:11","guid":{"rendered":"https:\/\/roveyayinevi.com.tr\/index.php\/urun\/okulda-zorbalik\/"},"modified":"2026-04-16T02:00:17","modified_gmt":"2026-04-15T23:00:17","slug":"okulda-zorbalik","status":"publish","type":"product","link":"https:\/\/roveyayinevi.com.tr\/index.php\/urun\/okulda-zorbalik\/","title":{"rendered":"Okulda Zorbal\u0131k"},"content":{"rendered":"<p>Zorbaca davran\u0131\u015flar hemen hemen g\u00fcnl\u00fck ya\u015fant\u0131m\u0131z\u0131n bir par\u00e7as\u0131 haline gelmi\u015f durumda. Bu davran\u0131\u015flar\u0131n bir \u00e7o\u011funu; toplum olarak s\u0131radan, olabilir davran\u0131\u015flar olarak kan\u0131ksad\u0131k, normalle\u015ftir-dik. Olay\u0131n psikolojik boyutlar\u0131n\u0131n yan\u0131 s\u0131ra toplumsal boyutlar\u0131 da bir o kadar endi\u015fe verici hale geldi. Zorbal\u0131\u011f\u0131 kan\u0131ksam\u0131\u015f bir toplum olmaya ba\u015flad\u0131k. Can\u0131m\u0131z yanmaya ba\u015flad\u0131\u011f\u0131 zaman, konunun ciddiyetinin zarar verici boyutlara ula\u015ft\u0131\u011f\u0131n\u0131 anlad\u0131k.Elinizdeki bu kitap zorbal\u0131\u011f\u0131n \u00f6nlenmesi konusunda kapsaml\u0131 bir \u00e7al\u0131\u015fman\u0131n \u00fcr\u00fcn\u00fcd\u00fcr. Zorbal\u0131k sadece okulda de\u011fil toplumsal ya\u015fam alan\u0131m\u0131z\u0131n t\u00fcm\u00fcnde ya\u015fanan bir olgudur. \u00c7al\u0131\u015fmaya okullardan ba\u015flad\u0131k. \u00c7\u00fcnk\u00fc, okullarda, \u00e7ocuklar ve gen\u00e7ler bu davran\u0131\u015flara hem maruz kal\u0131yor hem de zorbaca davran\u0131\u015flar\u0131 \u00f6\u011freniyor ve uyguluyorlar. Bu nedenle bu \u00e7al\u0131\u015fmada, okulun e\u011fitici ve \u00f6nleyici i\u015flevini de g\u00f6z \u00f6n\u00fcnde bulundurarak b\u00fct\u00fcnc\u00fcl bir \u00e7al\u0131\u015fma hedefledik. Vermeye \u00e7al\u0131\u015ft\u0131\u011f\u0131m\u0131z mesaj bu konuda herkesin bir \u015feyler yapabilece\u011fi y\u00f6n\u00fcndedir.Kitap alt\u0131 b\u00f6l\u00fcmden olu\u015fmaktad\u0131r. Zorbal\u0131\u011f\u0131n ne oldu\u011funu anlama, zorbal\u0131\u011fa kar\u015f\u0131 zorbaca davran\u0131\u015flar\u0131n ortaya \u00e7\u0131kmas\u0131n\u0131 beklemeden zorbal\u0131k kar\u015f\u0131t\u0131 bir anlay\u0131\u015f geli\u015ftirme ve tedbir alma konusunda ilk b\u00f6l\u00fcm kitab\u0131n temel zeminini olu\u015fturdu. Eylem planlar\u0131, senaryolar, okul tabanl\u0131 e\u011fitim ad\u0131mlar\u0131, s\u0131n\u0131f i\u00e7i aktiviteler tamamen prati\u011fe d\u00f6n\u00fck \u00e7al\u0131\u015fmalar olarak bu zemine oturtuldu. Kitab\u0131n son b\u00f6l\u00fcm\u00fc bir deneyim olarak aktar\u0131ld\u0131. Zorbal\u0131kla m\u00fccadelede toplumun b\u00fct\u00fcn kesimleri ile \u00e7al\u0131\u015fman\u0131n \u00f6nemini vurgulamak a\u00e7\u0131s\u0131ndan, b\u00fct\u00fcnc\u00fcl bir \u00e7al\u0131\u015fma olmas\u0131 nedeniyle bu kitap, zorbal\u0131\u011f\u0131 \u00f6nleme konusunda yap\u0131lacak olan \u00e7al\u0131\u015fmalar i\u00e7in \u00f6nemli bir bo\u015flu\u011fu dolduracakt\u0131r. <\/p>\n","protected":false},"excerpt":{"rendered":"<p>Zorbaca davran\u0131\u015flar hemen hemen g\u00fcnl\u00fck ya\u015fant\u0131m\u0131z\u0131n bir par\u00e7as\u0131 haline gelmi\u015f durumda. Bu davran\u0131\u015flar\u0131n bir \u00e7o\u011funu; toplum olarak s\u0131radan, olabilir davran\u0131\u015flar olarak kan\u0131ksad\u0131k, normalle\u015ftir-dik. Olay\u0131n psikolojik boyutlar\u0131n\u0131n<span class=\"excerpt-hellip\"> [\u2026]<\/span><\/p>\n","protected":false},"featured_media":0,"template":"","meta":{"_monsterinsights_skip_tracking":false,"_monsterinsights_sitenote_active":false,"_monsterinsights_sitenote_note":"","_monsterinsights_sitenote_category":0},"product_brand":[],"product_cat":[12679,12357],"product_tag":[],"class_list":{"0":"post-690665","1":"product","2":"type-product","3":"status-publish","5":"product_cat-cocuk-psikolojisi","6":"product_cat-psikoloji","7":"pa_cilt-ciltsiz","8":"pa_tur-kitap","9":"pa_yayinevi-kok-yayinevi","10":"pa_yazar-nurcan-ozteke","12":"first","13":"instock","14":"sale","15":"shipping-taxable","16":"purchasable","17":"product-type-simple"},"_links":{"self":[{"href":"https:\/\/roveyayinevi.com.tr\/index.php\/wp-json\/wp\/v2\/product\/690665","targetHints":{"allow":["GET"]}}],"collection":[{"href":"https:\/\/roveyayinevi.com.tr\/index.php\/wp-json\/wp\/v2\/product"}],"about":[{"href":"https:\/\/roveyayinevi.com.tr\/index.php\/wp-json\/wp\/v2\/types\/product"}],"wp:attachment":[{"href":"https:\/\/roveyayinevi.com.tr\/index.php\/wp-json\/wp\/v2\/media?parent=690665"}],"wp:term":[{"taxonomy":"product_brand","embeddable":true,"href":"https:\/\/roveyayinevi.com.tr\/index.php\/wp-json\/wp\/v2\/product_brand?post=690665"},{"taxonomy":"product_cat","embeddable":true,"href":"https:\/\/roveyayinevi.com.tr\/index.php\/wp-json\/wp\/v2\/product_cat?post=690665"},{"taxonomy":"product_tag","embeddable":true,"href":"https:\/\/roveyayinevi.com.tr\/index.php\/wp-json\/wp\/v2\/product_tag?post=690665"}],"curies":[{"name":"wp","href":"https:\/\/api.w.org\/{rel}","templated":true}]}}