{"id":690664,"date":"2025-08-27T13:53:11","date_gmt":"2025-08-27T10:53:11","guid":{"rendered":"https:\/\/roveyayinevi.com.tr\/index.php\/urun\/okul-oncesi-ve-ilkogretimde-beden-egitimi\/"},"modified":"2026-04-16T02:00:17","modified_gmt":"2026-04-15T23:00:17","slug":"okul-oncesi-ve-ilkogretimde-beden-egitimi","status":"publish","type":"product","link":"https:\/\/roveyayinevi.com.tr\/index.php\/urun\/okul-oncesi-ve-ilkogretimde-beden-egitimi\/","title":{"rendered":"Okul \u00d6ncesi ve \u0130lk\u00f6\u011fretimde Beden E\u011fitimi"},"content":{"rendered":"<p>Okul \u00f6ncesi ve \u0130lk\u00f6\u011fretimde Beden E\u011fitimi, \u00e7ocu\u011fa aktif bir ya\u015fam felsefesi olu\u015fturmak, sa\u011fl\u0131kl\u0131 ve mutlu bir insan yeti\u015ftirmek, hareket ederek \u00f6\u011frenmek isteyen \u00f6\u011frencileri desteklemek, sporu meslek edinmek isteyenlere iyi bir temel olu\u015fturmak i\u00e7in \u00e7abalayan anne-baba, \u00f6\u011fretmenlere, hareket etme ve beden e\u011fitimi \u00e7al\u0131\u015fmalar\u0131n\u0131n yapmas\u0131 i\u00e7in gayret eden herkese y\u00f6nelik haz\u0131rlanm\u0131\u015ft\u0131r. Bu kitapta \u00e7ocu\u011fun beden e\u011fitiminde kullanabilecek hareketler bir havuzda toplanm\u0131\u015ft\u0131r. Bu hareketlerin anaokullar\u0131nda ve ilk\u00f6\u011fretmen okullar\u0131nda etkinlik program\u0131nda 40-45 dakikal\u0131k bir etkinlik veya ders olarak yapt\u0131r\u0131labilmesi i\u00e7in, kullan\u0131\u015fl\u0131 bir \u015fablon verilmi\u015ftir. E\u011fitimciler bu \u015fablondan istedikleri de\u011fi\u015fiklikleri yapabilirler. Havuzdan se\u00e7ti\u011finiz hareketler ve \u00e7ocuklar\u0131n\u0131zla yapt\u0131\u011f\u0131n\u0131z g\u00f6zlemler ve uygulamalar sonucu ekledi\u011finiz pek \u00e7ok hareket ile y\u00fczlerce yeni program haz\u0131rlayabilirsiniz. <\/p>\n","protected":false},"excerpt":{"rendered":"<p>Okul \u00f6ncesi ve \u0130lk\u00f6\u011fretimde Beden E\u011fitimi, \u00e7ocu\u011fa aktif bir ya\u015fam felsefesi olu\u015fturmak, sa\u011fl\u0131kl\u0131 ve mutlu bir insan yeti\u015ftirmek, hareket ederek \u00f6\u011frenmek isteyen \u00f6\u011frencileri desteklemek, sporu meslek<span class=\"excerpt-hellip\"> [\u2026]<\/span><\/p>\n","protected":false},"featured_media":0,"template":"","meta":{"_monsterinsights_skip_tracking":false,"_monsterinsights_sitenote_active":false,"_monsterinsights_sitenote_note":"","_monsterinsights_sitenote_category":0},"product_brand":[],"product_cat":[12274,12518],"product_tag":[],"class_list":{"0":"post-690664","1":"product","2":"type-product","3":"status-publish","5":"product_cat-cocuk-ve-genclik-kitaplari","6":"product_cat-okul-oncesi-kitaplar","7":"pa_cilt-ciltsiz","8":"pa_tur-kitap","9":"pa_yayinevi-kok-yayinevi","10":"pa_yazar-nergiz-meltem-guven","12":"first","13":"instock","14":"sale","15":"shipping-taxable","16":"purchasable","17":"product-type-simple"},"_links":{"self":[{"href":"https:\/\/roveyayinevi.com.tr\/index.php\/wp-json\/wp\/v2\/product\/690664","targetHints":{"allow":["GET"]}}],"collection":[{"href":"https:\/\/roveyayinevi.com.tr\/index.php\/wp-json\/wp\/v2\/product"}],"about":[{"href":"https:\/\/roveyayinevi.com.tr\/index.php\/wp-json\/wp\/v2\/types\/product"}],"wp:attachment":[{"href":"https:\/\/roveyayinevi.com.tr\/index.php\/wp-json\/wp\/v2\/media?parent=690664"}],"wp:term":[{"taxonomy":"product_brand","embeddable":true,"href":"https:\/\/roveyayinevi.com.tr\/index.php\/wp-json\/wp\/v2\/product_brand?post=690664"},{"taxonomy":"product_cat","embeddable":true,"href":"https:\/\/roveyayinevi.com.tr\/index.php\/wp-json\/wp\/v2\/product_cat?post=690664"},{"taxonomy":"product_tag","embeddable":true,"href":"https:\/\/roveyayinevi.com.tr\/index.php\/wp-json\/wp\/v2\/product_tag?post=690664"}],"curies":[{"name":"wp","href":"https:\/\/api.w.org\/{rel}","templated":true}]}}