{"id":690663,"date":"2025-08-27T13:53:11","date_gmt":"2025-08-27T10:53:11","guid":{"rendered":"https:\/\/roveyayinevi.com.tr\/index.php\/urun\/okul-oncesi-muzik-etkinlikleri-uygulama-ornekleri\/"},"modified":"2026-04-16T02:00:17","modified_gmt":"2026-04-15T23:00:17","slug":"okul-oncesi-muzik-etkinlikleri-uygulama-ornekleri","status":"publish","type":"product","link":"https:\/\/roveyayinevi.com.tr\/index.php\/urun\/okul-oncesi-muzik-etkinlikleri-uygulama-ornekleri\/","title":{"rendered":"Okul \u00d6ncesi M\u00fczik Etkinlikleri Uygulama \u00d6rnekleri"},"content":{"rendered":"<p>Okul \u00f6ncesinde m\u00fczik etkinlikleri, sadece \u00e7ocu\u011fa \u015fark\u0131 \u00f6\u011fretmek ve \u015fark\u0131y\u0131 dramatize etmek de\u011fildir. \u00e7\u00fcnk\u00fc m\u00fczik e\u011fitiminde b\u00fct\u00fcnl\u00fck \u00f6nemlidir. M\u00fczik etkinliklerini uygularken a\u011f\u0131rl\u0131k zaman zaman bir etkinli\u011fe verilse bile, t\u00fcm etkinliklerin uygulanmas\u0131 gerekir. Ayr\u0131ca tekd\u00fcze yap\u0131lan etkinliklerin \u00e7ocuklar\u0131 s\u0131kt\u0131\u011f\u0131, yarat\u0131c\u0131l\u0131klar\u0131n\u0131 k\u0131s\u0131tlad\u0131\u011f\u0131 da bir ger\u00e7ektir. \u00f6nemli olan \u00e7ocuklara m\u00fczi\u011fi sevdirirken onlar\u0131 do\u011fru etkinliklere y\u00f6nlendirmektir. Kitab\u0131n amac\u0131 \u00f6\u011frencilerin m\u00fczik etkinliklerinde kendilerini geli\u015ftirmeleri ve bu etkinliklerle ilgili yeterlilik, planlama ve uygulama becerisi kazanmalar\u0131 ve derslerde \u00f6\u011frendiklerini \u00e7ocuklar\u0131n m\u00fczik e\u011fitiminde uygulamalar\u0131d\u0131r. Bu \u015fekilde iyi planlanm\u0131\u015f ve uygulamaya d\u00f6k\u00fclm\u00fc\u015f m\u00fczik etkinlikleri, \u00f6\u011frencilerin sadece m\u00fczik yeterliliklerini geli\u015ftirmekle kalmay\u0131p elde ettikleri kazan\u0131mlar\u0131 \u00e7ocuklarla payla\u015farak m\u00fczik etkinliklerini \u00e7ocuklar\u0131 e\u011flendirerek \u00f6\u011fretmelerini sa\u011flayacakt\u0131r. \u00e7\u00fcnk\u00fc iyi planlanm\u0131\u015f bir e\u011fitim program\u0131 \u00e7ocu\u011fun geli\u015fimine olduk\u00e7a katk\u0131 sa\u011flayacakt\u0131r. <\/p>\n","protected":false},"excerpt":{"rendered":"<p>Okul \u00f6ncesinde m\u00fczik etkinlikleri, sadece \u00e7ocu\u011fa \u015fark\u0131 \u00f6\u011fretmek ve \u015fark\u0131y\u0131 dramatize etmek de\u011fildir. \u00e7\u00fcnk\u00fc m\u00fczik e\u011fitiminde b\u00fct\u00fcnl\u00fck \u00f6nemlidir. M\u00fczik etkinliklerini uygularken a\u011f\u0131rl\u0131k zaman zaman bir etkinli\u011fe<span class=\"excerpt-hellip\"> [\u2026]<\/span><\/p>\n","protected":false},"featured_media":0,"template":"","meta":{"_monsterinsights_skip_tracking":false,"_monsterinsights_sitenote_active":false,"_monsterinsights_sitenote_note":"","_monsterinsights_sitenote_category":0},"product_brand":[],"product_cat":[12573,12566],"product_tag":[],"class_list":{"0":"post-690663","1":"product","2":"type-product","3":"status-publish","5":"product_cat-akademik-kitaplar","6":"product_cat-egitim","7":"pa_cilt-ciltsiz","8":"pa_tur-kitap","9":"pa_yayinevi-kok-yayinevi","10":"pa_yazar-kolektif","12":"first","13":"instock","14":"sale","15":"shipping-taxable","16":"purchasable","17":"product-type-simple"},"_links":{"self":[{"href":"https:\/\/roveyayinevi.com.tr\/index.php\/wp-json\/wp\/v2\/product\/690663","targetHints":{"allow":["GET"]}}],"collection":[{"href":"https:\/\/roveyayinevi.com.tr\/index.php\/wp-json\/wp\/v2\/product"}],"about":[{"href":"https:\/\/roveyayinevi.com.tr\/index.php\/wp-json\/wp\/v2\/types\/product"}],"wp:attachment":[{"href":"https:\/\/roveyayinevi.com.tr\/index.php\/wp-json\/wp\/v2\/media?parent=690663"}],"wp:term":[{"taxonomy":"product_brand","embeddable":true,"href":"https:\/\/roveyayinevi.com.tr\/index.php\/wp-json\/wp\/v2\/product_brand?post=690663"},{"taxonomy":"product_cat","embeddable":true,"href":"https:\/\/roveyayinevi.com.tr\/index.php\/wp-json\/wp\/v2\/product_cat?post=690663"},{"taxonomy":"product_tag","embeddable":true,"href":"https:\/\/roveyayinevi.com.tr\/index.php\/wp-json\/wp\/v2\/product_tag?post=690663"}],"curies":[{"name":"wp","href":"https:\/\/api.w.org\/{rel}","templated":true}]}}