{"id":690662,"date":"2025-08-27T13:53:11","date_gmt":"2025-08-27T10:53:11","guid":{"rendered":"https:\/\/roveyayinevi.com.tr\/index.php\/urun\/dogrudan-ogretim-modelinde-kavram-ogretimi\/"},"modified":"2026-04-16T02:00:17","modified_gmt":"2026-04-15T23:00:17","slug":"dogrudan-ogretim-modelinde-kavram-ogretimi","status":"publish","type":"product","link":"https:\/\/roveyayinevi.com.tr\/index.php\/urun\/dogrudan-ogretim-modelinde-kavram-ogretimi\/","title":{"rendered":"Do\u011frudan \u00d6\u011fretim Modeli&#8217;nde Kavram \u00d6\u011fretimi"},"content":{"rendered":"<p>Kavram \u00f6\u011frenmede \u00e7ocuklar\u0131n ya\u015fad\u0131\u011f\u0131 s\u00fcre\u00e7ler k\u0131lavuz al\u0131narak haz\u0131rlanan kitapta yanl\u0131\u015fs\u0131z \u00f6\u011fretim y\u00f6ntemlerinden biri olan, e\u015f zamanl\u0131 ip ucuyla kavram \u00f6\u011fretmek planlanm\u0131\u015ft\u0131r. Ayr\u0131ca Do\u011frudan \u00f6\u011fretim ve e\u015f zamanl\u0131 ip ucuyla kavram \u00f6\u011fretimi y\u00f6ntemlerinin etkililikleri ve verimlilikleri kar\u015f\u0131la\u015ft\u0131r\u0131lm\u0131\u015f, olumlu,\u00f6\u011fretmenlerin i\u015fine yarayaca\u011f\u0131 d\u00fc\u015f\u00fcn\u00fclen sonu\u00e7lar al\u0131narak, okuyucularla payla\u015f\u0131lm\u0131\u015ft\u0131r. <\/p>\n","protected":false},"excerpt":{"rendered":"<p>Kavram \u00f6\u011frenmede \u00e7ocuklar\u0131n ya\u015fad\u0131\u011f\u0131 s\u00fcre\u00e7ler k\u0131lavuz al\u0131narak haz\u0131rlanan kitapta yanl\u0131\u015fs\u0131z \u00f6\u011fretim y\u00f6ntemlerinden biri olan, e\u015f zamanl\u0131 ip ucuyla kavram \u00f6\u011fretmek planlanm\u0131\u015ft\u0131r. Ayr\u0131ca Do\u011frudan \u00f6\u011fretim ve e\u015f<span class=\"excerpt-hellip\"> [\u2026]<\/span><\/p>\n","protected":false},"featured_media":0,"template":"","meta":{"_monsterinsights_skip_tracking":false,"_monsterinsights_sitenote_active":false,"_monsterinsights_sitenote_note":"","_monsterinsights_sitenote_category":0},"product_brand":[],"product_cat":[12312,12304],"product_tag":[],"class_list":{"0":"post-690662","1":"product","2":"type-product","3":"status-publish","5":"product_cat-diger","6":"product_cat-tarih","7":"pa_cilt-ciltsiz","8":"pa_tur-kitap","9":"pa_yayinevi-kok-yayinevi","10":"pa_yazar-tuba-tuncer","12":"first","13":"instock","14":"sale","15":"shipping-taxable","16":"purchasable","17":"product-type-simple"},"_links":{"self":[{"href":"https:\/\/roveyayinevi.com.tr\/index.php\/wp-json\/wp\/v2\/product\/690662","targetHints":{"allow":["GET"]}}],"collection":[{"href":"https:\/\/roveyayinevi.com.tr\/index.php\/wp-json\/wp\/v2\/product"}],"about":[{"href":"https:\/\/roveyayinevi.com.tr\/index.php\/wp-json\/wp\/v2\/types\/product"}],"wp:attachment":[{"href":"https:\/\/roveyayinevi.com.tr\/index.php\/wp-json\/wp\/v2\/media?parent=690662"}],"wp:term":[{"taxonomy":"product_brand","embeddable":true,"href":"https:\/\/roveyayinevi.com.tr\/index.php\/wp-json\/wp\/v2\/product_brand?post=690662"},{"taxonomy":"product_cat","embeddable":true,"href":"https:\/\/roveyayinevi.com.tr\/index.php\/wp-json\/wp\/v2\/product_cat?post=690662"},{"taxonomy":"product_tag","embeddable":true,"href":"https:\/\/roveyayinevi.com.tr\/index.php\/wp-json\/wp\/v2\/product_tag?post=690662"}],"curies":[{"name":"wp","href":"https:\/\/api.w.org\/{rel}","templated":true}]}}