{"id":690661,"date":"2025-08-27T13:53:11","date_gmt":"2025-08-27T10:53:11","guid":{"rendered":"https:\/\/roveyayinevi.com.tr\/index.php\/urun\/okula-giden-kedi\/"},"modified":"2026-04-16T02:00:17","modified_gmt":"2026-04-15T23:00:17","slug":"okula-giden-kedi","status":"publish","type":"product","link":"https:\/\/roveyayinevi.com.tr\/index.php\/urun\/okula-giden-kedi\/","title":{"rendered":"Okula Giden Kedi"},"content":{"rendered":"<p>\u00c7ocuk b\u00fcy\u00fcr hep. \u00c7ocuk ger\u00e7ekli\u011fine g\u00f6re yaz\u0131lm\u0131\u015f \u015fiirler ise ayn\u0131 ya\u015fta kal\u0131r ve b\u00fcy\u00fcyemez&#8230; \u00c7ocuklar i\u00e7in yaz\u0131lm\u0131\u015f \u015fiirler anne s\u00fct\u00fcne benzer. Anne s\u00fct\u00fc nas\u0131l bebek i\u00e7in \u00f6nemliyse \u015fiir de \u00e7ocukluk \u00e7a\u011f\u0131nda okundu\u011funda de\u011ferlidir \u00e7ocuk i\u00e7in. \u0130yi yaz\u0131lm\u0131\u015f \u00e7ocuk \u015fiirleri ise hi\u00e7 eskimez ve tazeliklerini korur hep&#8230; \u0130yi \u015fiir taze s\u00fct gibidir. \u00c7ocuklar\u0131n \u015fiir s\u00fct\u00fcyle beslenmesi de bir \u00e7ocuk hakk\u0131d\u0131r&#8230; \ufffcTan\u0131t\u0131m Metni<\/p>\n","protected":false},"excerpt":{"rendered":"<p>\u00c7ocuk b\u00fcy\u00fcr hep. \u00c7ocuk ger\u00e7ekli\u011fine g\u00f6re yaz\u0131lm\u0131\u015f \u015fiirler ise ayn\u0131 ya\u015fta kal\u0131r ve b\u00fcy\u00fcyemez&#8230; \u00c7ocuklar i\u00e7in yaz\u0131lm\u0131\u015f \u015fiirler anne s\u00fct\u00fcne benzer. Anne s\u00fct\u00fc nas\u0131l bebek i\u00e7in<span class=\"excerpt-hellip\"> [\u2026]<\/span><\/p>\n","protected":false},"featured_media":0,"template":"","meta":{"_monsterinsights_skip_tracking":false,"_monsterinsights_sitenote_active":false,"_monsterinsights_sitenote_note":"","_monsterinsights_sitenote_category":0},"product_brand":[],"product_cat":[12275,12274],"product_tag":[],"class_list":{"0":"post-690661","1":"product","2":"type-product","3":"status-publish","5":"product_cat-6-12-yas-kitaplari","6":"product_cat-cocuk-ve-genclik-kitaplari","7":"pa_cilt-ciltsiz","8":"pa_tur-kitap","9":"pa_yayinevi-kok-yayinevi","10":"pa_yazar-mustafa-ruhi-sirin","12":"first","13":"instock","14":"sale","15":"shipping-taxable","16":"purchasable","17":"product-type-simple"},"_links":{"self":[{"href":"https:\/\/roveyayinevi.com.tr\/index.php\/wp-json\/wp\/v2\/product\/690661","targetHints":{"allow":["GET"]}}],"collection":[{"href":"https:\/\/roveyayinevi.com.tr\/index.php\/wp-json\/wp\/v2\/product"}],"about":[{"href":"https:\/\/roveyayinevi.com.tr\/index.php\/wp-json\/wp\/v2\/types\/product"}],"wp:attachment":[{"href":"https:\/\/roveyayinevi.com.tr\/index.php\/wp-json\/wp\/v2\/media?parent=690661"}],"wp:term":[{"taxonomy":"product_brand","embeddable":true,"href":"https:\/\/roveyayinevi.com.tr\/index.php\/wp-json\/wp\/v2\/product_brand?post=690661"},{"taxonomy":"product_cat","embeddable":true,"href":"https:\/\/roveyayinevi.com.tr\/index.php\/wp-json\/wp\/v2\/product_cat?post=690661"},{"taxonomy":"product_tag","embeddable":true,"href":"https:\/\/roveyayinevi.com.tr\/index.php\/wp-json\/wp\/v2\/product_tag?post=690661"}],"curies":[{"name":"wp","href":"https:\/\/api.w.org\/{rel}","templated":true}]}}