{"id":690660,"date":"2025-08-27T13:53:10","date_gmt":"2025-08-27T10:53:10","guid":{"rendered":"https:\/\/roveyayinevi.com.tr\/index.php\/urun\/olumsuzluk-gezegeni\/"},"modified":"2026-04-16T02:00:17","modified_gmt":"2026-04-15T23:00:17","slug":"olumsuzluk-gezegeni","status":"publish","type":"product","link":"https:\/\/roveyayinevi.com.tr\/index.php\/urun\/olumsuzluk-gezegeni\/","title":{"rendered":"\u00d6l\u00fcms\u00fczl\u00fck Gezegeni"},"content":{"rendered":"<p>Bu kitap, d\u00fc\u015f kurma g\u00fc\u00e7lerine s\u0131n\u0131r \u00e7izilemeyen iki \u00e7ocu\u011fun Sadako\u2019yla Can\u2019\u0131n, roman\u0131d\u0131r. Sadako, \u00d6l\u00fcms\u00fczl\u00fck Gezegeni\u2019nde ya\u015fayan Japonyal\u0131 bir k\u0131z \u00e7ocu\u011fudur. D\u00fcnyadaki d\u00fc\u015f kurma ikizini, Can\u2019\u0131, bulur; ona gizemli mektuplar yazar. Mektuplar\u0131nda hem kendi ac\u0131kl\u0131 ya\u015fam \u00f6yk\u00fcs\u00fcn\u00fc anlat\u0131r hem de Can\u2019\u0131n d\u00fc\u015flerini s\u00fcsleyen b\u00fcy\u00fck bir yazar olma iste\u011fine y\u00f6n verir. Anlat\u0131lanlar, ger\u00e7eklerle d\u00fc\u015flerin i\u00e7 i\u00e7e ge\u00e7ti\u011fi bir ortamda ge\u00e7er. Kitab\u0131 okurken birbirini b\u00fct\u00fcnleyen r\u00fcyalar\u0131n, masallar\u0131n, \u015fiirlerin i\u00e7inde dola\u015facak, duygulu, heyecanl\u0131 anlar ya\u015fayacaks\u0131n\u0131z. \u00d6l\u00fcms\u00fczl\u00fck Gezegeni, umudun, sevginin, dostluk ve arkada\u015fl\u0131\u011f\u0131n ya\u015fam\u0131m\u0131za katt\u0131\u011f\u0131 anlam\u0131 yans\u0131tan, soluk solu\u011fa, severek okuyaca\u011f\u0131n\u0131z bir kitap&#8230; \ufffcTan\u0131t\u0131m Metni<\/p>\n","protected":false},"excerpt":{"rendered":"<p>Bu kitap, d\u00fc\u015f kurma g\u00fc\u00e7lerine s\u0131n\u0131r \u00e7izilemeyen iki \u00e7ocu\u011fun Sadako\u2019yla Can\u2019\u0131n, roman\u0131d\u0131r. Sadako, \u00d6l\u00fcms\u00fczl\u00fck Gezegeni\u2019nde ya\u015fayan Japonyal\u0131 bir k\u0131z \u00e7ocu\u011fudur. D\u00fcnyadaki d\u00fc\u015f kurma ikizini, Can\u2019\u0131, bulur;<span class=\"excerpt-hellip\"> [\u2026]<\/span><\/p>\n","protected":false},"featured_media":0,"template":"","meta":{"_monsterinsights_skip_tracking":false,"_monsterinsights_sitenote_active":false,"_monsterinsights_sitenote_note":"","_monsterinsights_sitenote_category":0},"product_brand":[],"product_cat":[12275,12274],"product_tag":[],"class_list":{"0":"post-690660","1":"product","2":"type-product","3":"status-publish","5":"product_cat-6-12-yas-kitaplari","6":"product_cat-cocuk-ve-genclik-kitaplari","7":"pa_cilt-ciltsiz","8":"pa_tur-kitap","9":"pa_yayinevi-kok-yayinevi","10":"pa_yazar-emin-ozdemir","12":"first","13":"instock","14":"sale","15":"shipping-taxable","16":"purchasable","17":"product-type-simple"},"_links":{"self":[{"href":"https:\/\/roveyayinevi.com.tr\/index.php\/wp-json\/wp\/v2\/product\/690660","targetHints":{"allow":["GET"]}}],"collection":[{"href":"https:\/\/roveyayinevi.com.tr\/index.php\/wp-json\/wp\/v2\/product"}],"about":[{"href":"https:\/\/roveyayinevi.com.tr\/index.php\/wp-json\/wp\/v2\/types\/product"}],"wp:attachment":[{"href":"https:\/\/roveyayinevi.com.tr\/index.php\/wp-json\/wp\/v2\/media?parent=690660"}],"wp:term":[{"taxonomy":"product_brand","embeddable":true,"href":"https:\/\/roveyayinevi.com.tr\/index.php\/wp-json\/wp\/v2\/product_brand?post=690660"},{"taxonomy":"product_cat","embeddable":true,"href":"https:\/\/roveyayinevi.com.tr\/index.php\/wp-json\/wp\/v2\/product_cat?post=690660"},{"taxonomy":"product_tag","embeddable":true,"href":"https:\/\/roveyayinevi.com.tr\/index.php\/wp-json\/wp\/v2\/product_tag?post=690660"}],"curies":[{"name":"wp","href":"https:\/\/api.w.org\/{rel}","templated":true}]}}