{"id":690658,"date":"2025-08-27T13:53:10","date_gmt":"2025-08-27T10:53:10","guid":{"rendered":"https:\/\/roveyayinevi.com.tr\/index.php\/urun\/okulda-akran-istismari\/"},"modified":"2026-04-16T02:00:17","modified_gmt":"2026-04-15T23:00:17","slug":"okulda-akran-istismari","status":"publish","type":"product","link":"https:\/\/roveyayinevi.com.tr\/index.php\/urun\/okulda-akran-istismari\/","title":{"rendered":"Okulda Akran \u0130stismar\u0131"},"content":{"rendered":"<p>\u00f6\u011frenciler aras\u0131nda ya\u015fanan akran istismar\u0131 yeni bir sorun de\u011fildir. Ne yaz\u0131k ki bu sorun \u00fclkemizde hen\u00fcz tam olarak tan\u0131mlanabilmi\u015f dahi de\u011fildir. Bu kitab\u0131 derlemekteki amac\u0131m\u0131z \u00f6\u011fretmenleri, okul rehberlik servislerini, velileri, \u00f6\u011frencileri, \u00e7ocuk ve ergen ruh sa\u011fl\u0131\u011f\u0131 \u00e7al\u0131\u015fanlar\u0131n\u0131 bu sorunlu davran\u0131\u015f hakk\u0131nda d\u00fc\u015f\u00fcnmeye davet etmektedir. <\/p>\n","protected":false},"excerpt":{"rendered":"<p>\u00f6\u011frenciler aras\u0131nda ya\u015fanan akran istismar\u0131 yeni bir sorun de\u011fildir. Ne yaz\u0131k ki bu sorun \u00fclkemizde hen\u00fcz tam olarak tan\u0131mlanabilmi\u015f dahi de\u011fildir. Bu kitab\u0131 derlemekteki amac\u0131m\u0131z \u00f6\u011fretmenleri,<span class=\"excerpt-hellip\"> [\u2026]<\/span><\/p>\n","protected":false},"featured_media":0,"template":"","meta":{"_monsterinsights_skip_tracking":false,"_monsterinsights_sitenote_active":false,"_monsterinsights_sitenote_note":"","_monsterinsights_sitenote_category":0},"product_brand":[],"product_cat":[12312,12304],"product_tag":[],"class_list":{"0":"post-690658","1":"product","2":"type-product","3":"status-publish","5":"product_cat-diger","6":"product_cat-tarih","7":"pa_cilt-ciltsiz","8":"pa_tur-kitap","9":"pa_yayinevi-kok-yayinevi","10":"pa_yazar-esin-koman","12":"first","13":"instock","14":"sale","15":"shipping-taxable","16":"purchasable","17":"product-type-simple"},"_links":{"self":[{"href":"https:\/\/roveyayinevi.com.tr\/index.php\/wp-json\/wp\/v2\/product\/690658","targetHints":{"allow":["GET"]}}],"collection":[{"href":"https:\/\/roveyayinevi.com.tr\/index.php\/wp-json\/wp\/v2\/product"}],"about":[{"href":"https:\/\/roveyayinevi.com.tr\/index.php\/wp-json\/wp\/v2\/types\/product"}],"wp:attachment":[{"href":"https:\/\/roveyayinevi.com.tr\/index.php\/wp-json\/wp\/v2\/media?parent=690658"}],"wp:term":[{"taxonomy":"product_brand","embeddable":true,"href":"https:\/\/roveyayinevi.com.tr\/index.php\/wp-json\/wp\/v2\/product_brand?post=690658"},{"taxonomy":"product_cat","embeddable":true,"href":"https:\/\/roveyayinevi.com.tr\/index.php\/wp-json\/wp\/v2\/product_cat?post=690658"},{"taxonomy":"product_tag","embeddable":true,"href":"https:\/\/roveyayinevi.com.tr\/index.php\/wp-json\/wp\/v2\/product_tag?post=690658"}],"curies":[{"name":"wp","href":"https:\/\/api.w.org\/{rel}","templated":true}]}}