{"id":690653,"date":"2025-08-27T13:53:09","date_gmt":"2025-08-27T10:53:09","guid":{"rendered":"https:\/\/roveyayinevi.com.tr\/index.php\/urun\/kucuk-parcalardan-kocaman-harikalar\/"},"modified":"2026-04-16T02:00:17","modified_gmt":"2026-04-15T23:00:17","slug":"kucuk-parcalardan-kocaman-harikalar","status":"publish","type":"product","link":"https:\/\/roveyayinevi.com.tr\/index.php\/urun\/kucuk-parcalardan-kocaman-harikalar\/","title":{"rendered":"K\u00fc\u00e7\u00fck Par\u00e7alardan Kocaman Harikalar"},"content":{"rendered":"<p>\u00c7ocuklar \u00e7e\u015fitli art\u0131k malzemeleri ke\u015ffederek ve onlar\u0131 bir araya getirerek, ortaya de\u011fi\u015fik \u00fcr\u00fcnler \u00e7\u0131karma becerisi kazand\u0131klar\u0131nda kendilerini \u00f6zg\u00fcr hissettikleri \u00f6l\u00e7\u00fcde \u00f6zg\u00fcn bir ki\u015filik geli\u015ftireceklerdir. Ayn\u0131 zamanda ekonomik de olan art\u0131k malzemelerin kullan\u0131m\u0131 \u00e7ocu\u011fa kazand\u0131rd\u0131\u011f\u0131 el becerilerinin yan\u0131 s\u0131ra \u00e7ocu\u011fun d\u00fc\u015f\u00fcncelerini nesnelerle ifade etme, proje geli\u015ftirme becerileri, el-g\u00f6z koordinasyonu, yarat\u0131c\u0131l\u0131\u011f\u0131n geli\u015fimi gibi pek \u00e7ok alan\u0131 da destekler. Bu kitap okul \u00f6ncesi e\u011fitim alan\u0131ndaki e\u011fitimcilere, e\u011fitimci adaylar\u0131na ve konuya ilgi duyan ve \u00e7ocuklar\u0131yla ho\u015f vakit ge\u00e7irmek isteyen anne babalara y\u00f6nelik haz\u0131rlanm\u0131\u015ft\u0131r. <\/p>\n","protected":false},"excerpt":{"rendered":"<p>\u00c7ocuklar \u00e7e\u015fitli art\u0131k malzemeleri ke\u015ffederek ve onlar\u0131 bir araya getirerek, ortaya de\u011fi\u015fik \u00fcr\u00fcnler \u00e7\u0131karma becerisi kazand\u0131klar\u0131nda kendilerini \u00f6zg\u00fcr hissettikleri \u00f6l\u00e7\u00fcde \u00f6zg\u00fcn bir ki\u015filik geli\u015ftireceklerdir. Ayn\u0131 zamanda<span class=\"excerpt-hellip\"> [\u2026]<\/span><\/p>\n","protected":false},"featured_media":0,"template":"","meta":{"_monsterinsights_skip_tracking":false,"_monsterinsights_sitenote_active":false,"_monsterinsights_sitenote_note":"","_monsterinsights_sitenote_category":0},"product_brand":[],"product_cat":[12913,12274],"product_tag":[],"class_list":{"0":"post-690653","1":"product","2":"type-product","3":"status-publish","5":"product_cat-3-6-yas-kitaplari","6":"product_cat-cocuk-ve-genclik-kitaplari","7":"pa_cilt-ciltsiz","8":"pa_tur-kitap","9":"pa_yayinevi-kok-yayinevi","10":"pa_yazar-h-mine-kucuk","12":"first","13":"instock","14":"sale","15":"shipping-taxable","16":"purchasable","17":"product-type-simple"},"_links":{"self":[{"href":"https:\/\/roveyayinevi.com.tr\/index.php\/wp-json\/wp\/v2\/product\/690653","targetHints":{"allow":["GET"]}}],"collection":[{"href":"https:\/\/roveyayinevi.com.tr\/index.php\/wp-json\/wp\/v2\/product"}],"about":[{"href":"https:\/\/roveyayinevi.com.tr\/index.php\/wp-json\/wp\/v2\/types\/product"}],"wp:attachment":[{"href":"https:\/\/roveyayinevi.com.tr\/index.php\/wp-json\/wp\/v2\/media?parent=690653"}],"wp:term":[{"taxonomy":"product_brand","embeddable":true,"href":"https:\/\/roveyayinevi.com.tr\/index.php\/wp-json\/wp\/v2\/product_brand?post=690653"},{"taxonomy":"product_cat","embeddable":true,"href":"https:\/\/roveyayinevi.com.tr\/index.php\/wp-json\/wp\/v2\/product_cat?post=690653"},{"taxonomy":"product_tag","embeddable":true,"href":"https:\/\/roveyayinevi.com.tr\/index.php\/wp-json\/wp\/v2\/product_tag?post=690653"}],"curies":[{"name":"wp","href":"https:\/\/api.w.org\/{rel}","templated":true}]}}