{"id":690651,"date":"2025-08-27T13:53:09","date_gmt":"2025-08-27T10:53:09","guid":{"rendered":"https:\/\/roveyayinevi.com.tr\/index.php\/urun\/carlik-polis-raporlarinda-tasnaklar\/"},"modified":"2026-04-16T02:00:17","modified_gmt":"2026-04-15T23:00:17","slug":"carlik-polis-raporlarinda-tasnaklar","status":"publish","type":"product","link":"https:\/\/roveyayinevi.com.tr\/index.php\/urun\/carlik-polis-raporlarinda-tasnaklar\/","title":{"rendered":"\u00c7arl\u0131k Polis Raporlar\u0131nda Ta\u015fnaklar"},"content":{"rendered":"<p>Ermeni Belgeleriyle Ermeni Soyk\u0131r\u0131m\u0131 Yalan\u0131 ba\u015fl\u0131kl\u0131 dizimizin elinizdeki kitab\u0131nda, bir \u00c7arl\u0131k polis raporuna yer veriyoruz. \u0130smi belgede yer almayan, Polis \u015eubesinden bir yarbay\u0131n derlemi\u015f oldu\u011fu bu rapor, 1908 y\u0131l\u0131nda kaleme al\u0131nm\u0131\u015ft\u0131r. Rapora, Ta\u015fnakalr\u0131n Parti program\u0131, t\u00fcz\u00fc\u011f\u00fc, te\u015fkilat \u015femas\u0131 gibi kendi belgeleride eklenmi\u015ftir. Rapor, eski ad\u0131 SSCB Ekim Devrimi Merkez parti Ar\u015fivi (TsGAOR SSSR) olan Rusya Federasyonu Devlet Ar\u015fivi2nde (GARF) kay\u0131t alt\u0131ndad\u0131r. \u00c7arl\u0131k polisinin bu raporlar\u0131nda, Ermeni milliyet\u00e7ili\u011finin sald\u0131rgan, di\u011fer milletlere nefret duyan yan\u0131 ve en \u00f6nemli temsilcisi Ta\u015fnaksutyun\u2019un tamamen bir ter\u00f6r \u00f6rg\u00fct\u00fc oldu\u011fu kayda ge\u00e7irilmi\u015ftir. Ta\u015fnak ter\u00f6r\u00fc, M\u00fcsl\u00fcmanlara ve Ruslara y\u00f6nelik oldu\u011fu kadar, Ermenileri de hedef alm\u0131\u015ft\u0131r. Parti b\u00fcnyesinde Ter\u00f6r Komiteleri olu\u015fturulmu\u015ftur, bunun e\u011fitimleri de verilmi\u015ftir. Yay\u0131mlad\u0131\u011f\u0131m\u0131z bu rapor Bat\u0131 g\u00fcd\u00fcml\u00fc Ermeni iddialar\u0131na kar\u015f\u0131 T\u00fcrkiye\u2019nin hakl\u0131 sava\u015f\u0131n\u0131 bir kez daha kan\u0131tlamaktad\u0131r. <\/p>\n","protected":false},"excerpt":{"rendered":"<p>Ermeni Belgeleriyle Ermeni Soyk\u0131r\u0131m\u0131 Yalan\u0131 ba\u015fl\u0131kl\u0131 dizimizin elinizdeki kitab\u0131nda, bir \u00c7arl\u0131k polis raporuna yer veriyoruz. \u0130smi belgede yer almayan, Polis \u015eubesinden bir yarbay\u0131n derlemi\u015f oldu\u011fu bu<span class=\"excerpt-hellip\"> [\u2026]<\/span><\/p>\n","protected":false},"featured_media":0,"template":"","meta":{"_monsterinsights_skip_tracking":false,"_monsterinsights_sitenote_active":false,"_monsterinsights_sitenote_note":"","_monsterinsights_sitenote_category":0},"product_brand":[],"product_cat":[13517,12304],"product_tag":[],"class_list":{"0":"post-690651","1":"product","2":"type-product","3":"status-publish","5":"product_cat-osmanli-tarihi","6":"product_cat-tarih","7":"pa_cilt-ciltsiz","8":"pa_tur-kitap","9":"pa_yayinevi-kaynak-yayinlari","10":"pa_yazar-derleme","12":"first","13":"instock","14":"sale","15":"shipping-taxable","16":"purchasable","17":"product-type-simple"},"_links":{"self":[{"href":"https:\/\/roveyayinevi.com.tr\/index.php\/wp-json\/wp\/v2\/product\/690651","targetHints":{"allow":["GET"]}}],"collection":[{"href":"https:\/\/roveyayinevi.com.tr\/index.php\/wp-json\/wp\/v2\/product"}],"about":[{"href":"https:\/\/roveyayinevi.com.tr\/index.php\/wp-json\/wp\/v2\/types\/product"}],"wp:attachment":[{"href":"https:\/\/roveyayinevi.com.tr\/index.php\/wp-json\/wp\/v2\/media?parent=690651"}],"wp:term":[{"taxonomy":"product_brand","embeddable":true,"href":"https:\/\/roveyayinevi.com.tr\/index.php\/wp-json\/wp\/v2\/product_brand?post=690651"},{"taxonomy":"product_cat","embeddable":true,"href":"https:\/\/roveyayinevi.com.tr\/index.php\/wp-json\/wp\/v2\/product_cat?post=690651"},{"taxonomy":"product_tag","embeddable":true,"href":"https:\/\/roveyayinevi.com.tr\/index.php\/wp-json\/wp\/v2\/product_tag?post=690651"}],"curies":[{"name":"wp","href":"https:\/\/api.w.org\/{rel}","templated":true}]}}