{"id":690649,"date":"2025-08-27T13:53:08","date_gmt":"2025-08-27T10:53:08","guid":{"rendered":"https:\/\/roveyayinevi.com.tr\/index.php\/urun\/din-ve-laiklik-uzerine\/"},"modified":"2026-04-16T02:00:17","modified_gmt":"2026-04-15T23:00:17","slug":"din-ve-laiklik-uzerine","status":"publish","type":"product","link":"https:\/\/roveyayinevi.com.tr\/index.php\/urun\/din-ve-laiklik-uzerine\/","title":{"rendered":"Din ve Laiklik \u00dczerine"},"content":{"rendered":"<p>Bu derleme, Atat\u00fcrk&#8217;\u00fcn din ve laiklik \u00fczerine s\u00f6ylediklerini ve yazd\u0131klar\u0131n\u0131 i\u00e7eriyor. Do\u011fu Perin\u00e7ek, Atat\u00fcrk&#8217;\u00fcn b\u00fct\u00fcn eserleri yan\u0131nda, T\u00fcrk Tarih Kurumu Ar\u015fivlerinde halktan gizlenen yay\u0131mlanmam\u0131\u015f el yaz\u0131lar\u0131n\u0131 da inceledi ve ilgili b\u00f6l\u00fcmleri derlemeye ald\u0131. T\u00fcrk Tarihinde \u0130slam\u0131n ve Halifenin Rol\u00fc Sultan ve Hilafelerin D\u00fc\u015fmanla \u0130\u015fbirli\u011fi \u015eeyhler, Dervi\u015fler, Tarikat \u015eeyhleri M\u00fcft\u00fcler, Hatipler ve \u0130mamlar Atat\u00fcrk&#8217;\u00fcn El Yaz\u0131s\u0131yla: Allah&#8217;\u0131n Do\u011fu\u015fu, Muhammed ve \u0130slamiyet, Dinin Rol\u00fc Laiklik, Din ve D\u00fcnya \u0130\u015flerinin Ayr\u0131lmas\u0131 Bu derleme, Do\u011fu Perin\u00e7ek&#8217;in Kemalist Devrim-2 Din ve Allah kitab\u0131yla birlikte incelenmelidir. <\/p>\n","protected":false},"excerpt":{"rendered":"<p>Bu derleme, Atat\u00fcrk&#8217;\u00fcn din ve laiklik \u00fczerine s\u00f6ylediklerini ve yazd\u0131klar\u0131n\u0131 i\u00e7eriyor. Do\u011fu Perin\u00e7ek, Atat\u00fcrk&#8217;\u00fcn b\u00fct\u00fcn eserleri yan\u0131nda, T\u00fcrk Tarih Kurumu Ar\u015fivlerinde halktan gizlenen yay\u0131mlanmam\u0131\u015f el yaz\u0131lar\u0131n\u0131<span class=\"excerpt-hellip\"> [\u2026]<\/span><\/p>\n","protected":false},"featured_media":0,"template":"","meta":{"_monsterinsights_skip_tracking":false,"_monsterinsights_sitenote_active":false,"_monsterinsights_sitenote_note":"","_monsterinsights_sitenote_category":0},"product_brand":[],"product_cat":[12530,12304],"product_tag":[],"class_list":{"0":"post-690649","1":"product","2":"type-product","3":"status-publish","5":"product_cat-mustafa-kemal-ataturk","6":"product_cat-tarih","7":"pa_tur-kitap","8":"pa_yayinevi-kaynak-yayinlari","9":"pa_yazar-mustafa-kemal-ataturk","11":"first","12":"instock","13":"sale","14":"shipping-taxable","15":"purchasable","16":"product-type-simple"},"_links":{"self":[{"href":"https:\/\/roveyayinevi.com.tr\/index.php\/wp-json\/wp\/v2\/product\/690649","targetHints":{"allow":["GET"]}}],"collection":[{"href":"https:\/\/roveyayinevi.com.tr\/index.php\/wp-json\/wp\/v2\/product"}],"about":[{"href":"https:\/\/roveyayinevi.com.tr\/index.php\/wp-json\/wp\/v2\/types\/product"}],"wp:attachment":[{"href":"https:\/\/roveyayinevi.com.tr\/index.php\/wp-json\/wp\/v2\/media?parent=690649"}],"wp:term":[{"taxonomy":"product_brand","embeddable":true,"href":"https:\/\/roveyayinevi.com.tr\/index.php\/wp-json\/wp\/v2\/product_brand?post=690649"},{"taxonomy":"product_cat","embeddable":true,"href":"https:\/\/roveyayinevi.com.tr\/index.php\/wp-json\/wp\/v2\/product_cat?post=690649"},{"taxonomy":"product_tag","embeddable":true,"href":"https:\/\/roveyayinevi.com.tr\/index.php\/wp-json\/wp\/v2\/product_tag?post=690649"}],"curies":[{"name":"wp","href":"https:\/\/api.w.org\/{rel}","templated":true}]}}