{"id":690648,"date":"2025-08-27T13:53:08","date_gmt":"2025-08-27T10:53:08","guid":{"rendered":"https:\/\/roveyayinevi.com.tr\/index.php\/urun\/diasporadaki-tasnaklar\/"},"modified":"2026-04-16T02:00:17","modified_gmt":"2026-04-15T23:00:17","slug":"diasporadaki-tasnaklar","status":"publish","type":"product","link":"https:\/\/roveyayinevi.com.tr\/index.php\/urun\/diasporadaki-tasnaklar\/","title":{"rendered":"Diasporadaki Ta\u015fnaklar"},"content":{"rendered":"<p>Ermeni Belgeleriyle Ermeni Soyk\u0131r\u0131m\u0131 Yalan\u0131 dizimize, \u015earkiyat Bilim Derne\u011fi Yay\u0131nlar\u0131 taraf\u0131ndan 1934 y\u0131l\u0131nda Tiflis\u2019te bas\u0131lan S.G. Pirumyan&#8217;\u0131n (Pirumov)   Diasporadaki Ta\u015fnaklar  adl\u0131 eseri ile devam ediyoruz. Bat\u0131\u2019daki Ermeni diasporas\u0131n\u0131n emperyalist g\u00fcd\u00fcml\u00fc politikalar\u0131ndan yola \u00e7\u0131kan yazar, Birinci D\u00fcnya Sava\u015f\u0131\u2019n\u0131n \u00f6ncesinden Lozan Antla\u015fmas\u0131\u2019n\u0131n sonras\u0131ndaki geli\u015fmelere kadar geni\u015f bir d\u00f6nemi inceliyor. Pirumyan, elinizdeki kitab\u0131nda \u00f6zellikle \u015fu noktalar\u0131 vurguluyor: &#8211; Ermeni \u015fovenist milliyet\u00e7ili\u011finin temsilcisi Ta\u015fnaklar, sald\u0131rgan bir karakter ta\u015f\u0131maktad\u0131r. &#8211; \u00c7arl\u0131k Rusyas\u0131 Ermenileri T\u00fcrklerin \u00fczerine s\u00fcr\u00fcp k\u0131rd\u0131rtmay\u0131 ve i\u015fgalin ard\u0131ndan b\u00f6lgeye Don Kazaklar\u0131n\u0131 yerle\u015ftirmeyi planlam\u0131\u015ft\u0131r. &#8211; Ermeni g\u00f6n\u00fcll\u00fc birliklerin kurulmas\u0131 \u00e7ok b\u00fcy\u00fck bir hatad\u0131r. Ya\u015fanan trajedinin sorumlular\u0131 emperyalist devletler ve Ta\u015fnaklard\u0131r. &#8211;  Denizden Denize Ermenistan  projesi, Bat\u0131\u2019n\u0131n  Do\u011fu planlar\u0131  \u00e7er\u00e7evesinde geli\u015ftirilmi\u015ftir. &#8211; Ta\u015fnaklar, Ermenistan topraklar\u0131 i\u00e7indeki M\u00fcsl\u00fcman haklara kar\u015f\u0131 etnik temizlik yapm\u0131\u015f ve bunu bir devlet politikas\u0131 haline getirmi\u015ftir. &#8211; Lozan Antla\u015fmas\u0131\u2019ndan sonra Bat\u0131\u2019n\u0131n  ari uluslar\u0131 koruma  politikas\u0131 \u00e7er\u00e7evesinde Ermeni ve K\u00fcrt b\u00f6l\u00fcc\u00fcl\u00fc\u011f\u00fc birle\u015ftirimektedir. Sovyet Ermenistan\u0131\u2019n\u0131n \u00f6nemli siyaset adam\u0131 ve d\u00fc\u015f\u00fcn\u00fcrlerinden biri olan Pirumyan\u2019\u0131n bu eseri, Ermeni soyk\u0131r\u0131m\u0131 yalan\u0131n\u0131n bug\u00fcn Bat\u0131\u2019da nas\u0131l ve neden g\u00fcndeme getirildi\u011fini anlamak bak\u0131m\u0131ndan b\u00fcy\u00fck \u00f6nem ta\u015f\u0131maktad\u0131r. <\/p>\n","protected":false},"excerpt":{"rendered":"<p>Ermeni Belgeleriyle Ermeni Soyk\u0131r\u0131m\u0131 Yalan\u0131 dizimize, \u015earkiyat Bilim Derne\u011fi Yay\u0131nlar\u0131 taraf\u0131ndan 1934 y\u0131l\u0131nda Tiflis\u2019te bas\u0131lan S.G. Pirumyan&#8217;\u0131n (Pirumov) Diasporadaki Ta\u015fnaklar adl\u0131 eseri ile devam ediyoruz. Bat\u0131\u2019daki<span class=\"excerpt-hellip\"> [\u2026]<\/span><\/p>\n","protected":false},"featured_media":0,"template":"","meta":{"_monsterinsights_skip_tracking":false,"_monsterinsights_sitenote_active":false,"_monsterinsights_sitenote_note":"","_monsterinsights_sitenote_category":0},"product_brand":[],"product_cat":[13656,12337],"product_tag":[],"class_list":{"0":"post-690648","1":"product","2":"type-product","3":"status-publish","5":"product_cat-azinliklar-etnik-sorunlar","6":"product_cat-politika-siyaset","7":"pa_tur-kitap","8":"pa_yayinevi-kaynak-yayinlari","9":"pa_yazar-s-g-pirumyan","11":"first","12":"instock","13":"sale","14":"shipping-taxable","15":"purchasable","16":"product-type-simple"},"_links":{"self":[{"href":"https:\/\/roveyayinevi.com.tr\/index.php\/wp-json\/wp\/v2\/product\/690648","targetHints":{"allow":["GET"]}}],"collection":[{"href":"https:\/\/roveyayinevi.com.tr\/index.php\/wp-json\/wp\/v2\/product"}],"about":[{"href":"https:\/\/roveyayinevi.com.tr\/index.php\/wp-json\/wp\/v2\/types\/product"}],"wp:attachment":[{"href":"https:\/\/roveyayinevi.com.tr\/index.php\/wp-json\/wp\/v2\/media?parent=690648"}],"wp:term":[{"taxonomy":"product_brand","embeddable":true,"href":"https:\/\/roveyayinevi.com.tr\/index.php\/wp-json\/wp\/v2\/product_brand?post=690648"},{"taxonomy":"product_cat","embeddable":true,"href":"https:\/\/roveyayinevi.com.tr\/index.php\/wp-json\/wp\/v2\/product_cat?post=690648"},{"taxonomy":"product_tag","embeddable":true,"href":"https:\/\/roveyayinevi.com.tr\/index.php\/wp-json\/wp\/v2\/product_tag?post=690648"}],"curies":[{"name":"wp","href":"https:\/\/api.w.org\/{rel}","templated":true}]}}