{"id":690646,"date":"2025-08-27T13:53:08","date_gmt":"2025-08-27T10:53:08","guid":{"rendered":"https:\/\/roveyayinevi.com.tr\/index.php\/urun\/teknoloji-ve-ulasim\/"},"modified":"2026-04-16T02:00:16","modified_gmt":"2026-04-15T23:00:16","slug":"teknoloji-ve-ulasim","status":"publish","type":"product","link":"https:\/\/roveyayinevi.com.tr\/index.php\/urun\/teknoloji-ve-ulasim\/","title":{"rendered":"Teknoloji ve Ula\u015f\u0131m"},"content":{"rendered":"<p>Ya\u015fad\u0131\u011f\u0131m\u0131z ilgin\u00e7 d\u00fcnyay\u0131 ke\u015ffedin. Bu kitap size makinelerin g\u00fcnl\u00fck hayat\u0131m\u0131z\u0131 ne kadar kolayla\u015ft\u0131rd\u0131\u011f\u0131n\u0131 anlat\u0131rken, teknolojinin insanl\u0131\u011fa a\u00e7t\u0131\u011f\u0131 yolu ke\u015ffetmeye \u00e7a\u011f\u0131r\u0131yor. Bir denizalt\u0131n\u0131n i\u00e7inde neler oldu\u011funa g\u00f6z at\u0131n. Bir in\u015faat alan\u0131nda hangi makinelerin kullan\u0131ld\u0131\u011f\u0131n\u0131 ke\u015ffedin ve uzay yolculu\u011funda bir astronota kat\u0131l\u0131n. \ufffcTan\u0131t\u0131m Metni<\/p>\n","protected":false},"excerpt":{"rendered":"<p>Ya\u015fad\u0131\u011f\u0131m\u0131z ilgin\u00e7 d\u00fcnyay\u0131 ke\u015ffedin. Bu kitap size makinelerin g\u00fcnl\u00fck hayat\u0131m\u0131z\u0131 ne kadar kolayla\u015ft\u0131rd\u0131\u011f\u0131n\u0131 anlat\u0131rken, teknolojinin insanl\u0131\u011fa a\u00e7t\u0131\u011f\u0131 yolu ke\u015ffetmeye \u00e7a\u011f\u0131r\u0131yor. Bir denizalt\u0131n\u0131n i\u00e7inde neler oldu\u011funa g\u00f6z<span class=\"excerpt-hellip\"> [\u2026]<\/span><\/p>\n","protected":false},"featured_media":0,"template":"","meta":{"_monsterinsights_skip_tracking":false,"_monsterinsights_sitenote_active":false,"_monsterinsights_sitenote_note":"","_monsterinsights_sitenote_category":0},"product_brand":[],"product_cat":[12274,14573],"product_tag":[],"class_list":{"0":"post-690646","1":"product","2":"type-product","3":"status-publish","5":"product_cat-cocuk-ve-genclik-kitaplari","6":"product_cat-referans-kitaplar-cocuk-ve-genclik-kitaplari","7":"pa_cilt-ciltsiz","8":"pa_tur-kitap","9":"pa_yayinevi-is-bankasi-kultur-yayinlari","10":"pa_yazar-kolektif","12":"first","13":"instock","14":"sale","15":"shipping-taxable","16":"purchasable","17":"product-type-simple"},"_links":{"self":[{"href":"https:\/\/roveyayinevi.com.tr\/index.php\/wp-json\/wp\/v2\/product\/690646","targetHints":{"allow":["GET"]}}],"collection":[{"href":"https:\/\/roveyayinevi.com.tr\/index.php\/wp-json\/wp\/v2\/product"}],"about":[{"href":"https:\/\/roveyayinevi.com.tr\/index.php\/wp-json\/wp\/v2\/types\/product"}],"wp:attachment":[{"href":"https:\/\/roveyayinevi.com.tr\/index.php\/wp-json\/wp\/v2\/media?parent=690646"}],"wp:term":[{"taxonomy":"product_brand","embeddable":true,"href":"https:\/\/roveyayinevi.com.tr\/index.php\/wp-json\/wp\/v2\/product_brand?post=690646"},{"taxonomy":"product_cat","embeddable":true,"href":"https:\/\/roveyayinevi.com.tr\/index.php\/wp-json\/wp\/v2\/product_cat?post=690646"},{"taxonomy":"product_tag","embeddable":true,"href":"https:\/\/roveyayinevi.com.tr\/index.php\/wp-json\/wp\/v2\/product_tag?post=690646"}],"curies":[{"name":"wp","href":"https:\/\/api.w.org\/{rel}","templated":true}]}}