{"id":690644,"date":"2025-08-27T13:53:07","date_gmt":"2025-08-27T10:53:07","guid":{"rendered":"https:\/\/roveyayinevi.com.tr\/index.php\/urun\/tutuklunun-gunlugu\/"},"modified":"2026-04-16T02:00:16","modified_gmt":"2026-04-15T23:00:16","slug":"tutuklunun-gunlugu","status":"publish","type":"product","link":"https:\/\/roveyayinevi.com.tr\/index.php\/urun\/tutuklunun-gunlugu\/","title":{"rendered":"Tutuklunun G\u00fcnl\u00fc\u011f\u00fc"},"content":{"rendered":"<p>Tutuklunun G\u00fcnl\u00fc\u011f\u00fc\u2019nde Attila \u0130lhan, klasik T\u00fcrk \u015fiirinin sesini, havas\u0131n\u0131 yeni, \u00e7a\u011fda\u015f ve toplumsal bir i\u00e7erikle doldurarak yeniden kuruyor. Bir k\u0131sm\u0131 \u015fark\u0131 olmu\u015f; zaten m\u00fczi\u011fi i\u00e7inde sakl\u0131 bir sesi olan \u015fiirler, notalarla kolayca sarma\u015f dola\u015f oluvermi\u015f: g\u00fcn d\u00f6nd\u00fc geceler uzar haz\u0131rl\u0131k sonbahara \/ o mahur beste \u00e7alar m\u00fcjgan\u2019la ben a\u011fla\u015f\u0131r\u0131z . \u0130ncesaz , rubailer , deniz kasidesi &#8230; her birine darbelerin yaralar\u0131, bunal\u0131m\u0131, ac\u0131lar\u0131, deh\u015feti s\u0131zm\u0131\u015f, simgesel, derin mi derin \u015fiirler&#8230; ve teleks ; i\u00e7eri\u011fi de, yap\u0131s\u0131 da metropol\u00fc, ac\u0131mas\u0131z \u00e7arklar\u0131, yabanc\u0131la\u015fmay\u0131 bir teleks h\u0131z\u0131yla anlat\u0131yor&#8230; <\/p>\n","protected":false},"excerpt":{"rendered":"<p>Tutuklunun G\u00fcnl\u00fc\u011f\u00fc\u2019nde Attila \u0130lhan, klasik T\u00fcrk \u015fiirinin sesini, havas\u0131n\u0131 yeni, \u00e7a\u011fda\u015f ve toplumsal bir i\u00e7erikle doldurarak yeniden kuruyor. Bir k\u0131sm\u0131 \u015fark\u0131 olmu\u015f; zaten m\u00fczi\u011fi i\u00e7inde sakl\u0131<span class=\"excerpt-hellip\"> [\u2026]<\/span><\/p>\n","protected":false},"featured_media":0,"template":"","meta":{"_monsterinsights_skip_tracking":false,"_monsterinsights_sitenote_active":false,"_monsterinsights_sitenote_note":"","_monsterinsights_sitenote_category":0},"product_brand":[],"product_cat":[12291,12509],"product_tag":[],"class_list":{"0":"post-690644","1":"product","2":"type-product","3":"status-publish","5":"product_cat-edebiyat","6":"product_cat-siir","7":"pa_cilt-ciltsiz","8":"pa_tur-kitap","9":"pa_yayinevi-is-bankasi-kultur-yayinlari","10":"pa_yazar-attila-ilhan","12":"first","13":"instock","14":"sale","15":"shipping-taxable","16":"purchasable","17":"product-type-simple"},"_links":{"self":[{"href":"https:\/\/roveyayinevi.com.tr\/index.php\/wp-json\/wp\/v2\/product\/690644","targetHints":{"allow":["GET"]}}],"collection":[{"href":"https:\/\/roveyayinevi.com.tr\/index.php\/wp-json\/wp\/v2\/product"}],"about":[{"href":"https:\/\/roveyayinevi.com.tr\/index.php\/wp-json\/wp\/v2\/types\/product"}],"wp:attachment":[{"href":"https:\/\/roveyayinevi.com.tr\/index.php\/wp-json\/wp\/v2\/media?parent=690644"}],"wp:term":[{"taxonomy":"product_brand","embeddable":true,"href":"https:\/\/roveyayinevi.com.tr\/index.php\/wp-json\/wp\/v2\/product_brand?post=690644"},{"taxonomy":"product_cat","embeddable":true,"href":"https:\/\/roveyayinevi.com.tr\/index.php\/wp-json\/wp\/v2\/product_cat?post=690644"},{"taxonomy":"product_tag","embeddable":true,"href":"https:\/\/roveyayinevi.com.tr\/index.php\/wp-json\/wp\/v2\/product_tag?post=690644"}],"curies":[{"name":"wp","href":"https:\/\/api.w.org\/{rel}","templated":true}]}}