{"id":690642,"date":"2025-08-27T13:53:07","date_gmt":"2025-08-27T10:53:07","guid":{"rendered":"https:\/\/roveyayinevi.com.tr\/index.php\/urun\/sosyalist-feminist-proje-cilt-2\/"},"modified":"2026-04-16T02:00:16","modified_gmt":"2026-04-15T23:00:16","slug":"sosyalist-feminist-proje-cilt-2","status":"publish","type":"product","link":"https:\/\/roveyayinevi.com.tr\/index.php\/urun\/sosyalist-feminist-proje-cilt-2\/","title":{"rendered":"Sosyalist Feminist Proje Cilt: 2"},"content":{"rendered":"<p>Sosyalist feminizmin geni\u015f tasviri kimliklerimizin pek \u00e7ok y\u00f6n\u00fc aras\u0131ndaki ili\u015fkiler \u00fczerine g\u00f6r\u00fc\u015flerin i\u00e7erilmesine izin verir. Baz\u0131lar\u0131m\u0131z s\u0131n\u0131f\u0131 a\u00e7\u0131klay\u0131c\u0131 bir bak\u0131\u015f a\u00e7\u0131s\u0131 \u00fczerinden temel almay\u0131 se\u00e7erken, baz\u0131lar\u0131m\u0131z herhangi bir fakt\u00f6r\u00fcn di\u011ferleri \u00fczerindeki \u00f6nceli\u011fini reddecektir. Perspektiflerimizdeki bu farkl\u0131l\u0131klara kar\u015f\u0131n, kitapta kulland\u0131\u011f\u0131m bi\u00e7imiyle   sosyalist feminizm  in geni\u015f \u00fcst ba\u015fl\u0131\u011f\u0131 alt\u0131nda, t\u00fcm sosyalist feministler s\u0131n\u0131f\u0131 kad\u0131nlar\u0131n ya\u015famlar\u0131nda merkezi bir yerde g\u00f6r\u00fcrler ancak ayn\u0131 zamanda hi\u00e7biri cinsiyete ve \u0131rka dayal\u0131 bask\u0131 bi\u00e7imlerini ekonomik s\u00f6m\u00fcr\u00fcye indirgemezler. Ve burada hepimiz ya\u015famlar\u0131m\u0131z\u0131n bu yanlar\u0131n\u0131n birbirlerinden ayr\u0131\u015ft\u0131r\u0131lamayacak kadar ve sistematik bi\u00e7imde ba\u011flant\u0131l\u0131 oldu\u011funa; di\u011fer bir deyi\u015fle s\u0131n\u0131f\u0131n her zaman cinsiyetlendirilmi\u015f ve \u0131rkland\u0131r\u0131lm\u0131\u015f oldu\u011funa inan\u0131r\u0131z. Farkl\u0131 perspektifler aras\u0131nda ileti\u015fime, diyalo\u011fa ve tart\u0131\u015fmay\u0131 geli\u015ftirmeliyiz ancak bu ileti\u015fimin farkl\u0131l\u0131klar\u0131n temelini olu\u015fturan ortak bir proje \u00e7er\u00e7evesinde oldu\u011funu unutmamak \u00f6nemlidir. <\/p>\n","protected":false},"excerpt":{"rendered":"<p>Sosyalist feminizmin geni\u015f tasviri kimliklerimizin pek \u00e7ok y\u00f6n\u00fc aras\u0131ndaki ili\u015fkiler \u00fczerine g\u00f6r\u00fc\u015flerin i\u00e7erilmesine izin verir. Baz\u0131lar\u0131m\u0131z s\u0131n\u0131f\u0131 a\u00e7\u0131klay\u0131c\u0131 bir bak\u0131\u015f a\u00e7\u0131s\u0131 \u00fczerinden temel almay\u0131 se\u00e7erken, baz\u0131lar\u0131m\u0131z<span class=\"excerpt-hellip\"> [\u2026]<\/span><\/p>\n","protected":false},"featured_media":0,"template":"","meta":{"_monsterinsights_skip_tracking":false,"_monsterinsights_sitenote_active":false,"_monsterinsights_sitenote_note":"","_monsterinsights_sitenote_category":0},"product_brand":[],"product_cat":[13059,12337],"product_tag":[],"class_list":{"0":"post-690642","1":"product","2":"type-product","3":"status-publish","5":"product_cat-diger-politika-siyaset","6":"product_cat-politika-siyaset","7":"pa_tur-kitap","8":"pa_yayinevi-kalkedon-yayincilik","9":"pa_yazar-nancy-holmstorm","11":"first","12":"instock","13":"sale","14":"shipping-taxable","15":"purchasable","16":"product-type-simple"},"_links":{"self":[{"href":"https:\/\/roveyayinevi.com.tr\/index.php\/wp-json\/wp\/v2\/product\/690642","targetHints":{"allow":["GET"]}}],"collection":[{"href":"https:\/\/roveyayinevi.com.tr\/index.php\/wp-json\/wp\/v2\/product"}],"about":[{"href":"https:\/\/roveyayinevi.com.tr\/index.php\/wp-json\/wp\/v2\/types\/product"}],"wp:attachment":[{"href":"https:\/\/roveyayinevi.com.tr\/index.php\/wp-json\/wp\/v2\/media?parent=690642"}],"wp:term":[{"taxonomy":"product_brand","embeddable":true,"href":"https:\/\/roveyayinevi.com.tr\/index.php\/wp-json\/wp\/v2\/product_brand?post=690642"},{"taxonomy":"product_cat","embeddable":true,"href":"https:\/\/roveyayinevi.com.tr\/index.php\/wp-json\/wp\/v2\/product_cat?post=690642"},{"taxonomy":"product_tag","embeddable":true,"href":"https:\/\/roveyayinevi.com.tr\/index.php\/wp-json\/wp\/v2\/product_tag?post=690642"}],"curies":[{"name":"wp","href":"https:\/\/api.w.org\/{rel}","templated":true}]}}