{"id":690641,"date":"2025-08-27T13:53:07","date_gmt":"2025-08-27T10:53:07","guid":{"rendered":"https:\/\/roveyayinevi.com.tr\/index.php\/urun\/sosyalist-feminist-proje-cilt-1\/"},"modified":"2026-04-16T02:00:16","modified_gmt":"2026-04-15T23:00:16","slug":"sosyalist-feminist-proje-cilt-1","status":"publish","type":"product","link":"https:\/\/roveyayinevi.com.tr\/index.php\/urun\/sosyalist-feminist-proje-cilt-1\/","title":{"rendered":"Sosyalist Feminist Proje Cilt: 1"},"content":{"rendered":"<p>Kimileri sosyalist feminizmin 1970\u2019lerin bir \u00fcr\u00fcn\u00fc oldu\u011funu s\u00f6yleyecektir. Kad\u0131n \u00f6zg\u00fcrl\u00fck hareketi i\u00e7erisinde, Marksizmin, liberalizmin ve radikal feminizmin sorunlar\u0131na kar\u015f\u0131 teorik bir yan\u0131t olarak \u00e7i\u00e7eklendi\u011fini ve o d\u00f6nemden bu yana kendisini gerek teorik gerekse de politik olarak fesh etti\u011fini iddia edeceklerdir. Ben bu g\u00f6r\u00fc\u015f\u00fcn yanl\u0131\u015f oldu\u011funu d\u00fc\u015f\u00fcn\u00fcyorum. <\/p>\n","protected":false},"excerpt":{"rendered":"<p>Kimileri sosyalist feminizmin 1970\u2019lerin bir \u00fcr\u00fcn\u00fc oldu\u011funu s\u00f6yleyecektir. Kad\u0131n \u00f6zg\u00fcrl\u00fck hareketi i\u00e7erisinde, Marksizmin, liberalizmin ve radikal feminizmin sorunlar\u0131na kar\u015f\u0131 teorik bir yan\u0131t olarak \u00e7i\u00e7eklendi\u011fini ve o<span class=\"excerpt-hellip\"> [\u2026]<\/span><\/p>\n","protected":false},"featured_media":0,"template":"","meta":{"_monsterinsights_skip_tracking":false,"_monsterinsights_sitenote_active":false,"_monsterinsights_sitenote_note":"","_monsterinsights_sitenote_category":0},"product_brand":[],"product_cat":[13059,12337],"product_tag":[],"class_list":{"0":"post-690641","1":"product","2":"type-product","3":"status-publish","5":"product_cat-diger-politika-siyaset","6":"product_cat-politika-siyaset","7":"pa_tur-kitap","8":"pa_yayinevi-kalkedon-yayincilik","9":"pa_yazar-nancy-holmstorm","11":"first","12":"instock","13":"sale","14":"shipping-taxable","15":"purchasable","16":"product-type-simple"},"_links":{"self":[{"href":"https:\/\/roveyayinevi.com.tr\/index.php\/wp-json\/wp\/v2\/product\/690641","targetHints":{"allow":["GET"]}}],"collection":[{"href":"https:\/\/roveyayinevi.com.tr\/index.php\/wp-json\/wp\/v2\/product"}],"about":[{"href":"https:\/\/roveyayinevi.com.tr\/index.php\/wp-json\/wp\/v2\/types\/product"}],"wp:attachment":[{"href":"https:\/\/roveyayinevi.com.tr\/index.php\/wp-json\/wp\/v2\/media?parent=690641"}],"wp:term":[{"taxonomy":"product_brand","embeddable":true,"href":"https:\/\/roveyayinevi.com.tr\/index.php\/wp-json\/wp\/v2\/product_brand?post=690641"},{"taxonomy":"product_cat","embeddable":true,"href":"https:\/\/roveyayinevi.com.tr\/index.php\/wp-json\/wp\/v2\/product_cat?post=690641"},{"taxonomy":"product_tag","embeddable":true,"href":"https:\/\/roveyayinevi.com.tr\/index.php\/wp-json\/wp\/v2\/product_tag?post=690641"}],"curies":[{"name":"wp","href":"https:\/\/api.w.org\/{rel}","templated":true}]}}