{"id":690640,"date":"2025-08-27T13:53:07","date_gmt":"2025-08-27T10:53:07","guid":{"rendered":"https:\/\/roveyayinevi.com.tr\/index.php\/urun\/neo-liberalizme-karsi-ortak-savunma\/"},"modified":"2026-04-16T02:00:16","modified_gmt":"2026-04-15T23:00:16","slug":"neo-liberalizme-karsi-ortak-savunma","status":"publish","type":"product","link":"https:\/\/roveyayinevi.com.tr\/index.php\/urun\/neo-liberalizme-karsi-ortak-savunma\/","title":{"rendered":"Neo Liberalizme Kar\u015f\u0131 Ortak Savunma"},"content":{"rendered":"<p>Yorumlar: Ahmet \u00dcnsal, Ahmet Tonak, B\u00fclent Forta, Fuat Keyman, Galip Yalman, G\u00fclten Kazgan, Haldun G\u00fclalp, Hayri Kozano\u011flu, \u015eaya \u00dc\u015f\u00fcr, Korkut Boratav, Mustafa S\u00f6nmez, Nail Sat\u0131lgan, Nail Sat\u0131lgan, Nesrin Sungur, Oktar T\u00fcrel, Saruhan Olu\u00e7 ve Ufuk Uras. <\/p>\n","protected":false},"excerpt":{"rendered":"<p>Yorumlar: Ahmet \u00dcnsal, Ahmet Tonak, B\u00fclent Forta, Fuat Keyman, Galip Yalman, G\u00fclten Kazgan, Haldun G\u00fclalp, Hayri Kozano\u011flu, \u015eaya \u00dc\u015f\u00fcr, Korkut Boratav, Mustafa S\u00f6nmez, Nail Sat\u0131lgan, Nail<span class=\"excerpt-hellip\"> [\u2026]<\/span><\/p>\n","protected":false},"featured_media":0,"template":"","meta":{"_monsterinsights_skip_tracking":false,"_monsterinsights_sitenote_active":false,"_monsterinsights_sitenote_note":"","_monsterinsights_sitenote_category":0},"product_brand":[],"product_cat":[13596,12337],"product_tag":[],"class_list":{"0":"post-690640","1":"product","2":"type-product","3":"status-publish","5":"product_cat-avrupa-birligi","6":"product_cat-politika-siyaset","7":"pa_tur-kitap","8":"pa_yayinevi-kalkedon-yayincilik","9":"pa_yazar-alfredo-saad-filho","11":"first","12":"instock","13":"sale","14":"shipping-taxable","15":"purchasable","16":"product-type-simple"},"_links":{"self":[{"href":"https:\/\/roveyayinevi.com.tr\/index.php\/wp-json\/wp\/v2\/product\/690640","targetHints":{"allow":["GET"]}}],"collection":[{"href":"https:\/\/roveyayinevi.com.tr\/index.php\/wp-json\/wp\/v2\/product"}],"about":[{"href":"https:\/\/roveyayinevi.com.tr\/index.php\/wp-json\/wp\/v2\/types\/product"}],"wp:attachment":[{"href":"https:\/\/roveyayinevi.com.tr\/index.php\/wp-json\/wp\/v2\/media?parent=690640"}],"wp:term":[{"taxonomy":"product_brand","embeddable":true,"href":"https:\/\/roveyayinevi.com.tr\/index.php\/wp-json\/wp\/v2\/product_brand?post=690640"},{"taxonomy":"product_cat","embeddable":true,"href":"https:\/\/roveyayinevi.com.tr\/index.php\/wp-json\/wp\/v2\/product_cat?post=690640"},{"taxonomy":"product_tag","embeddable":true,"href":"https:\/\/roveyayinevi.com.tr\/index.php\/wp-json\/wp\/v2\/product_tag?post=690640"}],"curies":[{"name":"wp","href":"https:\/\/api.w.org\/{rel}","templated":true}]}}