{"id":690638,"date":"2025-08-27T13:53:06","date_gmt":"2025-08-27T10:53:06","guid":{"rendered":"https:\/\/roveyayinevi.com.tr\/index.php\/urun\/ortadogunun-yeniden-isgali\/"},"modified":"2026-04-16T02:00:16","modified_gmt":"2026-04-15T23:00:16","slug":"ortadogunun-yeniden-isgali","status":"publish","type":"product","link":"https:\/\/roveyayinevi.com.tr\/index.php\/urun\/ortadogunun-yeniden-isgali\/","title":{"rendered":"Ortado\u011fu\u2019nun Yeniden \u0130\u015fgali"},"content":{"rendered":"<p>ABD\u2019nin So\u011fuk Sava\u015f sonras\u0131   \u00f6nleyici vuru\u015f   ad\u0131 alt\u0131nda me\u015frula\u015ft\u0131rmaya \u00e7al\u0131\u015ft\u0131\u011f\u0131 politikayla uluslararas\u0131 hukukun   ayaklar alt\u0131na al\u0131nmas\u0131   anlay\u0131\u015f\u0131 Ortado\u011fu\u2019yla s\u0131n\u0131rl\u0131 kalacak gibi g\u00f6r\u00fcnm\u00fcyor. Bu y\u00fczden ABD\u2019nin   yeniden i\u015fgal   anlay\u0131\u015f\u0131 ekonomik \u00e7\u0131kar\u0131n \u00f6tesinde bir paradigmay\u0131 i\u015faret ediyor bize. Irak, Filistin ve Ortado\u011fu ile ilgili geli\u015fmeler bizzat i\u00e7inde ya\u015fad\u0131\u011f\u0131m\u0131z co\u011frafyay\u0131 ilgilendirse bile,   Amerikan \u0130mparatorlu\u011fu  nun, i\u00e7inde bulundu\u011fumuz y\u00fczy\u0131lda t\u00fcm d\u00fcnyada uygulamak istedi\u011fi emperyal proje ve noe liberal politikalarla bizlere dayatmaya \u00e7al\u0131\u015ft\u0131\u011f\u0131 anlay\u0131\u015f konusunda ipu\u00e7lar\u0131 vermektedir. <\/p>\n","protected":false},"excerpt":{"rendered":"<p>ABD\u2019nin So\u011fuk Sava\u015f sonras\u0131 \u00f6nleyici vuru\u015f ad\u0131 alt\u0131nda me\u015frula\u015ft\u0131rmaya \u00e7al\u0131\u015ft\u0131\u011f\u0131 politikayla uluslararas\u0131 hukukun ayaklar alt\u0131na al\u0131nmas\u0131 anlay\u0131\u015f\u0131 Ortado\u011fu\u2019yla s\u0131n\u0131rl\u0131 kalacak gibi g\u00f6r\u00fcnm\u00fcyor. Bu y\u00fczden ABD\u2019nin yeniden<span class=\"excerpt-hellip\"> [\u2026]<\/span><\/p>\n","protected":false},"featured_media":0,"template":"","meta":{"_monsterinsights_skip_tracking":false,"_monsterinsights_sitenote_active":false,"_monsterinsights_sitenote_note":"","_monsterinsights_sitenote_category":0},"product_brand":[],"product_cat":[12338,12337],"product_tag":[],"class_list":{"0":"post-690638","1":"product","2":"type-product","3":"status-publish","5":"product_cat-dunya-siyaseti-ve-politikasi","6":"product_cat-politika-siyaset","7":"pa_tur-kitap","8":"pa_yayinevi-kalkedon-yayincilik","9":"pa_yazar-mete-cubukcu","11":"first","12":"instock","13":"sale","14":"shipping-taxable","15":"purchasable","16":"product-type-simple"},"_links":{"self":[{"href":"https:\/\/roveyayinevi.com.tr\/index.php\/wp-json\/wp\/v2\/product\/690638","targetHints":{"allow":["GET"]}}],"collection":[{"href":"https:\/\/roveyayinevi.com.tr\/index.php\/wp-json\/wp\/v2\/product"}],"about":[{"href":"https:\/\/roveyayinevi.com.tr\/index.php\/wp-json\/wp\/v2\/types\/product"}],"wp:attachment":[{"href":"https:\/\/roveyayinevi.com.tr\/index.php\/wp-json\/wp\/v2\/media?parent=690638"}],"wp:term":[{"taxonomy":"product_brand","embeddable":true,"href":"https:\/\/roveyayinevi.com.tr\/index.php\/wp-json\/wp\/v2\/product_brand?post=690638"},{"taxonomy":"product_cat","embeddable":true,"href":"https:\/\/roveyayinevi.com.tr\/index.php\/wp-json\/wp\/v2\/product_cat?post=690638"},{"taxonomy":"product_tag","embeddable":true,"href":"https:\/\/roveyayinevi.com.tr\/index.php\/wp-json\/wp\/v2\/product_tag?post=690638"}],"curies":[{"name":"wp","href":"https:\/\/api.w.org\/{rel}","templated":true}]}}