{"id":690636,"date":"2025-08-27T13:53:06","date_gmt":"2025-08-27T10:53:06","guid":{"rendered":"https:\/\/roveyayinevi.com.tr\/index.php\/urun\/neoliberal-zamanda-asinma\/"},"modified":"2026-04-16T02:00:16","modified_gmt":"2026-04-15T23:00:16","slug":"neoliberal-zamanda-asinma","status":"publish","type":"product","link":"https:\/\/roveyayinevi.com.tr\/index.php\/urun\/neoliberal-zamanda-asinma\/","title":{"rendered":"Neoliberal Zamanda A\u015f\u0131nma"},"content":{"rendered":"<p>Zaman\u0131n h\u0131zla ak\u0131p gitti\u011fi, ba\u015f edilmesi g\u00fc\u00e7 bir ser\u00fcvenin i\u00e7inden, \u00e7ok k\u0131sa bir aral\u0131ktan ya\u015fama bakmak, zaman\u0131n bir kesitine tan\u0131k olup yorumlama \u00e7abas\u0131na giri\u015fmek ile bug\u00fcnden ge\u00e7mi\u015fi anlatmaya \u00e7al\u0131\u015fmak maalesef her zaman ayn\u0131 anlat\u0131y\u0131 sa\u011flayam\u0131yor. Bug\u00fcn ya\u015fananlar\u0131n birikimli bir zaman s\u00fcreciyle ger\u00e7ekle\u015fti\u011fini ve bu birikimi bug\u00fcne ta\u015f\u0131yabildi\u011fimiz \u00f6l\u00e7\u00fcde bug\u00fcn\u00fc anlama \u00e7abam\u0131za yakla\u015fabilece\u011fimizi d\u00fc\u015f\u00fcn\u00fcyorum. Ge\u00e7mi\u015ften gelece\u011fe kurulan k\u00f6pr\u00fclerin ya\u015fama tan\u0131kl\u0131k eden anlar\u0131n birbirine eklemlenmesiyle in\u015fa edilebilece\u011fini de bu anlamda s\u00f6yleyebiliriz. Bu kitap bu t\u00fcrden bir kayg\u0131yla, bir tan\u0131kl\u0131k ve bu tan\u0131kl\u0131\u011f\u0131n aktar\u0131lmas\u0131 amac\u0131yla olu\u015fturulmu\u015ftur&#8230; Sol\u2019dan bakman\u0131n, \u00f6zellikle neoliberal d\u00f6nemin t\u00fcm karma\u015f\u0131kl\u0131\u011f\u0131 ve hegemonik g\u00fcc\u00fcne ra\u011fmen bu \u0131srar\u0131 s\u00fcrd\u00fcrmenin ne kadar g\u00fc\u00e7 bir u\u011fra\u015f\u0131 oldu\u011funu bu k\u0131sa zaman aral\u0131\u011f\u0131 bize asl\u0131nda fazlas\u0131yla g\u00f6sterdi. Sol\u2019un giderek savruldu\u011fu, neoliberal tahribattan fazlas\u0131yla nasibini ald\u0131\u011f\u0131 bu s\u00fcre\u00e7 toplumsal alandaki a\u015f\u0131nman\u0131n belki de h\u0131zlanmas\u0131 a\u00e7\u0131s\u0131ndan da \u00f6nemli bir rol oynad\u0131. Gelen sald\u0131r\u0131ya kar\u015f\u0131 politik bir kar\u015f\u0131tl\u0131\u011f\u0131 \u00fcretme kayg\u0131s\u0131, sol\u2019un kendi politik referanslar\u0131yla \u00e7eli\u015fen alanlarda konumlanmas\u0131na neden oldu diyebiliriz. Ya\u015fad\u0131\u011f\u0131m\u0131z s\u00fcre\u00e7 asl\u0131nda her \u015feyin a\u015f\u0131nd\u0131\u011f\u0131 ama en fazla al\u0131\u015fageldi\u011fimiz sol\u2019un a\u015f\u0131nd\u0131\u011f\u0131 bir d\u00f6nemi bize g\u00f6steriyor. \u015eimdi sol ad\u0131na yeniden bir se\u00e7enek \u00fcretme kayg\u0131s\u0131 ta\u015f\u0131yanlar \u015funu art\u0131k daha iyi biliyor ki, sol\u2019dan bahsetmek bug\u00fcn i\u00e7in d\u00fcnden \u00e7ok daha zor. \ufffcTan\u0131t\u0131m Metni<\/p>\n","protected":false},"excerpt":{"rendered":"<p>Zaman\u0131n h\u0131zla ak\u0131p gitti\u011fi, ba\u015f edilmesi g\u00fc\u00e7 bir ser\u00fcvenin i\u00e7inden, \u00e7ok k\u0131sa bir aral\u0131ktan ya\u015fama bakmak, zaman\u0131n bir kesitine tan\u0131k olup yorumlama \u00e7abas\u0131na giri\u015fmek ile bug\u00fcnden<span class=\"excerpt-hellip\"> [\u2026]<\/span><\/p>\n","protected":false},"featured_media":0,"template":"","meta":{"_monsterinsights_skip_tracking":false,"_monsterinsights_sitenote_active":false,"_monsterinsights_sitenote_note":"","_monsterinsights_sitenote_category":0},"product_brand":[],"product_cat":[13278,12324],"product_tag":[],"class_list":{"0":"post-690636","1":"product","2":"type-product","3":"status-publish","5":"product_cat-sivil-toplum-kuruluslari","6":"product_cat-sosyoloji","7":"pa_tur-kitap","8":"pa_yayinevi-kalkedon-yayincilik","9":"pa_yazar-sezai-temelli","11":"first","12":"instock","13":"sale","14":"shipping-taxable","15":"purchasable","16":"product-type-simple"},"_links":{"self":[{"href":"https:\/\/roveyayinevi.com.tr\/index.php\/wp-json\/wp\/v2\/product\/690636","targetHints":{"allow":["GET"]}}],"collection":[{"href":"https:\/\/roveyayinevi.com.tr\/index.php\/wp-json\/wp\/v2\/product"}],"about":[{"href":"https:\/\/roveyayinevi.com.tr\/index.php\/wp-json\/wp\/v2\/types\/product"}],"wp:attachment":[{"href":"https:\/\/roveyayinevi.com.tr\/index.php\/wp-json\/wp\/v2\/media?parent=690636"}],"wp:term":[{"taxonomy":"product_brand","embeddable":true,"href":"https:\/\/roveyayinevi.com.tr\/index.php\/wp-json\/wp\/v2\/product_brand?post=690636"},{"taxonomy":"product_cat","embeddable":true,"href":"https:\/\/roveyayinevi.com.tr\/index.php\/wp-json\/wp\/v2\/product_cat?post=690636"},{"taxonomy":"product_tag","embeddable":true,"href":"https:\/\/roveyayinevi.com.tr\/index.php\/wp-json\/wp\/v2\/product_tag?post=690636"}],"curies":[{"name":"wp","href":"https:\/\/api.w.org\/{rel}","templated":true}]}}