{"id":690633,"date":"2025-08-27T13:52:24","date_gmt":"2025-08-27T10:52:24","guid":{"rendered":"https:\/\/roveyayinevi.com.tr\/index.php\/urun\/okul-oncesinde-coklu-zeka\/"},"modified":"2026-04-16T02:00:16","modified_gmt":"2026-04-15T23:00:16","slug":"okul-oncesinde-coklu-zeka","status":"publish","type":"product","link":"https:\/\/roveyayinevi.com.tr\/index.php\/urun\/okul-oncesinde-coklu-zeka\/","title":{"rendered":"Okul \u00d6ncesinde \u00c7oklu Zeka"},"content":{"rendered":"<p>G\u00fcn\u00fcm\u00fczde zeka anlay\u0131\u015f\u0131 y\u00fczy\u0131l \u00f6ncesine g\u00f6re \u00f6nemli geli\u015fmeler kaydetmi\u015f, ger\u00e7ekten zeki olman\u0131n ne anlama geldi\u011fi \u00fczerinde pek \u00e7ok bilimsel ara\u015ft\u0131rmalar yap\u0131lm\u0131\u015ft\u0131r. Sonu\u00e7 olarak IQ testlerinin zeka \u00f6l\u00e7\u00fcm\u00fcnde yetersiz kald\u0131\u011f\u0131, bu testlerin \u00f6l\u00e7emedi\u011fi pek \u00e7ok zeka alan\u0131n\u0131n potansiyel olarak var oldu\u011fu kan\u0131tlanm\u0131\u015ft\u0131r. \u0130\u00e7inde ya\u015fad\u0131\u011f\u0131m\u0131z zeka \u00e7a\u011f\u0131nda okul \u00f6ncesi d\u00f6nemi \u00e7ocuklar\u0131n\u0131n e\u011fitimine hizmet veren her bireyin \u00e7a\u011f\u0131n gerekliliklerini yakalayarak bu alandaki geli\u015fme izlemesi ve \u00e7ocu\u011fun geli\u015fimine yenilik\u00e7i bir yakla\u015f\u0131mla destek vermesi neredeyse zorunlu bir hal alm\u0131\u015ft\u0131r. \u00c7\u00fcnk\u00fc zeka geli\u015fiminin temelleri bu d\u00f6nemde at\u0131larak \u00e7ocuk yeti\u015fkinlikteki ya\u015fam karma\u015fas\u0131na haz\u0131rlan\u0131r, bilgi ve beceri kazanman\u0131n tad\u0131na var\u0131r, ya\u015fama uyabilme g\u00fcc\u00fcn\u00fc kazan\u0131r. \u00dclkemizde MEB taraf\u0131ndan haz\u0131rlanan okul \u00f6ncesi e\u011fitim programlar\u0131yla \u00e7e\u015fitli zeka alanlar\u0131n\u0131n geli\u015fimini destekleyecek hedefler ve hedef davran\u0131\u015flar belirlenmi\u015ftir. Bu do\u011frultuda haz\u0131rlanan bu kitab\u0131n amac\u0131 okul \u00f6ncesi e\u011fitim kurumlar\u0131nda g\u00f6rev yapan \u00f6\u011fretmenlerin; \u00c7oklu zeka kuram\u0131yla ilgili aray\u0131\u015flar\u0131na katk\u0131da bulunmak, Uygulad\u0131klar\u0131 g\u00fcnl\u00fck, ayl\u0131k, y\u0131ll\u0131k planlar\u0131n\u0131n \u00e7oklu zeka alanlar\u0131 g\u00f6z \u00f6n\u00fcnde bulundurularak haz\u0131rland\u0131\u011f\u0131n\u0131 hat\u0131rlatmak, \u00c7e\u015fitli etkinliklerle \u00e7oklu zeka alanlar\u0131n\u0131n nas\u0131l desteklenece\u011fine dair \u00f6rnek formatlar vermek, \u00c7oklu zeka uygulamalar\u0131nda \u00e7e\u015fitli kaynaklardan etkilenerek yap\u0131labilecek yan\u0131lg\u0131lar\u0131 \u00f6nlemek ve bu konuda \u00f6\u011fretmenlerin endi\u015felerini gidermek amac\u0131yla haz\u0131rlanm\u0131\u015f, Ayr\u0131ca anne-babalar\u0131 da bilgilendirerek \u00e7ocuklar\u0131n zeka geli\u015fimlerine yard\u0131mc\u0131 olabileceklerini vurgulamakt\u0131r. <\/p>\n","protected":false},"excerpt":{"rendered":"<p>G\u00fcn\u00fcm\u00fczde zeka anlay\u0131\u015f\u0131 y\u00fczy\u0131l \u00f6ncesine g\u00f6re \u00f6nemli geli\u015fmeler kaydetmi\u015f, ger\u00e7ekten zeki olman\u0131n ne anlama geldi\u011fi \u00fczerinde pek \u00e7ok bilimsel ara\u015ft\u0131rmalar yap\u0131lm\u0131\u015ft\u0131r. Sonu\u00e7 olarak IQ testlerinin zeka<span class=\"excerpt-hellip\"> [\u2026]<\/span><\/p>\n","protected":false},"featured_media":0,"template":"","meta":{"_monsterinsights_skip_tracking":false,"_monsterinsights_sitenote_active":false,"_monsterinsights_sitenote_note":"","_monsterinsights_sitenote_category":0},"product_brand":[],"product_cat":[14902,13365],"product_tag":[],"class_list":{"0":"post-690633","1":"product","2":"type-product","3":"status-publish","5":"product_cat-annelik-ve-cocuk-bakimi","6":"product_cat-saglik","7":"pa_cilt-ciltsiz","8":"pa_tur-kitap","9":"pa_yayinevi-kok-yayinevi","10":"pa_yazar-asiye-karadag","12":"first","13":"instock","14":"sale","15":"shipping-taxable","16":"purchasable","17":"product-type-simple"},"_links":{"self":[{"href":"https:\/\/roveyayinevi.com.tr\/index.php\/wp-json\/wp\/v2\/product\/690633","targetHints":{"allow":["GET"]}}],"collection":[{"href":"https:\/\/roveyayinevi.com.tr\/index.php\/wp-json\/wp\/v2\/product"}],"about":[{"href":"https:\/\/roveyayinevi.com.tr\/index.php\/wp-json\/wp\/v2\/types\/product"}],"wp:attachment":[{"href":"https:\/\/roveyayinevi.com.tr\/index.php\/wp-json\/wp\/v2\/media?parent=690633"}],"wp:term":[{"taxonomy":"product_brand","embeddable":true,"href":"https:\/\/roveyayinevi.com.tr\/index.php\/wp-json\/wp\/v2\/product_brand?post=690633"},{"taxonomy":"product_cat","embeddable":true,"href":"https:\/\/roveyayinevi.com.tr\/index.php\/wp-json\/wp\/v2\/product_cat?post=690633"},{"taxonomy":"product_tag","embeddable":true,"href":"https:\/\/roveyayinevi.com.tr\/index.php\/wp-json\/wp\/v2\/product_tag?post=690633"}],"curies":[{"name":"wp","href":"https:\/\/api.w.org\/{rel}","templated":true}]}}