{"id":690630,"date":"2025-08-27T13:52:24","date_gmt":"2025-08-27T10:52:24","guid":{"rendered":"https:\/\/roveyayinevi.com.tr\/index.php\/urun\/okul-oncesi-donemde-matematik-oyunlari\/"},"modified":"2026-04-16T02:00:16","modified_gmt":"2026-04-15T23:00:16","slug":"okul-oncesi-donemde-matematik-oyunlari","status":"publish","type":"product","link":"https:\/\/roveyayinevi.com.tr\/index.php\/urun\/okul-oncesi-donemde-matematik-oyunlari\/","title":{"rendered":"Okul \u00d6ncesi D\u00f6nemde Matematik Oyunlar\u0131"},"content":{"rendered":"<p>Yeni bilgileri \u00f6\u011frenmek ve \u00f6\u011frendi\u011fimiz bilgileri kullanmak konusunda en ba\u015far\u0131l\u0131 oldu\u011fumuz s\u00fcre\u00e7 erken \u00e7ocukluk d\u00f6nemidir. \u00e7ocuklar bilgilerinin \u00e7o\u011funu oyun yoluyla \u00f6\u011frenir. \u00e7ocukta matematik becerilerinin geli\u015fimi i\u00e7in erken ya\u015fta onlar\u0131 matematik kavramlar\u0131yla kar\u015f\u0131la\u015ft\u0131rman\u0131n \u00f6nemi konusunda e\u011fitimciler hemfikirdir. Bu s\u00fcre\u00e7te \u00f6\u011fretmenler temel matematik becerilerini \u00e7ocuklara e\u011flenceli ve kal\u0131c\u0131 bi\u00e7imde oyun yoluyla verebilir. \u00f6\u011frenilen beceriler \u00e7ocuklar\u0131n daha sonraki e\u011fitim hayat\u0131na temel olu\u015fturmas\u0131 a\u00e7\u0131s\u0131ndan da \u00e7ok \u00f6nemlidir. B\u00fct\u00fcn oyunlar Milli E\u011fitim Bakanl\u0131\u011f\u0131 36-72 Ay \u00e7ocuklar\u0131 i\u00e7in Okul \u00f6ncesi E\u011fitim Program\u0131n\u0131n Ama\u00e7-Kazan\u0131mlar\u0131 ele al\u0131narak haz\u0131rlanm\u0131\u015f ve bu ya\u015f grubu \u00e7ocuklar\u0131na uygulanm\u0131\u015ft\u0131r. <\/p>\n","protected":false},"excerpt":{"rendered":"<p>Yeni bilgileri \u00f6\u011frenmek ve \u00f6\u011frendi\u011fimiz bilgileri kullanmak konusunda en ba\u015far\u0131l\u0131 oldu\u011fumuz s\u00fcre\u00e7 erken \u00e7ocukluk d\u00f6nemidir. \u00e7ocuklar bilgilerinin \u00e7o\u011funu oyun yoluyla \u00f6\u011frenir. \u00e7ocukta matematik becerilerinin geli\u015fimi i\u00e7in<span class=\"excerpt-hellip\"> [\u2026]<\/span><\/p>\n","protected":false},"featured_media":0,"template":"","meta":{"_monsterinsights_skip_tracking":false,"_monsterinsights_sitenote_active":false,"_monsterinsights_sitenote_note":"","_monsterinsights_sitenote_category":0},"product_brand":[],"product_cat":[12274,12518],"product_tag":[],"class_list":{"0":"post-690630","1":"product","2":"type-product","3":"status-publish","5":"product_cat-cocuk-ve-genclik-kitaplari","6":"product_cat-okul-oncesi-kitaplar","7":"pa_cilt-ciltsiz","8":"pa_tur-kitap","9":"pa_yayinevi-kok-yayinevi","10":"pa_yazar-suzan-comert","12":"first","13":"instock","14":"sale","15":"shipping-taxable","16":"purchasable","17":"product-type-simple"},"_links":{"self":[{"href":"https:\/\/roveyayinevi.com.tr\/index.php\/wp-json\/wp\/v2\/product\/690630","targetHints":{"allow":["GET"]}}],"collection":[{"href":"https:\/\/roveyayinevi.com.tr\/index.php\/wp-json\/wp\/v2\/product"}],"about":[{"href":"https:\/\/roveyayinevi.com.tr\/index.php\/wp-json\/wp\/v2\/types\/product"}],"wp:attachment":[{"href":"https:\/\/roveyayinevi.com.tr\/index.php\/wp-json\/wp\/v2\/media?parent=690630"}],"wp:term":[{"taxonomy":"product_brand","embeddable":true,"href":"https:\/\/roveyayinevi.com.tr\/index.php\/wp-json\/wp\/v2\/product_brand?post=690630"},{"taxonomy":"product_cat","embeddable":true,"href":"https:\/\/roveyayinevi.com.tr\/index.php\/wp-json\/wp\/v2\/product_cat?post=690630"},{"taxonomy":"product_tag","embeddable":true,"href":"https:\/\/roveyayinevi.com.tr\/index.php\/wp-json\/wp\/v2\/product_tag?post=690630"}],"curies":[{"name":"wp","href":"https:\/\/api.w.org\/{rel}","templated":true}]}}