{"id":690624,"date":"2025-08-27T13:52:23","date_gmt":"2025-08-27T10:52:23","guid":{"rendered":"https:\/\/roveyayinevi.com.tr\/index.php\/urun\/kirmizi-kanatli-kartal\/"},"modified":"2026-04-16T02:00:16","modified_gmt":"2026-04-15T23:00:16","slug":"kirmizi-kanatli-kartal","status":"publish","type":"product","link":"https:\/\/roveyayinevi.com.tr\/index.php\/urun\/kirmizi-kanatli-kartal\/","title":{"rendered":"K\u0131rm\u0131z\u0131 Kanatl\u0131 Kartal"},"content":{"rendered":"<p>Kendi sesiyle yar\u0131\u015fan \u00e7ocuk. Ve okula giden \u00e7ocuklar\u0131 anlatan k\u0131rm\u0131z\u0131 kanatl\u0131 bir kartal. Deniz k\u0131y\u0131s\u0131nda \u00e7ocukla beyaz potinli mart\u0131 yan yana dola\u015f\u0131yor. Mart\u0131, \u00e7ocu\u011fa, \u00e7al\u0131\u015f\u0131p okuyan \u00e7ocuklar\u0131 anlat\u0131yor. Mavi yeleli akbaba, \u00f6v\u00fcn\u00fcyor ku\u015flar\u0131n babas\u0131 oldu\u011fu i\u00e7in. Annesinin dizinde uykunun eli de\u011fer de\u011fmez g\u00f6zlerine, \u00e7ocuk, uykuyu seven bir atmaca oluyor birden. Ne zaman perdede bir koru g\u00f6rse, u\u00e7up giden ser\u00e7eyle bir daha sinemaya gitmek istemeyen \u00e7ocu\u011fun y\u00fcre\u011finde hep bir s\u0131z\u0131 var: K\u0131rm\u0131z\u0131 kanatl\u0131 kartal ne derse desin, hem \u00e7al\u0131\u015fan hem de okuyan \u00e7ocuklar\u0131n ad\u0131n\u0131 seviyor o&#8230; \u015eair Refik Durba\u015f, K\u0131rm\u0131z\u0131 Kanatl\u0131 Kartal\u2019da kendi \u00e7ocuklu\u011funun elinden tutarak \u015fiir s\u00fcr\u00fc tad\u0131nda \u00f6yk\u00fcler anlat\u0131yor \u00e7ocuklara. \ufffcTan\u0131t\u0131m Metni<\/p>\n","protected":false},"excerpt":{"rendered":"<p>Kendi sesiyle yar\u0131\u015fan \u00e7ocuk. Ve okula giden \u00e7ocuklar\u0131 anlatan k\u0131rm\u0131z\u0131 kanatl\u0131 bir kartal. Deniz k\u0131y\u0131s\u0131nda \u00e7ocukla beyaz potinli mart\u0131 yan yana dola\u015f\u0131yor. Mart\u0131, \u00e7ocu\u011fa, \u00e7al\u0131\u015f\u0131p okuyan<span class=\"excerpt-hellip\"> [\u2026]<\/span><\/p>\n","protected":false},"featured_media":0,"template":"","meta":{"_monsterinsights_skip_tracking":false,"_monsterinsights_sitenote_active":false,"_monsterinsights_sitenote_note":"","_monsterinsights_sitenote_category":0},"product_brand":[],"product_cat":[12913,12274],"product_tag":[],"class_list":{"0":"post-690624","1":"product","2":"type-product","3":"status-publish","5":"product_cat-3-6-yas-kitaplari","6":"product_cat-cocuk-ve-genclik-kitaplari","7":"pa_cilt-ciltsiz","8":"pa_tur-kitap","9":"pa_yayinevi-kok-yayinevi","10":"pa_yazar-refik-durbas","12":"first","13":"instock","14":"sale","15":"shipping-taxable","16":"purchasable","17":"product-type-simple"},"_links":{"self":[{"href":"https:\/\/roveyayinevi.com.tr\/index.php\/wp-json\/wp\/v2\/product\/690624","targetHints":{"allow":["GET"]}}],"collection":[{"href":"https:\/\/roveyayinevi.com.tr\/index.php\/wp-json\/wp\/v2\/product"}],"about":[{"href":"https:\/\/roveyayinevi.com.tr\/index.php\/wp-json\/wp\/v2\/types\/product"}],"wp:attachment":[{"href":"https:\/\/roveyayinevi.com.tr\/index.php\/wp-json\/wp\/v2\/media?parent=690624"}],"wp:term":[{"taxonomy":"product_brand","embeddable":true,"href":"https:\/\/roveyayinevi.com.tr\/index.php\/wp-json\/wp\/v2\/product_brand?post=690624"},{"taxonomy":"product_cat","embeddable":true,"href":"https:\/\/roveyayinevi.com.tr\/index.php\/wp-json\/wp\/v2\/product_cat?post=690624"},{"taxonomy":"product_tag","embeddable":true,"href":"https:\/\/roveyayinevi.com.tr\/index.php\/wp-json\/wp\/v2\/product_tag?post=690624"}],"curies":[{"name":"wp","href":"https:\/\/api.w.org\/{rel}","templated":true}]}}