{"id":690621,"date":"2025-08-27T13:52:22","date_gmt":"2025-08-27T10:52:22","guid":{"rendered":"https:\/\/roveyayinevi.com.tr\/index.php\/urun\/siyaset-teorisine-giris\/"},"modified":"2026-04-16T02:00:16","modified_gmt":"2026-04-15T23:00:16","slug":"siyaset-teorisine-giris","status":"publish","type":"product","link":"https:\/\/roveyayinevi.com.tr\/index.php\/urun\/siyaset-teorisine-giris\/","title":{"rendered":"Siyaset Teorisine Giri\u015f"},"content":{"rendered":"<p>Siyaset Teorisine Giri\u015f, siyasi d\u00fc\u015f\u00fcnceleri ve bunlar\u0131n siyasi uygulamalar ile olan ili\u015fkilerini analiz ederek siyaset teorisine dair genel bir \u00e7er\u00e7eve sunmay\u0131 ve siyasi analizlerde kar\u015f\u0131la\u015ft\u0131\u011f\u0131m\u0131z temel kavramlara k\u0131lavuzluk etmeyi hedefliyor. Ele ald\u0131\u011f\u0131 konuyu farkl\u0131 d\u00fc\u015f\u00fcn\u00fcr ve d\u00fc\u015f\u00fcnce ak\u0131mlar\u0131n\u0131n bak\u0131\u015f a\u00e7\u0131lar\u0131n\u0131 dikkate alarak inceleyen ve hem klasik teorileri, hem de g\u00fcncel tart\u0131\u015fmalar\u0131 kapsayan kitapta; Aristo\u2019dan Rousseau\u2019ya, Marx ve Mill\u2019den g\u00fcn\u00fcm\u00fcze \u00f6nde gelen bir\u00e7ok d\u00fc\u015f\u00fcn\u00fcr ve siyaset d\u00fc\u015f\u00fcncesinin rakip ekolleri yerlerini al\u0131yorlar. Modern toplumlarda gittik\u00e7e artan k\u00fclt\u00fcrel ve ahlaki \u00e7o\u011fulculu\u011fa paralel geli\u015fen kimlik ve farkl\u0131l\u0131k gibi konulara ve y\u00f6neti\u015fim ve k\u00fcreselle\u015fme gibi siyaset teorisinin yeni meselelerine ilaveten birey, toplum, egemenlik, g\u00fc\u00e7, otorite, demokrasi ve daha bir\u00e7ok konu etrafl\u0131ca tart\u0131\u015f\u0131l\u0131yor.Eser; siyaset d\u00fc\u015f\u00fcncesinin \u00f6nemli isimlerini ve siyaset teorisi alan\u0131ndaki ekolleri kapsayan &#8220;Ki\u015filer&#8221; ve &#8220;Kavramlar&#8221; kutular\u0131, \u00f6zet ve ileri okumalar listeleri ile hem uzmanlara, hem de alana yeni giri\u015f yapanlara hitap ediyor. M\u00fckemmel bir metin. Bu karma\u015f\u0131k konu ancak bu kadar iyi organize edilebilir ve ancak bu kadar a\u00e7\u0131kl\u0131kla ifade edilebilirdi. Alan\u0131nda mevcut en iyi kitap. -Bill Jones-Manchester \u00dcniversitesi Siyaset Teorisine Giri\u015f, siyaset teorisine son derece s\u0131cak ve ar\u0131 duru bir ba\u015flang\u0131\u00e7 sunuyor. Heywood, \u00e7ok say\u0131da fikir ak\u0131m\u0131n\u0131 ve konuyu ele al\u0131yor ve bunlar\u0131 siyaset teorisine yeni ba\u015flayanlara genel hatlar\u0131yla vermede son derece ba\u015far\u0131l\u0131. \u0130deal ne kadar y\u00fcksek ve mevzu ne kadar soyut olsa da, Heywood konuyu anla\u015f\u0131l\u0131r k\u0131l\u0131p reel politikle ili\u015fkisini ortaya koymay\u0131 ustal\u0131kla ba\u015far\u0131yor. -Peter Jones-Newcastle upon Tyne \u00dcniversitesi <\/p>\n","protected":false},"excerpt":{"rendered":"<p>Siyaset Teorisine Giri\u015f, siyasi d\u00fc\u015f\u00fcnceleri ve bunlar\u0131n siyasi uygulamalar ile olan ili\u015fkilerini analiz ederek siyaset teorisine dair genel bir \u00e7er\u00e7eve sunmay\u0131 ve siyasi analizlerde kar\u015f\u0131la\u015ft\u0131\u011f\u0131m\u0131z temel<span class=\"excerpt-hellip\"> [\u2026]<\/span><\/p>\n","protected":false},"featured_media":0,"template":"","meta":{"_monsterinsights_skip_tracking":false,"_monsterinsights_sitenote_active":false,"_monsterinsights_sitenote_note":"","_monsterinsights_sitenote_category":0},"product_brand":[],"product_cat":[12337,14706],"product_tag":[],"class_list":{"0":"post-690621","1":"product","2":"type-product","3":"status-publish","5":"product_cat-politika-siyaset","6":"product_cat-siyaset-bilimi","7":"pa_cilt-ciltsiz","8":"pa_tur-kitap","9":"pa_yayinevi-kure-yayinlari","10":"pa_yazar-andrew-heywood","12":"first","13":"instock","14":"sale","15":"shipping-taxable","16":"purchasable","17":"product-type-simple"},"_links":{"self":[{"href":"https:\/\/roveyayinevi.com.tr\/index.php\/wp-json\/wp\/v2\/product\/690621","targetHints":{"allow":["GET"]}}],"collection":[{"href":"https:\/\/roveyayinevi.com.tr\/index.php\/wp-json\/wp\/v2\/product"}],"about":[{"href":"https:\/\/roveyayinevi.com.tr\/index.php\/wp-json\/wp\/v2\/types\/product"}],"wp:attachment":[{"href":"https:\/\/roveyayinevi.com.tr\/index.php\/wp-json\/wp\/v2\/media?parent=690621"}],"wp:term":[{"taxonomy":"product_brand","embeddable":true,"href":"https:\/\/roveyayinevi.com.tr\/index.php\/wp-json\/wp\/v2\/product_brand?post=690621"},{"taxonomy":"product_cat","embeddable":true,"href":"https:\/\/roveyayinevi.com.tr\/index.php\/wp-json\/wp\/v2\/product_cat?post=690621"},{"taxonomy":"product_tag","embeddable":true,"href":"https:\/\/roveyayinevi.com.tr\/index.php\/wp-json\/wp\/v2\/product_tag?post=690621"}],"curies":[{"name":"wp","href":"https:\/\/api.w.org\/{rel}","templated":true}]}}