{"id":690620,"date":"2025-08-27T13:52:22","date_gmt":"2025-08-27T10:52:22","guid":{"rendered":"https:\/\/roveyayinevi.com.tr\/index.php\/urun\/tilsimli-deri\/"},"modified":"2026-04-16T02:00:16","modified_gmt":"2026-04-15T23:00:16","slug":"tilsimli-deri","status":"publish","type":"product","link":"https:\/\/roveyayinevi.com.tr\/index.php\/urun\/tilsimli-deri\/","title":{"rendered":"T\u0131ls\u0131ml\u0131 Deri"},"content":{"rendered":"<p>Fransa\u2019n\u0131n 19. y\u00fczy\u0131ldaki sosyal yap\u0131s\u0131n\u0131n tarihsel bir tablosunu \u00e7\u0131kard\u0131\u011f\u0131 eski ve yeni romanlar\u0131n\u0131 1830\u2019dan sonra Insanl\u0131k Komedyas\u0131 ba\u015fl\u0131\u011f\u0131 alt\u0131nda toplad\u0131. T\u0131ls\u0131ml\u0131 Deri bu an\u0131tsal eserde Felsefi Incelemeler ba\u015fl\u0131\u011f\u0131 alt\u0131nda bir araya gelen romanlar\u0131n ilkidir. Balzac\u2019\u0131n roman kahramanlar\u0131 \u00e7\u0131kar \u00e7at\u0131\u015fmalar\u0131n\u0131n ortas\u0131nda, ait olduklar\u0131 s\u0131n\u0131f\u0131n tipik karakterleri olarak ele al\u0131nsa da, her birinin bireysel \u00f6zellikleri, ruh hallerinden giyim ku\u015famlar\u0131na kadar ayr\u0131nt\u0131l\u0131 olarak tasvir edilir. T\u0131ls\u0131ml\u0131 Deri\u2019de isteklere kavu\u015fman\u0131n bedelini ki\u015finin k\u0131salan \u00f6mr\u00fcyle \u00f6dedi\u011fini anlatan Balzac g\u00fcn\u00fcm\u00fczde edebi ger\u00e7ek\u00e7ili\u011fin en b\u00fcy\u00fck yazarlar\u0131ndan biri say\u0131lmaktad\u0131r. <\/p>\n","protected":false},"excerpt":{"rendered":"<p>Fransa\u2019n\u0131n 19. y\u00fczy\u0131ldaki sosyal yap\u0131s\u0131n\u0131n tarihsel bir tablosunu \u00e7\u0131kard\u0131\u011f\u0131 eski ve yeni romanlar\u0131n\u0131 1830\u2019dan sonra Insanl\u0131k Komedyas\u0131 ba\u015fl\u0131\u011f\u0131 alt\u0131nda toplad\u0131. T\u0131ls\u0131ml\u0131 Deri bu an\u0131tsal eserde Felsefi<span class=\"excerpt-hellip\"> [\u2026]<\/span><\/p>\n","protected":false},"featured_media":0,"template":"","meta":{"_monsterinsights_skip_tracking":false,"_monsterinsights_sitenote_active":false,"_monsterinsights_sitenote_note":"","_monsterinsights_sitenote_category":0},"product_brand":[],"product_cat":[12291,13376],"product_tag":[],"class_list":{"0":"post-690620","1":"product","2":"type-product","3":"status-publish","5":"product_cat-edebiyat","6":"product_cat-fransiz-edebiyati","7":"pa_cilt-ciltsiz","8":"pa_tur-kitap","9":"pa_yayinevi-is-bankasi-kultur-yayinlari","10":"pa_yazar-honore-de-balzac","12":"first","13":"instock","14":"sale","15":"shipping-taxable","16":"purchasable","17":"product-type-simple"},"_links":{"self":[{"href":"https:\/\/roveyayinevi.com.tr\/index.php\/wp-json\/wp\/v2\/product\/690620","targetHints":{"allow":["GET"]}}],"collection":[{"href":"https:\/\/roveyayinevi.com.tr\/index.php\/wp-json\/wp\/v2\/product"}],"about":[{"href":"https:\/\/roveyayinevi.com.tr\/index.php\/wp-json\/wp\/v2\/types\/product"}],"wp:attachment":[{"href":"https:\/\/roveyayinevi.com.tr\/index.php\/wp-json\/wp\/v2\/media?parent=690620"}],"wp:term":[{"taxonomy":"product_brand","embeddable":true,"href":"https:\/\/roveyayinevi.com.tr\/index.php\/wp-json\/wp\/v2\/product_brand?post=690620"},{"taxonomy":"product_cat","embeddable":true,"href":"https:\/\/roveyayinevi.com.tr\/index.php\/wp-json\/wp\/v2\/product_cat?post=690620"},{"taxonomy":"product_tag","embeddable":true,"href":"https:\/\/roveyayinevi.com.tr\/index.php\/wp-json\/wp\/v2\/product_tag?post=690620"}],"curies":[{"name":"wp","href":"https:\/\/api.w.org\/{rel}","templated":true}]}}