{"id":690619,"date":"2025-08-27T13:52:22","date_gmt":"2025-08-27T10:52:22","guid":{"rendered":"https:\/\/roveyayinevi.com.tr\/index.php\/urun\/bazi-kadinlar-nazlidir-biraz\/"},"modified":"2026-04-16T02:00:16","modified_gmt":"2026-04-15T23:00:16","slug":"bazi-kadinlar-nazlidir-biraz","status":"publish","type":"product","link":"https:\/\/roveyayinevi.com.tr\/index.php\/urun\/bazi-kadinlar-nazlidir-biraz\/","title":{"rendered":"Baz\u0131 Kad\u0131nlar Nazl\u0131\u2019d\u0131r Biraz"},"content":{"rendered":"<p>Daha baba evinden \u00e7\u0131kmadan Kadimin kollar\u0131nda ram oldu\u011funa, kendini teslim etti\u011fine, kuytu k\u00f6\u015felerde hazza doydu\u011funa inand\u0131\u011f\u0131 Nazl\u0131&#8217;n\u0131n, beyaz bir \u00e7ar\u015faf\u0131n \u00fczerine yaz\u0131lacak sat\u0131rlar\u0131nda, ilk gecenin imtihan notunu nas\u0131lsa \u015eahmeran verecekti. Muhtar karde\u015finin k\u0131z\u0131 hala bekliyordu. Yeteri say\u0131da gelincik bene\u011fini g\u00f6remezse \u00e7ar\u015faf\u0131 kolunun alt\u0131na d\u00fcr\u00fcp b\u00fck\u00fcp Nazl\u0131&#8217;y\u0131 yollard\u0131 babas\u0131n\u0131n evine. <\/p>\n","protected":false},"excerpt":{"rendered":"<p>Daha baba evinden \u00e7\u0131kmadan Kadimin kollar\u0131nda ram oldu\u011funa, kendini teslim etti\u011fine, kuytu k\u00f6\u015felerde hazza doydu\u011funa inand\u0131\u011f\u0131 Nazl\u0131&#8217;n\u0131n, beyaz bir \u00e7ar\u015faf\u0131n \u00fczerine yaz\u0131lacak sat\u0131rlar\u0131nda, ilk gecenin imtihan<span class=\"excerpt-hellip\"> [\u2026]<\/span><\/p>\n","protected":false},"featured_media":0,"template":"","meta":{"_monsterinsights_skip_tracking":false,"_monsterinsights_sitenote_active":false,"_monsterinsights_sitenote_note":"","_monsterinsights_sitenote_category":0},"product_brand":[],"product_cat":[12291,12292],"product_tag":[],"class_list":{"0":"post-690619","1":"product","2":"type-product","3":"status-publish","5":"product_cat-edebiyat","6":"product_cat-turk-edebiyati","7":"pa_tur-kitap","8":"pa_yayinevi-karinca-yayinlari","9":"pa_yazar-h-uzlet-aydin","11":"first","12":"instock","13":"sale","14":"shipping-taxable","15":"purchasable","16":"product-type-simple"},"_links":{"self":[{"href":"https:\/\/roveyayinevi.com.tr\/index.php\/wp-json\/wp\/v2\/product\/690619","targetHints":{"allow":["GET"]}}],"collection":[{"href":"https:\/\/roveyayinevi.com.tr\/index.php\/wp-json\/wp\/v2\/product"}],"about":[{"href":"https:\/\/roveyayinevi.com.tr\/index.php\/wp-json\/wp\/v2\/types\/product"}],"wp:attachment":[{"href":"https:\/\/roveyayinevi.com.tr\/index.php\/wp-json\/wp\/v2\/media?parent=690619"}],"wp:term":[{"taxonomy":"product_brand","embeddable":true,"href":"https:\/\/roveyayinevi.com.tr\/index.php\/wp-json\/wp\/v2\/product_brand?post=690619"},{"taxonomy":"product_cat","embeddable":true,"href":"https:\/\/roveyayinevi.com.tr\/index.php\/wp-json\/wp\/v2\/product_cat?post=690619"},{"taxonomy":"product_tag","embeddable":true,"href":"https:\/\/roveyayinevi.com.tr\/index.php\/wp-json\/wp\/v2\/product_tag?post=690619"}],"curies":[{"name":"wp","href":"https:\/\/api.w.org\/{rel}","templated":true}]}}