{"id":690617,"date":"2025-08-27T13:52:21","date_gmt":"2025-08-27T10:52:21","guid":{"rendered":"https:\/\/roveyayinevi.com.tr\/index.php\/urun\/turk-mektuplari\/"},"modified":"2026-04-16T02:00:16","modified_gmt":"2026-04-15T23:00:16","slug":"turk-mektuplari","status":"publish","type":"product","link":"https:\/\/roveyayinevi.com.tr\/index.php\/urun\/turk-mektuplari\/","title":{"rendered":"T\u00fcrk Mektuplar\u0131"},"content":{"rendered":"<p>T\u00fcrk Mektuplar\u0131, Kanuni d\u00f6nemindeki Osmanl\u0131 \u0130mparatorlu\u011fu\u2019nu tan\u0131mak ve anlamak isteyen Avrupal\u0131lar\u0131n y\u00fczy\u0131llar boyunca ba\u015fvurdu\u011fu bir kaynak eser&#8230; Ba\u015fta \u0130stanbul olmak \u00fczere Osmanl\u0131 \u00fclkesinin d\u00f6rt buca\u011f\u0131nda uzun zaman ge\u00e7iren bir h\u00fcmanistin keskin g\u00f6zlem g\u00fcc\u00fcyle kaleme ald\u0131\u011f\u0131 benzersiz bir kaynak&#8230; H\u00fcrrem Sultan\u2019\u0131n entrikalar\u0131ndan \u015eehzade Mehmed ile Beyaz\u0131d\u2019\u0131n hazin sonlar\u0131na, R\u00fcstem Pa\u015fa\u2019n\u0131n r\u00fc\u015fvet\u00e7ili\u011finden Yeni\u00e7erilerin ordug\u00e2h ve sava\u015f d\u00fczenlerine, tantanal\u0131 alaylardan sokak hayvanlar\u0131na, T\u00fcrk kad\u0131nlar\u0131n\u0131n meziyetlerinden \u0130stanbullular\u0131n hamam \u00e2detlerine dek kayda ge\u00e7ti\u011fi her konu, bir belgesel film kadar renkli ve bir \u00f6yk\u00fc kadar ak\u0131c\u0131&#8230; \u00dcstelik Busbecq\u2019in heyetinde yer alan ressam Melchior Lorichs\u2019in ayn\u0131 d\u00f6nemde yapt\u0131\u011f\u0131 \u00e7izimler, y\u00fczy\u0131llar sonra bu bask\u0131da T\u00fcrk Mektuplar\u0131 ile bir araya geliyor. \ufffc<\/p>\n","protected":false},"excerpt":{"rendered":"<p>T\u00fcrk Mektuplar\u0131, Kanuni d\u00f6nemindeki Osmanl\u0131 \u0130mparatorlu\u011fu\u2019nu tan\u0131mak ve anlamak isteyen Avrupal\u0131lar\u0131n y\u00fczy\u0131llar boyunca ba\u015fvurdu\u011fu bir kaynak eser&#8230; Ba\u015fta \u0130stanbul olmak \u00fczere Osmanl\u0131 \u00fclkesinin d\u00f6rt buca\u011f\u0131nda uzun<span class=\"excerpt-hellip\"> [\u2026]<\/span><\/p>\n","protected":false},"featured_media":0,"template":"","meta":{"_monsterinsights_skip_tracking":false,"_monsterinsights_sitenote_active":false,"_monsterinsights_sitenote_note":"","_monsterinsights_sitenote_category":0},"product_brand":[],"product_cat":[12312,12304],"product_tag":[],"class_list":{"0":"post-690617","1":"product","2":"type-product","3":"status-publish","5":"product_cat-diger","6":"product_cat-tarih","7":"pa_cilt-ciltsiz","8":"pa_tur-kitap","9":"pa_yayinevi-is-bankasi-kultur-yayinlari","10":"pa_yazar-ogler-ghislain-de-busbecq","12":"first","13":"instock","14":"sale","15":"shipping-taxable","16":"purchasable","17":"product-type-simple"},"_links":{"self":[{"href":"https:\/\/roveyayinevi.com.tr\/index.php\/wp-json\/wp\/v2\/product\/690617","targetHints":{"allow":["GET"]}}],"collection":[{"href":"https:\/\/roveyayinevi.com.tr\/index.php\/wp-json\/wp\/v2\/product"}],"about":[{"href":"https:\/\/roveyayinevi.com.tr\/index.php\/wp-json\/wp\/v2\/types\/product"}],"wp:attachment":[{"href":"https:\/\/roveyayinevi.com.tr\/index.php\/wp-json\/wp\/v2\/media?parent=690617"}],"wp:term":[{"taxonomy":"product_brand","embeddable":true,"href":"https:\/\/roveyayinevi.com.tr\/index.php\/wp-json\/wp\/v2\/product_brand?post=690617"},{"taxonomy":"product_cat","embeddable":true,"href":"https:\/\/roveyayinevi.com.tr\/index.php\/wp-json\/wp\/v2\/product_cat?post=690617"},{"taxonomy":"product_tag","embeddable":true,"href":"https:\/\/roveyayinevi.com.tr\/index.php\/wp-json\/wp\/v2\/product_tag?post=690617"}],"curies":[{"name":"wp","href":"https:\/\/api.w.org\/{rel}","templated":true}]}}