{"id":690615,"date":"2025-08-27T13:52:21","date_gmt":"2025-08-27T10:52:21","guid":{"rendered":"https:\/\/roveyayinevi.com.tr\/index.php\/urun\/turkiyede-bes-yil\/"},"modified":"2026-04-16T02:00:16","modified_gmt":"2026-04-15T23:00:16","slug":"turkiyede-bes-yil","status":"publish","type":"product","link":"https:\/\/roveyayinevi.com.tr\/index.php\/urun\/turkiyede-bes-yil\/","title":{"rendered":"T\u00fcrkiye&#8217;de Be\u015f Y\u0131l"},"content":{"rendered":"<p>Ordu Grubu&#8217;nun kumandas\u0131n\u0131 Ekselanslar\u0131 Mustafa Kemal&#8217;in bir\u00e7ok \u015fanl\u0131 sava\u015fta muzaffer olmu\u015f ellerine b\u0131rakmak durumunda oldu\u011fum anda, benim emrimde Osmanl\u0131 \u0130mparatorlu\u011fu&#8217;nun u\u011fruna ifa ettikleri g\u00f6revler i\u00e7in b\u00fct\u00fcn subaylara, memurlara ve erlere candan te\u015fekk\u00fcr ederim. Beni Ordu Grubu&#8217;na mensup bir\u00e7ok subaya ve askerlere \u00e7ok yak\u0131nla\u015ft\u0131ran Gelibolu&#8217;nun \u015fanl\u0131 g\u00fcnleri ve Anadolu sahilinde y\u00fcr\u00fct\u00fclen bir\u00e7ok cesur hakek\u00e2t, b\u00fct\u00fcn \u00e7a\u011flar\u0131n tarihinde unutulmayacaklard\u0131r. Adana, 31 Ekim 1918 Liman von Sanders Alman ordusunun Osmanl\u0131 kuvvetlerine e\u011fitim ve lojistik hizmeti vermek \u00fczere g\u00f6revlendirilen Alman Askeri Komisyon ba\u015fkanl\u0131\u011f\u0131na atanarak T\u00fcrkiye&#8217;ye gelen von Sanders, Birinci D\u00fcnya Sava\u015f\u0131&#8217;na girerken Alman ve T\u00fcrk askerlerinin durumunu, bir bar\u0131\u015f d\u00f6rt sava\u015f s\u00fcresi tan\u0131kl\u0131klar\u0131 aktar\u0131yor&#8230; \u00d6zg\u00fcn dilinden \u00e7evrilen hat\u0131rat, Askeri Tarih Enc\u00fcmeni&#8217;nin dipnotlar\u0131 ve Enc\u00fcmenin D\u00fc\u015f\u00fcnceleri ekiyle geni\u015fletilerek Birinci D\u00fcnya Sava\u015f\u0131 okuruna yeni bir perspektif kazand\u0131r\u0131l\u0131yor&#8230; Liman von Sanders, (1855-1929) Alman S\u00fcvari Orgenerali. Alman Ordusu Muhaf\u0131z Birli\u011fi&#8217;nde subay olarak g\u00f6reve ba\u015flayan von Sandres, 1911 y\u0131l\u0131nda generalli\u011fe y\u00fckseltildi. Osmanl\u0131 Ordusu i\u00e7in gerekli \u0131slahat\u0131 yapmak \u00fczere Almanya&#8217;dan \u0130stanbul&#8217;a gelen heyetin ba\u015fkan\u0131 olarak g\u00f6revlendirilmi\u015ftir. Birinci D\u00fcnya Sava\u015f\u0131&#8217;na girerken \u00c7anakkale&#8217;deki 5. Ordu Komutanl\u0131\u011f\u0131na getirilmi\u015ftir, 1917-1918&#8217;de Y\u0131ld\u0131r\u0131m Ordular Grup Komutanl\u0131\u011f\u0131na atanm\u0131\u015ft\u0131r. Mondros Ate\u015fkes Anla\u015fmas\u0131&#8217;n\u0131n ard\u0131ndan 1919 y\u0131l\u0131nda Malta&#8217;ya s\u00fcrg\u00fcne g\u00f6nderilmi\u015f, sava\u015f su\u00e7lusu olarak yarg\u0131land\u0131ysa da alt\u0131 ay sonra serbest b\u0131rak\u0131larak Almanya&#8217;ya d\u00f6nm\u00fc\u015ft\u00fcr. \ufffc<\/p>\n","protected":false},"excerpt":{"rendered":"<p>Ordu Grubu&#8217;nun kumandas\u0131n\u0131 Ekselanslar\u0131 Mustafa Kemal&#8217;in bir\u00e7ok \u015fanl\u0131 sava\u015fta muzaffer olmu\u015f ellerine b\u0131rakmak durumunda oldu\u011fum anda, benim emrimde Osmanl\u0131 \u0130mparatorlu\u011fu&#8217;nun u\u011fruna ifa ettikleri g\u00f6revler i\u00e7in b\u00fct\u00fcn<span class=\"excerpt-hellip\"> [\u2026]<\/span><\/p>\n","protected":false},"featured_media":0,"template":"","meta":{"_monsterinsights_skip_tracking":false,"_monsterinsights_sitenote_active":false,"_monsterinsights_sitenote_note":"","_monsterinsights_sitenote_category":0},"product_brand":[],"product_cat":[12312,12304],"product_tag":[],"class_list":{"0":"post-690615","1":"product","2":"type-product","3":"status-publish","5":"product_cat-diger","6":"product_cat-tarih","7":"pa_cilt-ciltsiz","8":"pa_tur-kitap","9":"pa_yayinevi-is-bankasi-kultur-yayinlari","10":"pa_yazar-liman-von-sanders","12":"first","13":"instock","14":"sale","15":"shipping-taxable","16":"purchasable","17":"product-type-simple"},"_links":{"self":[{"href":"https:\/\/roveyayinevi.com.tr\/index.php\/wp-json\/wp\/v2\/product\/690615","targetHints":{"allow":["GET"]}}],"collection":[{"href":"https:\/\/roveyayinevi.com.tr\/index.php\/wp-json\/wp\/v2\/product"}],"about":[{"href":"https:\/\/roveyayinevi.com.tr\/index.php\/wp-json\/wp\/v2\/types\/product"}],"wp:attachment":[{"href":"https:\/\/roveyayinevi.com.tr\/index.php\/wp-json\/wp\/v2\/media?parent=690615"}],"wp:term":[{"taxonomy":"product_brand","embeddable":true,"href":"https:\/\/roveyayinevi.com.tr\/index.php\/wp-json\/wp\/v2\/product_brand?post=690615"},{"taxonomy":"product_cat","embeddable":true,"href":"https:\/\/roveyayinevi.com.tr\/index.php\/wp-json\/wp\/v2\/product_cat?post=690615"},{"taxonomy":"product_tag","embeddable":true,"href":"https:\/\/roveyayinevi.com.tr\/index.php\/wp-json\/wp\/v2\/product_tag?post=690615"}],"curies":[{"name":"wp","href":"https:\/\/api.w.org\/{rel}","templated":true}]}}