{"id":690613,"date":"2025-08-27T13:52:21","date_gmt":"2025-08-27T10:52:21","guid":{"rendered":"https:\/\/roveyayinevi.com.tr\/index.php\/urun\/tarih-hirsizligi\/"},"modified":"2026-04-16T02:00:16","modified_gmt":"2026-04-15T23:00:16","slug":"tarih-hirsizligi","status":"publish","type":"product","link":"https:\/\/roveyayinevi.com.tr\/index.php\/urun\/tarih-hirsizligi\/","title":{"rendered":"Tarih H\u0131rs\u0131zl\u0131\u011f\u0131"},"content":{"rendered":"<p>Tarih H\u0131rs\u0131zl\u0131\u011f\u0131, tarihyaz\u0131m\u0131 arac\u0131l\u0131\u011f\u0131yla tarihin Bat\u0131 taraf\u0131ndan ele ge\u00e7irili\u015fini anlat\u0131yor. Bu h\u0131rs\u0131zl\u0131k , ge\u00e7mi\u015fin \u00e7o\u011fu zaman Bat\u0131 Avrupa \u00f6l\u00e7e\u011finde ya\u015fanm\u0131\u015f s\u00fcre\u00e7lere g\u00f6re kavramsalla\u015ft\u0131r\u0131l\u0131p sunulmas\u0131n\u0131, ard\u0131ndan da d\u00fcnyan\u0131n geri kalan\u0131na dayat\u0131lmas\u0131n\u0131 ifade ediyor. <\/p>\n","protected":false},"excerpt":{"rendered":"<p>Tarih H\u0131rs\u0131zl\u0131\u011f\u0131, tarihyaz\u0131m\u0131 arac\u0131l\u0131\u011f\u0131yla tarihin Bat\u0131 taraf\u0131ndan ele ge\u00e7irili\u015fini anlat\u0131yor. Bu h\u0131rs\u0131zl\u0131k , ge\u00e7mi\u015fin \u00e7o\u011fu zaman Bat\u0131 Avrupa \u00f6l\u00e7e\u011finde ya\u015fanm\u0131\u015f s\u00fcre\u00e7lere g\u00f6re kavramsalla\u015ft\u0131r\u0131l\u0131p sunulmas\u0131n\u0131, ard\u0131ndan da<span class=\"excerpt-hellip\"> [\u2026]<\/span><\/p>\n","protected":false},"featured_media":0,"template":"","meta":{"_monsterinsights_skip_tracking":false,"_monsterinsights_sitenote_active":false,"_monsterinsights_sitenote_note":"","_monsterinsights_sitenote_category":0},"product_brand":[],"product_cat":[12305,12304],"product_tag":[],"class_list":{"0":"post-690613","1":"product","2":"type-product","3":"status-publish","5":"product_cat-dunya-tarihi","6":"product_cat-tarih","7":"pa_cilt-ciltsiz","8":"pa_tur-kitap","9":"pa_yayinevi-is-bankasi-kultur-yayinlari","10":"pa_yazar-jack-goody","12":"first","13":"instock","14":"sale","15":"shipping-taxable","16":"purchasable","17":"product-type-simple"},"_links":{"self":[{"href":"https:\/\/roveyayinevi.com.tr\/index.php\/wp-json\/wp\/v2\/product\/690613","targetHints":{"allow":["GET"]}}],"collection":[{"href":"https:\/\/roveyayinevi.com.tr\/index.php\/wp-json\/wp\/v2\/product"}],"about":[{"href":"https:\/\/roveyayinevi.com.tr\/index.php\/wp-json\/wp\/v2\/types\/product"}],"wp:attachment":[{"href":"https:\/\/roveyayinevi.com.tr\/index.php\/wp-json\/wp\/v2\/media?parent=690613"}],"wp:term":[{"taxonomy":"product_brand","embeddable":true,"href":"https:\/\/roveyayinevi.com.tr\/index.php\/wp-json\/wp\/v2\/product_brand?post=690613"},{"taxonomy":"product_cat","embeddable":true,"href":"https:\/\/roveyayinevi.com.tr\/index.php\/wp-json\/wp\/v2\/product_cat?post=690613"},{"taxonomy":"product_tag","embeddable":true,"href":"https:\/\/roveyayinevi.com.tr\/index.php\/wp-json\/wp\/v2\/product_tag?post=690613"}],"curies":[{"name":"wp","href":"https:\/\/api.w.org\/{rel}","templated":true}]}}