{"id":690612,"date":"2025-08-27T13:52:21","date_gmt":"2025-08-27T10:52:21","guid":{"rendered":"https:\/\/roveyayinevi.com.tr\/index.php\/urun\/bilginin-arkeolojisi\/"},"modified":"2026-04-16T02:00:16","modified_gmt":"2026-04-15T23:00:16","slug":"bilginin-arkeolojisi","status":"publish","type":"product","link":"https:\/\/roveyayinevi.com.tr\/index.php\/urun\/bilginin-arkeolojisi\/","title":{"rendered":"Bilginin Arkeolojisi"},"content":{"rendered":"<p>1926 y\u0131l\u0131nda Fransa\u2019n\u0131n Poitiers kentinde do\u011fan Michel Foucault hem d\u00fc\u015f\u00fcnceleri hem de ya\u015fant\u0131s\u0131yla kendisini \u00f6zg\u00fcrl\u00fc\u011fe adam\u0131\u015f bir filozof, bir eylem insan\u0131d\u0131r. Belki de onu anlaman\u0131n en do\u011fru yolu, s\u00f6yle\u015filerde kulland\u0131\u011f\u0131 \u015fu ifadelerdir: \u201cYa\u015fam\u0131n ve \u00e7al\u0131\u015fman\u0131n temel amac\u0131, ki\u015finin ba\u015flang\u0131\u00e7ta olmad\u0131\u011f\u0131 ki\u015fi olmas\u0131d\u0131r\u201d ve \u201ckitaplar\u0131m\u0131n her biri benim ya\u015fam \u00f6yk\u00fcmd\u00fcr\u201d. Foucault hem kendisinin hem de ba\u015fkalar\u0131n\u0131n herhangi bir kategorik \u00e7er\u00e7evenin i\u00e7ine yerle\u015ftirilerek nitelenmesinden ya da yarg\u0131lanmas\u0131ndan son derece rahats\u0131zl\u0131k duyard\u0131 mutlaka ama onu anlatmaya giri\u015fti\u011fimizde bulabilece\u011fimiz en uygun s\u0131fat yine de, kendisinin kulland\u0131\u011f\u0131 D\u00fc\u015f\u00fcnce Sistemleri Tarih\u00e7isi olacakt\u0131r. \ufffcTan\u0131t\u0131m Metni<\/p>\n","protected":false},"excerpt":{"rendered":"<p>1926 y\u0131l\u0131nda Fransa\u2019n\u0131n Poitiers kentinde do\u011fan Michel Foucault hem d\u00fc\u015f\u00fcnceleri hem de ya\u015fant\u0131s\u0131yla kendisini \u00f6zg\u00fcrl\u00fc\u011fe adam\u0131\u015f bir filozof, bir eylem insan\u0131d\u0131r. Belki de onu anlaman\u0131n en<span class=\"excerpt-hellip\"> [\u2026]<\/span><\/p>\n","protected":false},"featured_media":0,"template":"","meta":{"_monsterinsights_skip_tracking":false,"_monsterinsights_sitenote_active":false,"_monsterinsights_sitenote_note":"","_monsterinsights_sitenote_category":0},"product_brand":[],"product_cat":[12389,12388],"product_tag":[],"class_list":{"0":"post-690612","1":"product","2":"type-product","3":"status-publish","5":"product_cat-diger-felsefe","6":"product_cat-felsefe","7":"pa_cilt-ciltsiz","8":"pa_tur-kitap","9":"pa_yayinevi-ayrinti-yayinlari","10":"pa_yazar-michel-foucault","12":"first","13":"instock","14":"sale","15":"shipping-taxable","16":"purchasable","17":"product-type-simple"},"_links":{"self":[{"href":"https:\/\/roveyayinevi.com.tr\/index.php\/wp-json\/wp\/v2\/product\/690612","targetHints":{"allow":["GET"]}}],"collection":[{"href":"https:\/\/roveyayinevi.com.tr\/index.php\/wp-json\/wp\/v2\/product"}],"about":[{"href":"https:\/\/roveyayinevi.com.tr\/index.php\/wp-json\/wp\/v2\/types\/product"}],"wp:attachment":[{"href":"https:\/\/roveyayinevi.com.tr\/index.php\/wp-json\/wp\/v2\/media?parent=690612"}],"wp:term":[{"taxonomy":"product_brand","embeddable":true,"href":"https:\/\/roveyayinevi.com.tr\/index.php\/wp-json\/wp\/v2\/product_brand?post=690612"},{"taxonomy":"product_cat","embeddable":true,"href":"https:\/\/roveyayinevi.com.tr\/index.php\/wp-json\/wp\/v2\/product_cat?post=690612"},{"taxonomy":"product_tag","embeddable":true,"href":"https:\/\/roveyayinevi.com.tr\/index.php\/wp-json\/wp\/v2\/product_tag?post=690612"}],"curies":[{"name":"wp","href":"https:\/\/api.w.org\/{rel}","templated":true}]}}