{"id":690611,"date":"2025-08-27T13:52:20","date_gmt":"2025-08-27T10:52:20","guid":{"rendered":"https:\/\/roveyayinevi.com.tr\/index.php\/urun\/tuncay-terzihanesi\/"},"modified":"2026-04-16T02:00:16","modified_gmt":"2026-04-15T23:00:16","slug":"tuncay-terzihanesi","status":"publish","type":"product","link":"https:\/\/roveyayinevi.com.tr\/index.php\/urun\/tuncay-terzihanesi\/","title":{"rendered":"Tuncay Terzihanesi"},"content":{"rendered":"<p>(&#8230;) Trabzon\u2019un en \u00fcnl\u00fc terzilerindendi Tuncay Bey&#8230; D\u00fckk\u00e2n\u0131n\u0131n raflar\u0131 ald\u0131\u011f\u0131 sipari\u015flerin kuma\u015flar\u0131yla doluydu. Gen\u00e7 adam moday\u0131 takip eden, yenilik\u00e7i biri oldu\u011fu i\u00e7in onun dikti\u011fi bir elbiseye sahip olmak isteyenler, araya hat\u0131r\u0131 say\u0131lan insanlar\u0131 koyarlard\u0131: \u015eu bizim kom\u015funun mantosunu bir zahmet s\u0131k\u0131\u015ft\u0131r\u0131ver!.. Kedilerinin pen\u00e7elerinin bal\u0131k koktu\u011fu bu kentte, bir g\u00fcn, on yedi ya\u015f\u0131nda bir gen\u00e7 k\u0131z girer Terzi Tuncay\u2019\u0131n d\u00fckk\u00e2n\u0131ndan i\u00e7eri. Yan\u0131nda annesi, elinde ise bordo renkli bir kuma\u015f vard\u0131r. Kendisine bir ceket dikmesini ister gen\u00e7 terziden. A\u015fk tanr\u0131s\u0131 Eros\u2019un att\u0131\u011f\u0131 ok Tuncay Bey\u2019in kalbini delmeden \u00f6nce, i\u00e7eri giren gen\u00e7 k\u0131z\u0131n g\u00fczelli\u011fi kar\u015f\u0131s\u0131nda, tuttu\u011fu i\u011fne eline batm\u0131\u015ft\u0131r \u00e7oktan! Terzi Tuncay gen\u00e7 k\u0131z\u0131 provaya \u00e7a\u011f\u0131rmaya ba\u015flar. Hem de yalan yere ve ka\u00e7 kere!.. Hatta bir seferinde \u015fu t\u00fcrk\u00fcy\u00fc bile m\u0131r\u0131ldan\u0131r, hafiften: Sen ya\u011fmur ol, ben bulut Ma\u00e7ka\u2019da bulu\u015fal\u0131m \u00d6l\u00e7\u00fc iyice al\u0131nm\u0131\u015ft\u0131r!.. Bordo renkli ceket tamamlan\u0131r sonunda. \u00dc\u00e7 tane d\u00fc\u011fmesi vard\u0131r bordo ceketin&#8230; \u0130\u015fte ben, o ceketin ortanca d\u00fc\u011fmesiyim! (&#8230;) \ufffcTan\u0131t\u0131m Metni<\/p>\n","protected":false},"excerpt":{"rendered":"<p>(&#8230;) Trabzon\u2019un en \u00fcnl\u00fc terzilerindendi Tuncay Bey&#8230; D\u00fckk\u00e2n\u0131n\u0131n raflar\u0131 ald\u0131\u011f\u0131 sipari\u015flerin kuma\u015flar\u0131yla doluydu. Gen\u00e7 adam moday\u0131 takip eden, yenilik\u00e7i biri oldu\u011fu i\u00e7in onun dikti\u011fi bir elbiseye<span class=\"excerpt-hellip\"> [\u2026]<\/span><\/p>\n","protected":false},"featured_media":0,"template":"","meta":{"_monsterinsights_skip_tracking":false,"_monsterinsights_sitenote_active":false,"_monsterinsights_sitenote_note":"","_monsterinsights_sitenote_category":0},"product_brand":[],"product_cat":[12364],"product_tag":[],"class_list":{"0":"post-690611","1":"product","2":"type-product","3":"status-publish","5":"product_cat-genel-konular","6":"pa_cilt-ciltsiz","7":"pa_tur-kitap","8":"pa_yayinevi-is-bankasi-kultur-yayinlari","9":"pa_yazar-sunay-akin","11":"first","12":"instock","13":"sale","14":"shipping-taxable","15":"purchasable","16":"product-type-simple"},"_links":{"self":[{"href":"https:\/\/roveyayinevi.com.tr\/index.php\/wp-json\/wp\/v2\/product\/690611","targetHints":{"allow":["GET"]}}],"collection":[{"href":"https:\/\/roveyayinevi.com.tr\/index.php\/wp-json\/wp\/v2\/product"}],"about":[{"href":"https:\/\/roveyayinevi.com.tr\/index.php\/wp-json\/wp\/v2\/types\/product"}],"wp:attachment":[{"href":"https:\/\/roveyayinevi.com.tr\/index.php\/wp-json\/wp\/v2\/media?parent=690611"}],"wp:term":[{"taxonomy":"product_brand","embeddable":true,"href":"https:\/\/roveyayinevi.com.tr\/index.php\/wp-json\/wp\/v2\/product_brand?post=690611"},{"taxonomy":"product_cat","embeddable":true,"href":"https:\/\/roveyayinevi.com.tr\/index.php\/wp-json\/wp\/v2\/product_cat?post=690611"},{"taxonomy":"product_tag","embeddable":true,"href":"https:\/\/roveyayinevi.com.tr\/index.php\/wp-json\/wp\/v2\/product_tag?post=690611"}],"curies":[{"name":"wp","href":"https:\/\/api.w.org\/{rel}","templated":true}]}}