{"id":690607,"date":"2025-08-27T13:52:20","date_gmt":"2025-08-27T10:52:20","guid":{"rendered":"https:\/\/roveyayinevi.com.tr\/index.php\/urun\/taras-bulba-ve-mirgorod-oykuleri\/"},"modified":"2026-04-16T02:00:16","modified_gmt":"2026-04-15T23:00:16","slug":"taras-bulba-ve-mirgorod-oykuleri","status":"publish","type":"product","link":"https:\/\/roveyayinevi.com.tr\/index.php\/urun\/taras-bulba-ve-mirgorod-oykuleri\/","title":{"rendered":"Taras Bulba ve Mirgorod \u00d6yk\u00fcleri"},"content":{"rendered":"<p>Nikolay Vasilyevi\u00e7 Gogol (1809-1852): Ukrayna\u2019da, orta halli toprak sahibi bir ailede d\u00fcnyaya geldi. \u00c7ocuklu\u011funu etkileyen k\u00f6y ya\u015fam\u0131 ve Kazak gelenekleri eserlerine yans\u0131d\u0131, Ukrayna halk k\u00fclt\u00fcr\u00fcn\u00fcn \u00f6geleriyle i\u015flenmi\u015f \u00f6yk\u00fcler yazd\u0131. Mizah anlay\u0131\u015f\u0131, ger\u00e7ek\u00e7i tutumu ve canl\u0131 anlat\u0131m\u0131yla Rus edebiyat\u0131nda \u00f6nemli bir yenili\u011fin \u00f6nc\u00fcs\u00fc oldu. \u00d6l\u00fc Canlar adl\u0131 roman\u0131 feodal toprak m\u00fclkiyeti ve serfli\u011fi ele alan bir ba\u015fyap\u0131tt\u0131r. B\u00fcy\u00fck bir komedi olan M\u00fcfetti\u015f adl\u0131 oyununda yozla\u015fm\u0131\u015f b\u00fcrokratlar\u0131 ac\u0131mas\u0131zca alaya alm\u0131\u015ft\u0131r. Dikanka Yak\u0131nlar\u0131nda Bir \u00c7iftlikte Ak\u015fam Toplant\u0131lar\u0131, Petersburg \u00d6yk\u00fcleri ve Mirgorod \u00d6yk\u00fcleri\u2019nde mizah\u0131n yan\u0131 s\u0131ra, ya\u015fam kar\u015f\u0131s\u0131nda karamsarl\u0131k ve d\u00fcnyan\u0131n k\u00f6t\u00fcl\u00fc\u011f\u00fc \u00fczerine d\u00fc\u015f\u00fcncelerini ortaya koydu. <\/p>\n","protected":false},"excerpt":{"rendered":"<p>Nikolay Vasilyevi\u00e7 Gogol (1809-1852): Ukrayna\u2019da, orta halli toprak sahibi bir ailede d\u00fcnyaya geldi. \u00c7ocuklu\u011funu etkileyen k\u00f6y ya\u015fam\u0131 ve Kazak gelenekleri eserlerine yans\u0131d\u0131, Ukrayna halk k\u00fclt\u00fcr\u00fcn\u00fcn \u00f6geleriyle<span class=\"excerpt-hellip\"> [\u2026]<\/span><\/p>\n","protected":false},"featured_media":0,"template":"","meta":{"_monsterinsights_skip_tracking":false,"_monsterinsights_sitenote_active":false,"_monsterinsights_sitenote_note":"","_monsterinsights_sitenote_category":0},"product_brand":[],"product_cat":[12291,13570],"product_tag":[],"class_list":{"0":"post-690607","1":"product","2":"type-product","3":"status-publish","5":"product_cat-edebiyat","6":"product_cat-rus-edebiyati","7":"pa_cilt-ciltsiz","8":"pa_tur-kitap","9":"pa_yayinevi-is-bankasi-kultur-yayinlari","10":"pa_yazar-nikolay-vasilyevic-gogol","12":"first","13":"instock","14":"sale","15":"shipping-taxable","16":"purchasable","17":"product-type-simple"},"_links":{"self":[{"href":"https:\/\/roveyayinevi.com.tr\/index.php\/wp-json\/wp\/v2\/product\/690607","targetHints":{"allow":["GET"]}}],"collection":[{"href":"https:\/\/roveyayinevi.com.tr\/index.php\/wp-json\/wp\/v2\/product"}],"about":[{"href":"https:\/\/roveyayinevi.com.tr\/index.php\/wp-json\/wp\/v2\/types\/product"}],"wp:attachment":[{"href":"https:\/\/roveyayinevi.com.tr\/index.php\/wp-json\/wp\/v2\/media?parent=690607"}],"wp:term":[{"taxonomy":"product_brand","embeddable":true,"href":"https:\/\/roveyayinevi.com.tr\/index.php\/wp-json\/wp\/v2\/product_brand?post=690607"},{"taxonomy":"product_cat","embeddable":true,"href":"https:\/\/roveyayinevi.com.tr\/index.php\/wp-json\/wp\/v2\/product_cat?post=690607"},{"taxonomy":"product_tag","embeddable":true,"href":"https:\/\/roveyayinevi.com.tr\/index.php\/wp-json\/wp\/v2\/product_tag?post=690607"}],"curies":[{"name":"wp","href":"https:\/\/api.w.org\/{rel}","templated":true}]}}