{"id":690606,"date":"2025-08-27T13:52:19","date_gmt":"2025-08-27T10:52:19","guid":{"rendered":"https:\/\/roveyayinevi.com.tr\/index.php\/urun\/tanzimat\/"},"modified":"2026-04-16T02:00:16","modified_gmt":"2026-04-15T23:00:16","slug":"tanzimat","status":"publish","type":"product","link":"https:\/\/roveyayinevi.com.tr\/index.php\/urun\/tanzimat\/","title":{"rendered":"Tanzimat"},"content":{"rendered":"<p>Tanzimat Ferman\u0131, Osmanl\u0131 ve T\u00fcrk modernle\u015fmesinin en \u00f6nemli tarihsel d\u00f6neme\u00e7lerinden biridir. Bu ferman, anayasal tarihimizin ba\u015flang\u0131c\u0131 olarak kabul edilir. Ayr\u0131ca modern hukuk devletinin kurulu\u015fu ve buna ba\u011fl\u0131 olarak yeni idari yap\u0131lar\u0131n do\u011fu\u015funun temelleri de Tanzimat d\u00f6nemine uzan\u0131r. Toplumsal ve zihinsel de\u011fi\u015fim a\u00e7\u0131lar\u0131ndan da bu d\u00f6nemin ta\u015f\u0131d\u0131\u011f\u0131 \u00f6nem yads\u0131namaz. \u0130\u015fte t\u00fcm bunlardan dolay\u0131 da Tanzimat d\u00f6nemi, \u00fczerinde s\u00fcrekli d\u00fc\u015f\u00fcn\u00fclmesi ve tekrar tekrar yorumlanarak de\u011ferlendirilmesi gereken tarihsel bir evredir. Bu eser, bu yorumlama ve de\u011ferlendirme s\u00fcrecine bir katk\u0131 olarak, \u00e7a\u011f\u0131m\u0131z\u0131n tarih\u00e7i ve sosyal bilimcilerinin \u00e7al\u0131\u015fmalar\u0131ndan derlendi. Hem T\u00fcrkiye\u2019den hem d\u00fcnyadan \u00fc\u00e7 ku\u015faktan 32 akademisyenin 36 makalesi, Tanzimat\u2019\u0131 farkl\u0131 bak\u0131mlardan ele al\u0131rken, bu s\u00fcre\u00e7teki \u00fc\u00e7 temel belge de \u00e7evriyaz\u0131 olarak eserin giri\u015finde yer al\u0131yor: Sened-i \u0130ttifak, Tanzimat Ferman\u0131 ve Islahat Ferman\u0131. Halil \u0130nalc\u0131k (1916) \u0130stanbul&#8217;da do\u011fdu. Ankara \u00dcniversitesi DTCF&#8217;nin ilk \u00f6\u011frencilerinden oldu. Yak\u0131n\u00e7a\u011f B\u00f6l\u00fcm\u00fc&#8217;nde Tazminat ve Bulgar Meselesi teziyle doktoras\u0131n\u0131 ald\u0131, 1952&#8217;de profes\u00f6r oldu. 1972&#8217;de Chicago \u00dcniversitesi Tarih B\u00f6l\u00fcm\u00fc&#8217;nde g\u00f6reve ba\u015flad\u0131. 1992&#8217;de Bilkent \u00dcniversetisi&#8217;ne Tarih B\u00f6l\u00fcm\u00fc&#8217;n\u00fc kurmak \u00fczere davet olundu. Ba\u015fta Harvard olmak \u00fczere Amerikan \u00fcniversitelerinde Osmanl\u0131 tarihi seminerleri d\u00fczenledi. 1973&#8217;te yay\u0131nlanan The Ottoman Empire &#8211; The Classical Age (1300-1600) (Osmanl\u0131 \u0130mparatorlu\u011fu &#8211; Klasik \u00c7a\u011f) kitab\u0131 t\u00fcm Balkan dillerine, Arap\u00e7a ve Ukrayna diline \u00e7evrilerek klasik bir Osmanl\u0131 tarihi kayna\u011f\u0131 olarak kabul edildi. \u0130nalc\u0131k&#8217;\u0131n \u00e7al\u0131\u015fmalar\u0131n\u0131 s\u00fcrd\u00fcrd\u00fc\u011f\u00fc ve ar\u015fivini ba\u011f\u0131\u015flad\u0131\u011f\u0131 Bilkent \u00dcniversitesi&#8217;nde, Halil \u0130nalc\u0131k Center for Ottoman Studies (H\u0130COS; Halil \u0130nalc\u0131k Osmanl\u0131 ara\u015ft\u0131rmalar\u0131 merkezi) 2008&#8217;de a\u00e7\u0131lm\u0131\u015ft\u0131r. Mehmet Seyitdanl\u0131o\u011flu (1957) Ankara&#8217;da do\u011fdu. Ankara \u00dcniversitesi, DTCF, Yak\u0131n\u00e7a Tarihi K\u00fcrs\u00fcs\u00fc&#8217;ndeki lisans ve y\u00fcksek lisans\u0131n\u0131 tamamlad\u0131. Hacettepe \u00dcniversitesi&#8217;nde Tazminat D\u00f6neminde Meclis-i Vala-y\u0131 Ahkam-\u0131 Adliye teziyle 1992&#8217;de doktor oldu. Tanzimat d\u00f6nemi meclisleri, demokrasi tarihi ve siyasi tarih \u00fczerine kitaplar makaleler yazd\u0131. 1996&#8217;da Tanzimat Devri&#8217;nde Meclis-i Vala kitab\u0131yla Toplumsal ve Ekonomik Tarih Ara\u015ft\u0131rmalar\u0131 Vakf\u0131&#8217;n\u0131n Afet \u0130nan Tarih Ara\u015ft\u0131rmalar\u0131 \u00f6d\u00fcl\u00fcn\u00fc kazand\u0131. 2010&#8217;da profes\u00f6r oldu. Hacettepe \u00dcniversitesi&#8217;nde \u00f6\u011fretim \u00fcyesidir. <\/p>\n","protected":false},"excerpt":{"rendered":"<p>Tanzimat Ferman\u0131, Osmanl\u0131 ve T\u00fcrk modernle\u015fmesinin en \u00f6nemli tarihsel d\u00f6neme\u00e7lerinden biridir. Bu ferman, anayasal tarihimizin ba\u015flang\u0131c\u0131 olarak kabul edilir. Ayr\u0131ca modern hukuk devletinin kurulu\u015fu ve buna<span class=\"excerpt-hellip\"> [\u2026]<\/span><\/p>\n","protected":false},"featured_media":0,"template":"","meta":{"_monsterinsights_skip_tracking":false,"_monsterinsights_sitenote_active":false,"_monsterinsights_sitenote_note":"","_monsterinsights_sitenote_category":0},"product_brand":[],"product_cat":[13517,12304],"product_tag":[],"class_list":{"0":"post-690606","1":"product","2":"type-product","3":"status-publish","5":"product_cat-osmanli-tarihi","6":"product_cat-tarih","7":"pa_cilt-ciltsiz","8":"pa_tur-kitap","9":"pa_yayinevi-is-bankasi-kultur-yayinlari","10":"pa_yazar-halil-inalcik","12":"first","13":"instock","14":"sale","15":"shipping-taxable","16":"purchasable","17":"product-type-simple"},"_links":{"self":[{"href":"https:\/\/roveyayinevi.com.tr\/index.php\/wp-json\/wp\/v2\/product\/690606","targetHints":{"allow":["GET"]}}],"collection":[{"href":"https:\/\/roveyayinevi.com.tr\/index.php\/wp-json\/wp\/v2\/product"}],"about":[{"href":"https:\/\/roveyayinevi.com.tr\/index.php\/wp-json\/wp\/v2\/types\/product"}],"wp:attachment":[{"href":"https:\/\/roveyayinevi.com.tr\/index.php\/wp-json\/wp\/v2\/media?parent=690606"}],"wp:term":[{"taxonomy":"product_brand","embeddable":true,"href":"https:\/\/roveyayinevi.com.tr\/index.php\/wp-json\/wp\/v2\/product_brand?post=690606"},{"taxonomy":"product_cat","embeddable":true,"href":"https:\/\/roveyayinevi.com.tr\/index.php\/wp-json\/wp\/v2\/product_cat?post=690606"},{"taxonomy":"product_tag","embeddable":true,"href":"https:\/\/roveyayinevi.com.tr\/index.php\/wp-json\/wp\/v2\/product_tag?post=690606"}],"curies":[{"name":"wp","href":"https:\/\/api.w.org\/{rel}","templated":true}]}}