{"id":690604,"date":"2025-08-27T13:52:19","date_gmt":"2025-08-27T10:52:19","guid":{"rendered":"https:\/\/roveyayinevi.com.tr\/index.php\/urun\/toprak-arabacik\/"},"modified":"2026-04-16T02:00:15","modified_gmt":"2026-04-15T23:00:15","slug":"toprak-arabacik","status":"publish","type":"product","link":"https:\/\/roveyayinevi.com.tr\/index.php\/urun\/toprak-arabacik\/","title":{"rendered":"Toprak Arabac\u0131k"},"content":{"rendered":"<p>\u015eudraka\u2019n\u0131n 4. y\u00fczy\u0131lda yazd\u0131\u011f\u0131 kabul edilen ve elinizdeki tek eseri Toprak Arabac\u0131k\u2019la yaln\u0131z Hint Edebiyat\u0131\u2019n\u0131n de\u011fil D\u00fcnya Edebiyat\u0131\u2019n\u0131n da Shakespeare ve Hugo\u2019yla kar\u015f\u0131la\u015ft\u0131r\u0131lacak denli se\u00e7kin bir yazar\u0131d\u0131r. A\u015fk, polisiye ve iktidar m\u00fccadelesini ustal\u0131kla harmanlayan eser, toplumsal duru\u015fuyla da de\u011ferlerin alt\u00fcst olu\u015funa g\u00fc\u00e7l\u00fc bir direni\u015ftir. <\/p>\n","protected":false},"excerpt":{"rendered":"<p>\u015eudraka\u2019n\u0131n 4. y\u00fczy\u0131lda yazd\u0131\u011f\u0131 kabul edilen ve elinizdeki tek eseri Toprak Arabac\u0131k\u2019la yaln\u0131z Hint Edebiyat\u0131\u2019n\u0131n de\u011fil D\u00fcnya Edebiyat\u0131\u2019n\u0131n da Shakespeare ve Hugo\u2019yla kar\u015f\u0131la\u015ft\u0131r\u0131lacak denli se\u00e7kin bir<span class=\"excerpt-hellip\"> [\u2026]<\/span><\/p>\n","protected":false},"featured_media":0,"template":"","meta":{"_monsterinsights_skip_tracking":false,"_monsterinsights_sitenote_active":false,"_monsterinsights_sitenote_note":"","_monsterinsights_sitenote_category":0},"product_brand":[],"product_cat":[12312,12304],"product_tag":[],"class_list":{"0":"post-690604","1":"product","2":"type-product","3":"status-publish","5":"product_cat-diger","6":"product_cat-tarih","7":"pa_cilt-ciltsiz","8":"pa_tur-kitap","9":"pa_yayinevi-is-bankasi-kultur-yayinlari","10":"pa_yazar-sudraka","12":"first","13":"instock","14":"sale","15":"shipping-taxable","16":"purchasable","17":"product-type-simple"},"_links":{"self":[{"href":"https:\/\/roveyayinevi.com.tr\/index.php\/wp-json\/wp\/v2\/product\/690604","targetHints":{"allow":["GET"]}}],"collection":[{"href":"https:\/\/roveyayinevi.com.tr\/index.php\/wp-json\/wp\/v2\/product"}],"about":[{"href":"https:\/\/roveyayinevi.com.tr\/index.php\/wp-json\/wp\/v2\/types\/product"}],"wp:attachment":[{"href":"https:\/\/roveyayinevi.com.tr\/index.php\/wp-json\/wp\/v2\/media?parent=690604"}],"wp:term":[{"taxonomy":"product_brand","embeddable":true,"href":"https:\/\/roveyayinevi.com.tr\/index.php\/wp-json\/wp\/v2\/product_brand?post=690604"},{"taxonomy":"product_cat","embeddable":true,"href":"https:\/\/roveyayinevi.com.tr\/index.php\/wp-json\/wp\/v2\/product_cat?post=690604"},{"taxonomy":"product_tag","embeddable":true,"href":"https:\/\/roveyayinevi.com.tr\/index.php\/wp-json\/wp\/v2\/product_tag?post=690604"}],"curies":[{"name":"wp","href":"https:\/\/api.w.org\/{rel}","templated":true}]}}