{"id":690596,"date":"2025-08-27T13:52:18","date_gmt":"2025-08-27T10:52:18","guid":{"rendered":"https:\/\/roveyayinevi.com.tr\/index.php\/urun\/beyaz-zenciler\/"},"modified":"2026-04-16T02:00:15","modified_gmt":"2026-04-15T23:00:15","slug":"beyaz-zenciler","status":"publish","type":"product","link":"https:\/\/roveyayinevi.com.tr\/index.php\/urun\/beyaz-zenciler\/","title":{"rendered":"Beyaz Zenciler"},"content":{"rendered":"<p>Beyaz Zenciler uyku tulumlar\u0131, s\u0131rt \u00e7antalar\u0131 ve bira kasalar\u0131yla \u00c7ingene hayat\u0131 ya\u015fayan dumanc\u0131lar, beyazc\u0131lar, asit\u00e7ilerdir&#8230; Beyaz Zenciler \u015fairdir, \u00e7\u0131lg\u0131nd\u0131r, d\u00fc\u015f kurmay\u0131 ve k\u00fcfretmeyi severler: Onlar\u0131 en iyi polisler tan\u0131r!.. Beyaz Zenciler, mahkum edildi\u011fimiz rezil, yoz televizyon dizilerine benzeyen hayatlardan; e\u011fitim, kariyer, ba\u015far\u0131 ve benzeri c\u00fcce d\u00fc\u015f\u00fcncelerden nefret ederler&#8230; Beyaz Zenciler sevgi edebiyat\u0131 yapmazlar, severler: B\u00fct\u00fcn enerjilerini kendilerini garantiye almak i\u00e7in harcayanlar\u0131n hi\u00e7bir zaman anlayamayaca\u011f\u0131 kadar \u00e7ok severler&#8230; Beyaz Zenciler ger\u00e7ekten d\u00fczen kar\u015f\u0131t\u0131 d\u0131rlar, t\u00fcm ideallere ve ideolojilere kar\u015f\u0131 ihanet i\u00e7indedirler. Onlar toplum d\u0131\u015f\u0131na at\u0131lmam\u0131\u015flard\u0131r, orada, imkans\u0131z\u0131n k\u0131y\u0131s\u0131nda \u00f6fkeli ve e\u011fri bir hayat ya\u015famay\u0131 se\u00e7mi\u015flerdir&#8230; Beyaz Zenciler co\u015fku dolu, hem derin bir h\u00fczn\u00fc, hem de g\u00fc\u00e7l\u00fc bir ya\u015fama sevincini duyumsatabilen, \u00e7ok renkli bir roman: \u00f6l\u00fcm\u00fcn k\u0131y\u0131s\u0131na da \u2018Bilemedi\u011fimiz ne \u00e7ok \u015fey var \u015fu d\u00fcnyada, i\u015f ki ayd\u0131nl\u0131k gelece\u011fe hazr\u0131l\u0131kl\u0131 bulunal\u0131m\u2019 s\u00f6zlerini s\u00f6yleten ruh haline de i\u00e7tenlikle yakla\u015f\u0131yor yazar. (&#8230;) T\u00fcrkiye\u2019deki gibi \u2018uslu\u2019 toplumlar, do\u011fal olarak k\u0131y\u0131da ya\u015faman\u0131n da ky\u0131s\u0131ndan ge\u00e7iyorlar. Bat\u0131\u2019da geli\u015fen alt k\u00fclt\u00fcrler de buralara pek u\u011framad\u0131; asl\u0131nda, burada, \u00fcst k\u00fclt\u00fcr\u00fcn kendisini de alt k\u00fclt\u00fcrlerin toplam \u00e7arp\u0131kl\u0131\u011f\u0131 belirledi\u011finden, k\u0131y\u0131da do\u011fup geli\u015fen k\u00fclt\u00fcrlerden s\u00f6z etmek \u00e7ok zor. &#8211; Murat Aykul, G\u00fcne\u015f Ambj\u00f6rnsen \u2018\u0131n kitab\u0131 hem yeralt\u0131na giden yolu ve oradaki ya\u015fam bi\u00e7imini birinci elden anlat\u0131r ve pek bilinmeyen bir d\u00fcnyan\u0131n kap\u0131s\u0131n\u0131 aralar, hem de yer\u00fcst\u00fcn\u00fcn, temelinde karbon ka\u011f\u0131d\u0131yla olu\u015fturulmu\u015f \u2018ser\u00fcvenini\u2019 g\u00f6zler \u00f6n\u00fcne serer. &#8211; Serhat \u00d6zt\u00fcrk, Nokta Beyaz Zenciler, en s\u0131radan tarifle d\u00fczen kar\u015f\u0131t\u0131 bir roman. Ancak her yerde duyulan t\u00fcrden de\u011fil. Beyaz zenciler, ger\u00e7ek birer d\u00fczen kar\u015f\u0131t\u0131! B\u00fct\u00fcn ideal ve ideolojilere kar\u015f\u0131 g\u00fcvensizlikten \u00f6te nefret var. \ufffcTan\u0131t\u0131m Metni<\/p>\n","protected":false},"excerpt":{"rendered":"<p>Beyaz Zenciler uyku tulumlar\u0131, s\u0131rt \u00e7antalar\u0131 ve bira kasalar\u0131yla \u00c7ingene hayat\u0131 ya\u015fayan dumanc\u0131lar, beyazc\u0131lar, asit\u00e7ilerdir&#8230; Beyaz Zenciler \u015fairdir, \u00e7\u0131lg\u0131nd\u0131r, d\u00fc\u015f kurmay\u0131 ve k\u00fcfretmeyi severler: Onlar\u0131 en<span class=\"excerpt-hellip\"> [\u2026]<\/span><\/p>\n","protected":false},"featured_media":0,"template":"","meta":{"_monsterinsights_skip_tracking":false,"_monsterinsights_sitenote_active":false,"_monsterinsights_sitenote_note":"","_monsterinsights_sitenote_category":0},"product_brand":[],"product_cat":[13661,12291],"product_tag":[],"class_list":{"0":"post-690596","1":"product","2":"type-product","3":"status-publish","5":"product_cat-diger-ulke-edebiyatlari","6":"product_cat-edebiyat","7":"pa_cilt-ciltsiz","8":"pa_tur-kitap","9":"pa_yayinevi-ayrinti-yayinlari","10":"pa_yazar-ingvar-ambjornsen","12":"first","13":"instock","14":"sale","15":"shipping-taxable","16":"purchasable","17":"product-type-simple"},"_links":{"self":[{"href":"https:\/\/roveyayinevi.com.tr\/index.php\/wp-json\/wp\/v2\/product\/690596","targetHints":{"allow":["GET"]}}],"collection":[{"href":"https:\/\/roveyayinevi.com.tr\/index.php\/wp-json\/wp\/v2\/product"}],"about":[{"href":"https:\/\/roveyayinevi.com.tr\/index.php\/wp-json\/wp\/v2\/types\/product"}],"wp:attachment":[{"href":"https:\/\/roveyayinevi.com.tr\/index.php\/wp-json\/wp\/v2\/media?parent=690596"}],"wp:term":[{"taxonomy":"product_brand","embeddable":true,"href":"https:\/\/roveyayinevi.com.tr\/index.php\/wp-json\/wp\/v2\/product_brand?post=690596"},{"taxonomy":"product_cat","embeddable":true,"href":"https:\/\/roveyayinevi.com.tr\/index.php\/wp-json\/wp\/v2\/product_cat?post=690596"},{"taxonomy":"product_tag","embeddable":true,"href":"https:\/\/roveyayinevi.com.tr\/index.php\/wp-json\/wp\/v2\/product_tag?post=690596"}],"curies":[{"name":"wp","href":"https:\/\/api.w.org\/{rel}","templated":true}]}}