{"id":690595,"date":"2025-08-27T13:52:17","date_gmt":"2025-08-27T10:52:17","guid":{"rendered":"https:\/\/roveyayinevi.com.tr\/index.php\/urun\/beraber\/"},"modified":"2026-04-16T02:00:15","modified_gmt":"2026-04-15T23:00:15","slug":"beraber","status":"publish","type":"product","link":"https:\/\/roveyayinevi.com.tr\/index.php\/urun\/beraber\/","title":{"rendered":"Beraber"},"content":{"rendered":"<p>Bir \u00fc\u00e7leme olarak tasarlanan kitaplardan ilki olan Zanaatk\u00e2r\u2019dan sonra, ikinci kitap Beraber\u2019de Richard Sennett g\u00fcn\u00fcm\u00fcz\u00fcn son derece kabileci, yar\u0131\u015fmac\u0131 ve benmerkezci d\u00fcnyas\u0131nda i\u015fbirli\u011fi yapmay\u0131, ortakla\u015fmay\u0131 nas\u0131l \u00f6\u011frenebilece\u011fimizi sorguluyor. Irksal, etnik, dinsel ya da ekonomik olarak \u00e7ok farkl\u0131 insanlarla bir arada ya\u015famak bug\u00fcnk\u00fc medeni toplumlar\u0131n kar\u015f\u0131s\u0131na dikilen en \u00f6nemli sorunlardan biridir. Genel olarak bizim gibi olmayan insanlarla ili\u015fkiye girmekten ka\u00e7ar\u0131z ve modern politikalar bir kent politikas\u0131ndan \u00e7ok bir kabile politikas\u0131na yak\u0131nd\u0131r. Richard Sennett, g\u00f6r\u00fcnenin \u00f6tesini d\u00fc\u015f\u00fcnmeye k\u0131\u015fk\u0131rtan bu kitab\u0131nda, kabilecili\u011fin, bencilli\u011fin nedenleri \u00fczerinde dururken, bu konuda neler yap\u0131lmas\u0131 gerekti\u011fini de tart\u0131\u015f\u0131yor. Sennett\u2019e g\u00f6re, i\u015fbirli\u011fi bir beceri i\u015fidir ve ba\u015far\u0131l\u0131 bir i\u015fbirli\u011finin temelinde \u00e7eki\u015fmeden \u00e7ok dinlemeyi ve tart\u0131\u015fmay\u0131 \u00f6\u011frenmek yatar. Sennett, Beraber\u2019de, insanlar\u0131n sokak k\u00f6\u015felerinde, okullarda, i\u015fyerlerinde ve yerel politikada ya da sanal d\u00fcnyada nas\u0131l i\u015fbirli\u011fi yapabilece\u011fini ke\u015ffe \u00e7\u0131k\u0131yor. Bu yolculukta, orta\u00e7a\u011fdan g\u00fcn\u00fcm\u00fcze, k\u00f6le topluluklar\u0131ndan Paris\u2019in sosyalist gruplar\u0131na ve Wall Street \u00e7al\u0131\u015fanlar\u0131na uzanan i\u015fbirli\u011fi rit\u00fcellerinin geli\u015fim seyrini izliyoruz. \u00dc\u00e7 b\u00f6l\u00fcm halinde, i\u015fbirli\u011finin do\u011fas\u0131, neden zay\u0131flad\u0131\u011f\u0131 ve nas\u0131l g\u00fc\u00e7lendirilebilece\u011fini tart\u0131\u015fan Sennett bizi \u015f\u00f6yle uyar\u0131yor: E\u011fer karma\u015f\u0131k ili\u015fkiler a\u011f\u0131 h\u00e2line gelmi\u015f toplumlar\u0131m\u0131z\u0131n refah\u0131n\u0131 istiyorsak, i\u015fbirli\u011fi yapma, ortak \u00e7al\u0131\u015fma becerisi kazanmam\u0131z ve geli\u015ftirmemiz gerekir. Yine bizi \u015f\u00f6yle temin ediyor: Bunu yapabiliriz \u00e7\u00fcnk\u00fc i\u015fbirli\u011fi kapasitesi insan\u0131n do\u011fas\u0131nda vard\u0131r.<\/p>\n","protected":false},"excerpt":{"rendered":"<p>Bir \u00fc\u00e7leme olarak tasarlanan kitaplardan ilki olan Zanaatk\u00e2r\u2019dan sonra, ikinci kitap Beraber\u2019de Richard Sennett g\u00fcn\u00fcm\u00fcz\u00fcn son derece kabileci, yar\u0131\u015fmac\u0131 ve benmerkezci d\u00fcnyas\u0131nda i\u015fbirli\u011fi yapmay\u0131, ortakla\u015fmay\u0131 nas\u0131l<span class=\"excerpt-hellip\"> [\u2026]<\/span><\/p>\n","protected":false},"featured_media":0,"template":"","meta":{"_monsterinsights_skip_tracking":false,"_monsterinsights_sitenote_active":false,"_monsterinsights_sitenote_note":"","_monsterinsights_sitenote_category":0},"product_brand":[],"product_cat":[12835,12324],"product_tag":[],"class_list":{"0":"post-690595","1":"product","2":"type-product","3":"status-publish","5":"product_cat-genel-sosyoloji","6":"product_cat-sosyoloji","7":"pa_cilt-ciltsiz","8":"pa_tur-kitap","9":"pa_yayinevi-ayrinti-yayinlari","10":"pa_yazar-richard-sennett","12":"first","13":"instock","14":"sale","15":"shipping-taxable","16":"purchasable","17":"product-type-simple"},"_links":{"self":[{"href":"https:\/\/roveyayinevi.com.tr\/index.php\/wp-json\/wp\/v2\/product\/690595","targetHints":{"allow":["GET"]}}],"collection":[{"href":"https:\/\/roveyayinevi.com.tr\/index.php\/wp-json\/wp\/v2\/product"}],"about":[{"href":"https:\/\/roveyayinevi.com.tr\/index.php\/wp-json\/wp\/v2\/types\/product"}],"wp:attachment":[{"href":"https:\/\/roveyayinevi.com.tr\/index.php\/wp-json\/wp\/v2\/media?parent=690595"}],"wp:term":[{"taxonomy":"product_brand","embeddable":true,"href":"https:\/\/roveyayinevi.com.tr\/index.php\/wp-json\/wp\/v2\/product_brand?post=690595"},{"taxonomy":"product_cat","embeddable":true,"href":"https:\/\/roveyayinevi.com.tr\/index.php\/wp-json\/wp\/v2\/product_cat?post=690595"},{"taxonomy":"product_tag","embeddable":true,"href":"https:\/\/roveyayinevi.com.tr\/index.php\/wp-json\/wp\/v2\/product_tag?post=690595"}],"curies":[{"name":"wp","href":"https:\/\/api.w.org\/{rel}","templated":true}]}}