{"id":690594,"date":"2025-08-27T13:52:17","date_gmt":"2025-08-27T10:52:17","guid":{"rendered":"https:\/\/roveyayinevi.com.tr\/index.php\/urun\/benjaminia-dil-tarih-ve-cografya\/"},"modified":"2026-04-16T02:00:15","modified_gmt":"2026-04-15T23:00:15","slug":"benjaminia-dil-tarih-ve-cografya","status":"publish","type":"product","link":"https:\/\/roveyayinevi.com.tr\/index.php\/urun\/benjaminia-dil-tarih-ve-cografya\/","title":{"rendered":"Benjaminia: Dil, Tarih ve Co\u011frafya"},"content":{"rendered":"<p>O\u2019nda koleksiyoncu, nesneleri kullan\u0131l\u0131rl\u0131klar\u0131ndan \u00f6zg\u00fcrle\u015ftirmeye \u00e7al\u0131\u015f\u0131r. Onlar\u0131  i\u015fe yaramaz  k\u0131lmaya gayret eder. Asl\u0131nda bu modernli\u011fe y\u00f6nelik bir isyand\u0131r. D\u00fczeni bozar. Sistemi i\u015flemez hale getirir. O\u2019nun koleksiyoncusunun nesnelerle kurdu\u011fu ili\u015fki, asl\u0131nda t\u00fcm Frankfurt Okulu\u2019nun birey ile toplum aras\u0131nda kurmaya \u00e7al\u0131\u015ft\u0131\u011f\u0131 ili\u015fkinin modelidir. \u00d6zneyi, toplumsal kullan\u0131l\u0131rl\u0131ktan \u00f6zg\u00fcrle\u015ftirmek. \u00d6zneyi toplumsal\u0131n normlar\u0131ndan, belirlenimlerinden m\u00fcmk\u00fcn oldu\u011funca kurtarmak. \u00d6znenin kullan\u0131m de\u011ferine sald\u0131r\u0131r Frankfurt Okulu. T\u0131pk\u0131 koleksiyoncunun nesnenin kullan\u0131m de\u011ferine sald\u0131rmas\u0131 gibi. Koleksiyoncu nesneye aura\u2019s\u0131n\u0131 iade etmeye \u00e7al\u0131\u015f\u0131r, Frankfurt Okulu da \u00f6zneye. Okulu k\u00f6t\u00fcmserlikle su\u00e7layagelenlerin anlayamad\u0131klar\u0131 tam da bu noktad\u0131r asl\u0131nda. Frankfurt Okulu k\u00f6t\u00fcmser falan de\u011fildir. Onlar modern toplumun k\u00f6t\u00fc bir toplum oldu\u011funu, hatta gelmi\u015f ge\u00e7mi\u015f en k\u00f6t\u00fc toplum oldu\u011funu s\u00f6yler. Kuram k\u00f6t\u00fcmser de\u011fil, kuram\u0131n nesnesi k\u00f6t\u00fcd\u00fcr. \u00d6rne\u011fin yap\u0131salc\u0131l\u0131kla en b\u00fcy\u00fck farklar\u0131 da buradad\u0131r. Adorno i\u015fin ad\u0131n\u0131 koymu\u015ftur zaten Gramsci\u2019nin bir s\u00f6z\u00fcnden yola \u00e7\u0131karak: Akl\u0131n k\u00f6t\u00fcmserli\u011fi, iradenin iyimserli\u011fi. <\/p>\n","protected":false},"excerpt":{"rendered":"<p>O\u2019nda koleksiyoncu, nesneleri kullan\u0131l\u0131rl\u0131klar\u0131ndan \u00f6zg\u00fcrle\u015ftirmeye \u00e7al\u0131\u015f\u0131r. Onlar\u0131 i\u015fe yaramaz k\u0131lmaya gayret eder. Asl\u0131nda bu modernli\u011fe y\u00f6nelik bir isyand\u0131r. D\u00fczeni bozar. Sistemi i\u015flemez hale getirir. O\u2019nun koleksiyoncusunun<span class=\"excerpt-hellip\"> [\u2026]<\/span><\/p>\n","protected":false},"featured_media":0,"template":"","meta":{"_monsterinsights_skip_tracking":false,"_monsterinsights_sitenote_active":false,"_monsterinsights_sitenote_note":"","_monsterinsights_sitenote_category":0},"product_brand":[],"product_cat":[13590,12337],"product_tag":[],"class_list":{"0":"post-690594","1":"product","2":"type-product","3":"status-publish","5":"product_cat-arastirma-inceleme-politika-siyaset","6":"product_cat-politika-siyaset","7":"pa_cilt-ciltsiz","8":"pa_tur-kitap","9":"pa_yayinevi-ayrinti-yayinlari","10":"pa_yazar-besim-f-dellaloglu","12":"first","13":"instock","14":"sale","15":"shipping-taxable","16":"purchasable","17":"product-type-simple"},"_links":{"self":[{"href":"https:\/\/roveyayinevi.com.tr\/index.php\/wp-json\/wp\/v2\/product\/690594","targetHints":{"allow":["GET"]}}],"collection":[{"href":"https:\/\/roveyayinevi.com.tr\/index.php\/wp-json\/wp\/v2\/product"}],"about":[{"href":"https:\/\/roveyayinevi.com.tr\/index.php\/wp-json\/wp\/v2\/types\/product"}],"wp:attachment":[{"href":"https:\/\/roveyayinevi.com.tr\/index.php\/wp-json\/wp\/v2\/media?parent=690594"}],"wp:term":[{"taxonomy":"product_brand","embeddable":true,"href":"https:\/\/roveyayinevi.com.tr\/index.php\/wp-json\/wp\/v2\/product_brand?post=690594"},{"taxonomy":"product_cat","embeddable":true,"href":"https:\/\/roveyayinevi.com.tr\/index.php\/wp-json\/wp\/v2\/product_cat?post=690594"},{"taxonomy":"product_tag","embeddable":true,"href":"https:\/\/roveyayinevi.com.tr\/index.php\/wp-json\/wp\/v2\/product_tag?post=690594"}],"curies":[{"name":"wp","href":"https:\/\/api.w.org\/{rel}","templated":true}]}}