{"id":690590,"date":"2025-08-27T13:52:16","date_gmt":"2025-08-27T10:52:16","guid":{"rendered":"https:\/\/roveyayinevi.com.tr\/index.php\/urun\/19-yuzyilda-bir-aile-cinayeti\/"},"modified":"2026-04-16T02:00:15","modified_gmt":"2026-04-15T23:00:15","slug":"19-yuzyilda-bir-aile-cinayeti","status":"publish","type":"product","link":"https:\/\/roveyayinevi.com.tr\/index.php\/urun\/19-yuzyilda-bir-aile-cinayeti\/","title":{"rendered":"19. Y\u00fczy\u0131lda Bir Aile Cinayeti"},"content":{"rendered":"<p>Annemi, k\u0131z karde\u015fimi, erkek karde\u015fimi katleden ben, Pierre Rivi\u00e9re XIX. y\u00fczy\u0131lda Normandiya\u2019n\u0131n Calvados eyaletine ba\u011fl\u0131 k\u00fc\u00e7\u00fck bir k\u00f6yde ya\u015fayan 20 ya\u015f\u0131ndaki Pierre Riviere, \u00e7ocuklu\u011fundan beri garip davran\u0131\u015flar\u0131yla tan\u0131nmaktad\u0131r. \u0130nsanlardan, bilhassa kad\u0131nlardan ka\u00e7makta, karamsar ve dengesiz ki\u015filik \u00f6zellikleri sergilemektedir. Oldum olas\u0131 kafas\u0131n\u0131 me\u015fgul eden y\u00fccelik fikirleri, ailesinden ya\u015fanan sorunlarla birle\u015fince onu ad\u0131m ad\u0131m korkun\u00e7 sona yakla\u015ft\u0131r\u0131r. Babas\u0131n\u0131 mutsuzluklar\u0131ndan kurtarmak gibi, ulvi oldu\u011funu d\u00fc\u015f\u00fcnd\u00fc\u011f\u00fc bir misyon \u00fcstlenerek, annesini ve iki karde\u015fini \u00f6ld\u00fcr\u00fcr. Hapishanede kaleme ald\u0131\u011f\u0131 hat\u0131rat\u0131, hem kendi \u00f6znel durumunu hem de o d\u00f6nem Fransa\u2019n\u0131n genel profilini yans\u0131tmas\u0131 a\u00e7\u0131s\u0131ndan \u00e7ok ilgin\u00e7tir. O d\u00f6nemde Fransa, Cumhuriyet\u00e7iler ve kralc\u0131lar\u0131n iktidar m\u00fccadelesiyle \u00e7alkalanmata, gizli dernekler mantar gibi bitmektedir. Kral Louis-Philippe\u2019e suikast d\u00fczenleyen Fieschi\u2019nin davas\u0131 ile Riviere\u2019in davas\u0131 a\u015fa\u011f\u0131 yukar\u0131 ayn\u0131 zamana denk d\u00fc\u015fer. Kral t\u00fcm tebaan\u0131n babas\u0131 olarak d\u00fc\u015f\u00fcn\u00fcld\u00fc\u011f\u00fcnden, ebeveyn katliyle kral katli aras\u0131ndaki ge\u00e7i\u015flilik, iki dava s\u00fcrecinin birbirinden etkilenmesine yol a\u00e7m\u0131\u015ft\u0131r. Ak\u0131l hastas\u0131 m\u0131, yoksa bir canavar m\u0131 oldu\u011fu konusunda bir t\u00fcrl\u00fc ortak karara varamayan t\u0131p uzmanlar\u0131 ve adalet mekanizmas\u0131 b\u00fcy\u00fck bir bocalama i\u00e7indedir. T\u0131p bilimi hem kendi aras\u0131nda b\u00f6l\u00fcnm\u00fc\u015f hem de adalet mekanizmas\u0131yla uyu\u015fmazl\u0131k ya\u015fanmaktad\u0131r. K\u0131sacas\u0131, ortada bir yetki sorunu vard\u0131r. Kim neye, ne kadar karar verebilecektir? Riviere ve hat\u0131rat\u0131, Riviere vakas\u0131, yarg\u0131\u00e7lar ve doktorlar i\u00e7in tam bir bilmece olup \u00e7\u0131km\u0131\u015ft\u0131r. Michel Foucault ve arkada\u015flar\u0131, psikiyatri ve su\u00e7a y\u00f6nelik adalet aras\u0131ndaki ili\u015fkilerin tarihi \u00fczerine bir \u00e7al\u0131\u015fma yapma amac\u0131yla yola \u00e7\u0131kt\u0131klar\u0131nda Riviere olay\u0131yla kar\u015f\u0131la\u015f\u0131r, hat\u0131rat ve dava dosyas\u0131 kar\u015f\u0131s\u0131nda derinden etkilenirler. Foucault\u2019nun zay\u0131flar\u0131n ve kaybedenlerin, ak\u0131l hastalar\u0131n\u0131n ve sapk\u0131nlar\u0131n hayatlar\u0131n\u0131 anlamaya do\u011fru \u00e7\u0131kt\u0131\u011f\u0131 d\u00fc\u015f\u00fcnsel yolculu\u011funun en \u00f6nemli u\u011fraklar\u0131ndan biri olur Bir Aile Cinayeti. Bir aile cinayetini konu almas\u0131 bile tek ba\u015f\u0131na eseri ilgin\u00e7 ve okunmaya de\u011fer k\u0131lmaktad\u0131r. Ama bu tek boyutu i\u00e7inde de\u011ferlendirmek, eseri az\u0131msamak olacakt\u0131r. E\u011fitimsiz, dini ve milli fikirlerle b\u00fcy\u00fclenmi\u015f, ak\u0131l sa\u011fl\u0131\u011f\u0131 tart\u0131\u015fmal\u0131 bir k\u00f6yl\u00fcn\u00fcn kar\u015f\u0131s\u0131nda, t\u0131p bilimiyle, psikiyatrisiyle, adalet mekanizmas\u0131yla t\u00fcm bir toplum yer almaktad\u0131r. S\u00f6m\u00fcrgeci, yay\u0131lmac\u0131 siyaset nezdinde vatan u\u011fruna cinayetlerin normal, me\u015fru say\u0131ld\u0131\u011f\u0131 toplumda, ailesinin fertlerini katleden bir k\u00f6yl\u00fc nereye oturtulmal\u0131d\u0131r? \u0130\u015fte Foucault ve arkada\u015flar\u0131 buradan yola \u00e7\u0131karak, su\u00e7 ve ceza, ak\u0131\u015f sa\u011fl\u0131\u011f\u0131 ve delilik kavramlar\u0131n\u0131 sorgulamakta, ikiy\u00fczl\u00fc toplumun normallik normlar\u0131n\u0131 tart\u0131\u015fmaya a\u00e7maktad\u0131rlar. G\u00fc\u00e7, hakimiyet ve \u00e7at\u0131\u015fk\u0131 ili\u015fkileri \u00fczerine bir kez daha d\u00fc\u015f\u00fcnmemizi sa\u011flayan bu sars\u0131c\u0131 metin, \u015fiddetin her t\u00fcr\u00fcne s\u0131k s\u0131k tan\u0131k olan bebekleri katil yapan ya\u015fad\u0131\u011f\u0131m\u0131z topraklar\u0131 da anlamam\u0131za y\u00f6nelik \u00e7ok \u00f6nemli bir katk\u0131. \ufffc<\/p>\n","protected":false},"excerpt":{"rendered":"<p>Annemi, k\u0131z karde\u015fimi, erkek karde\u015fimi katleden ben, Pierre Rivi\u00e9re XIX. y\u00fczy\u0131lda Normandiya\u2019n\u0131n Calvados eyaletine ba\u011fl\u0131 k\u00fc\u00e7\u00fck bir k\u00f6yde ya\u015fayan 20 ya\u015f\u0131ndaki Pierre Riviere, \u00e7ocuklu\u011fundan beri garip<span class=\"excerpt-hellip\"> [\u2026]<\/span><\/p>\n","protected":false},"featured_media":0,"template":"","meta":{"_monsterinsights_skip_tracking":false,"_monsterinsights_sitenote_active":false,"_monsterinsights_sitenote_note":"","_monsterinsights_sitenote_category":0},"product_brand":[],"product_cat":[13701,12291],"product_tag":[],"class_list":{"0":"post-690590","1":"product","2":"type-product","3":"status-publish","5":"product_cat-ani-mektup-gunluk","6":"product_cat-edebiyat","7":"pa_cilt-ciltsiz","8":"pa_tur-kitap","9":"pa_yayinevi-ayrinti-yayinlari","10":"pa_yazar-michel-foucault","12":"first","13":"instock","14":"sale","15":"shipping-taxable","16":"purchasable","17":"product-type-simple"},"_links":{"self":[{"href":"https:\/\/roveyayinevi.com.tr\/index.php\/wp-json\/wp\/v2\/product\/690590","targetHints":{"allow":["GET"]}}],"collection":[{"href":"https:\/\/roveyayinevi.com.tr\/index.php\/wp-json\/wp\/v2\/product"}],"about":[{"href":"https:\/\/roveyayinevi.com.tr\/index.php\/wp-json\/wp\/v2\/types\/product"}],"wp:attachment":[{"href":"https:\/\/roveyayinevi.com.tr\/index.php\/wp-json\/wp\/v2\/media?parent=690590"}],"wp:term":[{"taxonomy":"product_brand","embeddable":true,"href":"https:\/\/roveyayinevi.com.tr\/index.php\/wp-json\/wp\/v2\/product_brand?post=690590"},{"taxonomy":"product_cat","embeddable":true,"href":"https:\/\/roveyayinevi.com.tr\/index.php\/wp-json\/wp\/v2\/product_cat?post=690590"},{"taxonomy":"product_tag","embeddable":true,"href":"https:\/\/roveyayinevi.com.tr\/index.php\/wp-json\/wp\/v2\/product_tag?post=690590"}],"curies":[{"name":"wp","href":"https:\/\/api.w.org\/{rel}","templated":true}]}}