{"id":690587,"date":"2025-08-27T13:52:16","date_gmt":"2025-08-27T10:52:16","guid":{"rendered":"https:\/\/roveyayinevi.com.tr\/index.php\/urun\/yaratici-dehanin-sirlari\/"},"modified":"2026-04-16T02:00:15","modified_gmt":"2026-04-15T23:00:15","slug":"yaratici-dehanin-sirlari","status":"publish","type":"product","link":"https:\/\/roveyayinevi.com.tr\/index.php\/urun\/yaratici-dehanin-sirlari\/","title":{"rendered":"Yarat\u0131c\u0131 Dehan\u0131n S\u0131rlar\u0131"},"content":{"rendered":"<p>Nato ve ABD Ordusu \u0130stihbarat Uzmanlar\u0131 \u0130le Akademisyenleri Taraf\u0131ndan Ba\u015fvuru Kayna\u011f\u0131 Olarak Kullan\u0131lan Kitap. Yarat\u0131c\u0131l\u0131k tam olarak nedir? Neden baz\u0131 insanlar di\u011ferlerine g\u00f6re daha yarat\u0131c\u0131d\u0131r? S\u0131rlar\u0131 \u00f6\u011frenilebilir mi? Bir \u00e7\u0131\u011f\u0131r a\u00e7an bu kitapta d\u00fcnyaca \u00fcnl\u00fc bir yarat\u0131c\u0131l\u0131k uzman\u0131 olan Michael Michalko t\u00fcm bu sorulara ve daha fazlas\u0131na yan\u0131t vererek g\u00fcnl\u00fck hayat\u0131n\u0131zda kolayca uygulayabilece\u011finiz teknikleri tan\u0131t\u0131yor. Michalko okuyuculara yarat\u0131c\u0131 insanlar\u0131n nas\u0131l d\u00fc\u015f\u00fcnd\u00fcklerini anlatmak ve s\u0131rlar\u0131n\u0131 a\u00e7\u0131klamak i\u00e7in Leonardo da Vinci\u2019den Charles Darwin\u2019e, Thomas Edison\u2019dan Walt Disney\u2019e kadar tarihteki en b\u00fcy\u00fck y\u00fcz d\u00fc\u015f\u00fcn\u00fcr\u00fc mercek alt\u0131na al\u0131yor. Entrepreneur dergisinin bu kitab\u0131 i\u015f d\u00fcnyas\u0131nda mutlaka okunmas\u0131 gereken kitaplar aras\u0131nda g\u00f6stermesi bir rastlant\u0131 de\u011fildir. Yarat\u0131c\u0131l\u0131\u011f\u0131 uyand\u0131rmak i\u00e7in pratik egzersizler ve stratejiler sunan bu \u00f6zg\u00fcn kitap d\u00fc\u015f\u00fcnme tarz\u0131n\u0131zda bir d\u00f6n\u00fcm noktas\u0131 yaratmay\u0131 ve g\u00fcnl\u00fck hayatta kar\u015f\u0131n\u0131za \u00e7\u0131kan zorluklar\u0131 yenmede yenilik\u00e7i \u00e7\u00f6z\u00fcmler \u00fcretmenize yard\u0131mc\u0131 olmay\u0131 hedefliyor. Art\u0131k siz de ba\u015fka hi\u00e7 kimsenin g\u00f6rmedi\u011fi gibi g\u00f6rebilir, d\u00fc\u015f\u00fcnmedi\u011fi gibi d\u00fc\u015f\u00fcnebilirsiniz. \ufffcTan\u0131t\u0131m Metni<\/p>\n","protected":false},"excerpt":{"rendered":"<p>Nato ve ABD Ordusu \u0130stihbarat Uzmanlar\u0131 \u0130le Akademisyenleri Taraf\u0131ndan Ba\u015fvuru Kayna\u011f\u0131 Olarak Kullan\u0131lan Kitap. Yarat\u0131c\u0131l\u0131k tam olarak nedir? Neden baz\u0131 insanlar di\u011ferlerine g\u00f6re daha yarat\u0131c\u0131d\u0131r? S\u0131rlar\u0131<span class=\"excerpt-hellip\"> [\u2026]<\/span><\/p>\n","protected":false},"featured_media":0,"template":"","meta":{"_monsterinsights_skip_tracking":false,"_monsterinsights_sitenote_active":false,"_monsterinsights_sitenote_note":"","_monsterinsights_sitenote_category":0},"product_brand":[],"product_cat":[12364,12376],"product_tag":[],"class_list":{"0":"post-690587","1":"product","2":"type-product","3":"status-publish","5":"product_cat-genel-konular","6":"product_cat-kisisel-gelisim","7":"pa_tur-kitap","8":"pa_yayinevi-koridor-yayincilik","9":"pa_yazar-michael-michalko","11":"first","12":"instock","13":"sale","14":"shipping-taxable","15":"purchasable","16":"product-type-simple"},"_links":{"self":[{"href":"https:\/\/roveyayinevi.com.tr\/index.php\/wp-json\/wp\/v2\/product\/690587","targetHints":{"allow":["GET"]}}],"collection":[{"href":"https:\/\/roveyayinevi.com.tr\/index.php\/wp-json\/wp\/v2\/product"}],"about":[{"href":"https:\/\/roveyayinevi.com.tr\/index.php\/wp-json\/wp\/v2\/types\/product"}],"wp:attachment":[{"href":"https:\/\/roveyayinevi.com.tr\/index.php\/wp-json\/wp\/v2\/media?parent=690587"}],"wp:term":[{"taxonomy":"product_brand","embeddable":true,"href":"https:\/\/roveyayinevi.com.tr\/index.php\/wp-json\/wp\/v2\/product_brand?post=690587"},{"taxonomy":"product_cat","embeddable":true,"href":"https:\/\/roveyayinevi.com.tr\/index.php\/wp-json\/wp\/v2\/product_cat?post=690587"},{"taxonomy":"product_tag","embeddable":true,"href":"https:\/\/roveyayinevi.com.tr\/index.php\/wp-json\/wp\/v2\/product_tag?post=690587"}],"curies":[{"name":"wp","href":"https:\/\/api.w.org\/{rel}","templated":true}]}}